{"id":1083780,"date":"2026-02-13T13:35:02","date_gmt":"2026-02-13T12:35:02","guid":{"rendered":"https:\/\/www.claret.cat\/llibre\/levangeli-de-mateu-edicio-comentada-9788491657347\/"},"modified":"2026-02-27T13:58:07","modified_gmt":"2026-02-27T12:58:07","slug":"levangeli-de-mateu-edicio-comentada-9788491657347","status":"publish","type":"product","link":"https:\/\/www.claret.cat\/es\/libro\/levangeli-de-mateu-edicio-comentada-9788491657347\/","title":{"rendered":"L\u2019EVANGELI DE MATEU. EDICI\u00d3 COMENTADA"},"content":{"rendered":"<p><strong>L\u2019Evangeli de Mateu<\/strong> \u00e9s el primer dels vint-i-set llibres que formen el Nou <strong>Testament<\/strong>. El text dels quatre evangelis recull els relats sobre la <strong>vida, paraules i fets de Jesucrist<\/strong>, transmesos oralment pels seus seguidors, fins que passats uns anys van esdevenir escriptura.<\/p>\n<p> <strong>L\u2019Evangeli \u00e9s la Bona Not\u00edcia<\/strong> absoluta perqu\u00e8 ve directament de D\u00e9u, <strong>Creador de l\u2019univers<\/strong>. Aqu\u00ed se\u2019ns dona a con\u00e8ixer una hist\u00f2ria que salva perqu\u00e8 omple de sentit les nostres exist\u00e8ncies. D\u00e9u ha volgut que conegu\u00e9ssim Crist, <strong>el seu Fill, que ha nascut de Maria<\/strong>. La vida de Jes\u00fas i el seu missatge se situa en un temps concret de la hist\u00f2ria: <strong>Jes\u00fas va morir clavat en una creu a Jerusalem<\/strong>, l\u2019any 30 de la nostra era, perqu\u00e8 el seu missatge no va agradar als poderosos d\u2019aquell moment (ni de cap altre temps). Uns homes van fer morir Jes\u00fas, per\u00f2 D\u00e9u el va ressuscitar d\u2019entre els morts. Com el <strong>Ressuscitat<\/strong>, Jes\u00fas \u00e9s present en la vida de les comunitats de seguidors de Jes\u00fas de Natzaret. Som els qui formem l\u2019<strong>Esgl\u00e9sia<\/strong>.<\/p>\n<p><strong>Aquesta edici\u00f3 incorpora breus notes i molt accessibles<\/strong>, destacades en requadres de colors, que ajudaran a compendre millor cada passatge del text: qui s\u00f3n els personatges que hi apareixen, qu\u00e8 significaven les paraules o expressions concretes en el seu temps, o quina relaci\u00f3 tenen amb <strong>altres textos de la B\u00edblia<\/strong>. <\/p>\n<p>&nbsp;<\/p>\n","protected":false},"excerpt":{"rendered":"<p>VARIOS AUTORES <\/p>\n","protected":false},"featured_media":1086904,"template":"","meta":{"_acf_changed":false,"om_disable_all_campaigns":false,"rs_blank_template":"","rs_page_bg_color":"","slide_template_v7":"","inline_featured_image":false,"_monsterinsights_skip_tracking":false,"_monsterinsights_sitenote_active":false,"_monsterinsights_sitenote_note":"","_monsterinsights_sitenote_category":0},"product_brand":[],"product_cat":[464,203],"product_tag":[],"class_list":{"0":"post-1083780","1":"product","2":"type-product","3":"status-publish","4":"has-post-thumbnail","6":"product_cat-sinopticos","7":"product_cat-sinoptics","9":"first","10":"instock","11":"taxable","12":"shipping-taxable","13":"purchasable","14":"product-type-simple"},"acf":{"autor":"VARIOS AUTORES ","codart":"849165734","libros-coleccion":"","ediciones":"1","encuadernacion":"R\u00fastica","fecha_de_publicacion":"12\/02\/2026","novedad":"1","paginas":"84","subtitulo":"","orden":"0","portada":"1","idioma":"cat","booktrailer":"","resenas":"","editorial":[{"ID":6172,"post_author":"3","post_date":"2022-07-28 17:46:27","post_date_gmt":"2022-07-28 15:46:27","post_content":"","post_title":"CPL","post_excerpt":"","post_status":"publish","comment_status":"closed","ping_status":"closed","post_password":"","post_name":"cpl","to_ping":"","pinged":"","post_modified":"2022-07-28 17:46:27","post_modified_gmt":"2022-07-28 15:46:27","post_content_filtered":"","post_parent":0,"guid":"http:\/\/dev.claret.cat\/editorial\/cpl\/","menu_order":0,"post_type":"editorial","post_mime_type":"","comment_count":"0","filter":"raw"}]},"aioseo_notices":[],"_links":{"self":[{"href":"https:\/\/www.claret.cat\/es\/wp-json\/wp\/v2\/product\/1083780","targetHints":{"allow":["GET"]}}],"collection":[{"href":"https:\/\/www.claret.cat\/es\/wp-json\/wp\/v2\/product"}],"about":[{"href":"https:\/\/www.claret.cat\/es\/wp-json\/wp\/v2\/types\/product"}],"wp:featuredmedia":[{"embeddable":true,"href":"https:\/\/www.claret.cat\/es\/wp-json\/wp\/v2\/media\/1086904"}],"wp:attachment":[{"href":"https:\/\/www.claret.cat\/es\/wp-json\/wp\/v2\/media?parent=1083780"}],"wp:term":[{"taxonomy":"product_brand","embeddable":true,"href":"https:\/\/www.claret.cat\/es\/wp-json\/wp\/v2\/product_brand?post=1083780"},{"taxonomy":"product_cat","embeddable":true,"href":"https:\/\/www.claret.cat\/es\/wp-json\/wp\/v2\/product_cat?post=1083780"},{"taxonomy":"product_tag","embeddable":true,"href":"https:\/\/www.claret.cat\/es\/wp-json\/wp\/v2\/product_tag?post=1083780"}],"curies":[{"name":"wp","href":"https:\/\/api.w.org\/{rel}","templated":true}]}}