{"id":1083829,"date":"2026-02-13T18:25:26","date_gmt":"2026-02-13T17:25:26","guid":{"rendered":"https:\/\/www.claret.cat\/llibre\/clau-dels-exercicis-del-catala-complet1-9788489812123\/"},"modified":"2026-02-13T18:25:31","modified_gmt":"2026-02-13T17:25:31","slug":"clau-dels-exercicis-del-catala-complet1-9788489812123","status":"publish","type":"product","link":"https:\/\/www.claret.cat\/es\/libro\/clau-dels-exercicis-del-catala-complet1-9788489812123\/","title":{"rendered":"CLAU DELS EXERCICIS DEL CATALA COMPLET\/1"},"content":{"rendered":"","protected":false},"excerpt":{"rendered":"<p>RUAIX I VINYET, JOSEP<\/p>\n","protected":false},"featured_media":0,"template":"","meta":{"_acf_changed":false,"om_disable_all_campaigns":false,"rs_blank_template":"","rs_page_bg_color":"","slide_template_v7":"","inline_featured_image":false,"_monsterinsights_skip_tracking":false,"_monsterinsights_sitenote_active":false,"_monsterinsights_sitenote_note":"","_monsterinsights_sitenote_category":0},"product_brand":[],"product_cat":[90,540],"product_tag":[],"class_list":{"0":"post-1083829","1":"product","2":"type-product","3":"status-publish","5":"product_cat-altres","6":"product_cat-otros","8":"first","9":"instock","10":"taxable","11":"shipping-taxable","12":"purchasable","13":"product-type-simple"},"acf":{"autor":"RUAIX I VINYET, JOSEP","codart":"848981212","libros-coleccion":"FORA DE COL.LECCI\u00d3","ediciones":"1","encuadernacion":"[EditValue is null]","fecha_de_publicacion":"01\/11\/1997","novedad":"0","paginas":"0","subtitulo":"","orden":"999","portada":"0","idioma":"spa","booktrailer":"","resenas":"","editorial":[{"ID":348868,"post_author":"3","post_date":"2023-01-14 05:03:54","post_date_gmt":"2023-01-14 04:03:54","post_content":"","post_title":"JOSEP RUAIX I VINYET","post_excerpt":"","post_status":"publish","comment_status":"closed","ping_status":"closed","post_password":"","post_name":"josep-ruaix-i-vinyet","to_ping":"","pinged":"","post_modified":"2023-01-14 05:03:54","post_modified_gmt":"2023-01-14 04:03:54","post_content_filtered":"","post_parent":0,"guid":"https:\/\/www.claret.cat\/editorial\/josep-ruaix-i-vinyet\/","menu_order":0,"post_type":"editorial","post_mime_type":"","comment_count":"0","filter":"raw"}],"autores-libros":[{"ID":8368,"post_author":"3","post_date":"2022-09-30 09:48:03","post_date_gmt":"2022-09-30 07:48:03","post_content":"Eclesi\u00e0stic, gram\u00e0tic i escriptor. Estudi\u00e0\u00a0la carrera eclesi\u00e0stica i la de magisteri al\u00a0Seminari de Vic i a la Facultat de Teologia de Catalunya; es llicenci\u00e0 en humanitats al Pontifici Institut Superior de\u00a0Llatinitat en 1969 i en filologia cl\u00e0ssica a\u00a0la Universitat de Barcelona en 1979. Ordenat de prevere en 1966, ha exercit el ministeri sacerdotal en diverses parr\u00f2quies de Roma i del bisbat de Vic. Ha exercit\u00a0com a docent en nombrosos centres i ha publicat una\u00a0seixantena de t\u00edtols d\u2019obres sobre gram\u00e0tica.","post_title":"JOSEP RUAIX I VINYET","post_excerpt":"","post_status":"publish","comment_status":"closed","ping_status":"closed","post_password":"","post_name":"josep-ruaix-i-vinyet","to_ping":"","pinged":"","post_modified":"2023-06-14 12:30:22","post_modified_gmt":"2023-06-14 10:30:22","post_content_filtered":"","post_parent":0,"guid":"http:\/\/dev.claret.cat\/autor\/josep-ruaix-i-vinyet\/","menu_order":0,"post_type":"autor","post_mime_type":"","comment_count":"0","filter":"raw"}]},"aioseo_notices":[],"_links":{"self":[{"href":"https:\/\/www.claret.cat\/es\/wp-json\/wp\/v2\/product\/1083829","targetHints":{"allow":["GET"]}}],"collection":[{"href":"https:\/\/www.claret.cat\/es\/wp-json\/wp\/v2\/product"}],"about":[{"href":"https:\/\/www.claret.cat\/es\/wp-json\/wp\/v2\/types\/product"}],"wp:attachment":[{"href":"https:\/\/www.claret.cat\/es\/wp-json\/wp\/v2\/media?parent=1083829"}],"wp:term":[{"taxonomy":"product_brand","embeddable":true,"href":"https:\/\/www.claret.cat\/es\/wp-json\/wp\/v2\/product_brand?post=1083829"},{"taxonomy":"product_cat","embeddable":true,"href":"https:\/\/www.claret.cat\/es\/wp-json\/wp\/v2\/product_cat?post=1083829"},{"taxonomy":"product_tag","embeddable":true,"href":"https:\/\/www.claret.cat\/es\/wp-json\/wp\/v2\/product_tag?post=1083829"}],"curies":[{"name":"wp","href":"https:\/\/api.w.org\/{rel}","templated":true}]}}