{"id":1083935,"date":"2026-02-16T12:40:02","date_gmt":"2026-02-16T11:40:02","guid":{"rendered":"https:\/\/www.claret.cat\/llibre\/lermita-9788491914020\/"},"modified":"2026-03-28T11:10:12","modified_gmt":"2026-03-28T10:10:12","slug":"lermita-9788491914020","status":"publish","type":"product","link":"https:\/\/www.claret.cat\/es\/libro\/lermita-9788491914020\/","title":{"rendered":"L&#8217;ERMIT\u00c0"},"content":{"rendered":"<p><span>Esteve Humet transmet el llegat de saviesa i de viv\u00e8ncia que reb\u00e9 de l\u2019ermit\u00e0 i monjo de Montserrat, Estanislau M. Llopart. Cada un dels temes apuntats en aquest text vol ser la concreci\u00f3 escrita d\u2019aquest llegat, tal com ell el va viure. Reflecteix la profunda petja que l\u2019ermit\u00e0, va deixar en els qui tingueren la fortuna de con\u00e8ixer-lo.<\/span><\/p>\n","protected":false},"excerpt":{"rendered":"<p>HUMET, ESTEVE<\/p>\n","protected":false},"featured_media":1083950,"template":"","meta":{"_acf_changed":false,"om_disable_all_campaigns":false,"rs_blank_template":"","rs_page_bg_color":"","slide_template_v7":"","inline_featured_image":false,"_monsterinsights_skip_tracking":false,"_monsterinsights_sitenote_active":false,"_monsterinsights_sitenote_note":"","_monsterinsights_sitenote_category":0},"product_brand":[],"product_cat":[485,232,542,92],"product_tag":[],"class_list":{"0":"post-1083935","1":"product","2":"type-product","3":"status-publish","4":"has-post-thumbnail","6":"product_cat-autores-espiritualidad-1_espiritualidad","7":"product_cat-autors-espiritualitat","8":"product_cat-vida-religiosa-1_espiritualidad-spa","9":"product_cat-vida-religiosa","11":"first","12":"instock","13":"taxable","14":"shipping-taxable","15":"purchasable","16":"product-type-simple"},"acf":{"autor":"HUMET, ESTEVE","codart":"849191402","libros-coleccion":"GRA DE BLAT","ediciones":"1","encuadernacion":"R\u00fastica","fecha_de_publicacion":"16\/02\/2026","novedad":"1","paginas":"144","subtitulo":"VIV\u00c8NCIES I RECORDS PROP D'ESTANISLAU M. LLOPART","orden":"0","portada":"1","idioma":"cat","booktrailer":"","resenas":"","editorial":[{"ID":8266,"post_author":"3","post_date":"2022-09-30 09:21:36","post_date_gmt":"2022-09-30 07:21:36","post_content":"","post_title":"PUBLICACIONS DE L'ABADIA DE MONTSERRAT","post_excerpt":"","post_status":"publish","comment_status":"closed","ping_status":"closed","post_password":"","post_name":"publicacions-de-labadia-de-montserrat-5","to_ping":"","pinged":"","post_modified":"2022-09-30 09:21:36","post_modified_gmt":"2022-09-30 07:21:36","post_content_filtered":"","post_parent":0,"guid":"http:\/\/dev.claret.cat\/editorial\/publicacions-de-labadia-de-montserrat-5\/","menu_order":0,"post_type":"editorial","post_mime_type":"","comment_count":"0","filter":"raw"}]},"aioseo_notices":[],"_links":{"self":[{"href":"https:\/\/www.claret.cat\/es\/wp-json\/wp\/v2\/product\/1083935","targetHints":{"allow":["GET"]}}],"collection":[{"href":"https:\/\/www.claret.cat\/es\/wp-json\/wp\/v2\/product"}],"about":[{"href":"https:\/\/www.claret.cat\/es\/wp-json\/wp\/v2\/types\/product"}],"wp:featuredmedia":[{"embeddable":true,"href":"https:\/\/www.claret.cat\/es\/wp-json\/wp\/v2\/media\/1083950"}],"wp:attachment":[{"href":"https:\/\/www.claret.cat\/es\/wp-json\/wp\/v2\/media?parent=1083935"}],"wp:term":[{"taxonomy":"product_brand","embeddable":true,"href":"https:\/\/www.claret.cat\/es\/wp-json\/wp\/v2\/product_brand?post=1083935"},{"taxonomy":"product_cat","embeddable":true,"href":"https:\/\/www.claret.cat\/es\/wp-json\/wp\/v2\/product_cat?post=1083935"},{"taxonomy":"product_tag","embeddable":true,"href":"https:\/\/www.claret.cat\/es\/wp-json\/wp\/v2\/product_tag?post=1083935"}],"curies":[{"name":"wp","href":"https:\/\/api.w.org\/{rel}","templated":true}]}}