{"id":1083952,"date":"2026-02-16T12:46:07","date_gmt":"2026-02-16T11:46:07","guid":{"rendered":"https:\/\/www.claret.cat\/llibre\/objetos-perdidos-9791387640071\/"},"modified":"2026-04-24T10:30:51","modified_gmt":"2026-04-24T08:30:51","slug":"objetos-perdidos-9791387640071","status":"publish","type":"product","link":"https:\/\/www.claret.cat\/es\/libro\/objetos-perdidos-9791387640071\/","title":{"rendered":"OBJETOS PERDIDOS"},"content":{"rendered":"<p>Todos estamos a dos pasos de desaparecer y ser el objeto perdido de alguien \u00abEn la literatura de Carlos Zan\u00f3n brillan la inteligencia y la desesperanza.\u00bb Mariana Enr\u00edquez Todos estamos a dos pasos de desaparecer. \u00c1lex Gual ya los ha dado. Vive en un hotel llamado Excalibur, es abogado y se le da tan bien encontrar personas como perder cosas. Naufraga entre los restos de su relaci\u00f3n con Lola K., una pintora en horas bajas, aunque lo que de verdad lo mantiene en pie es su v\u00ednculo con Se\u00f1or Paco, el hombre que se maneja entre lo m\u00e1s turbio de la ciudad desde su local, el Donna Summer. Cuando la muerte de un jugador de rugby australiano y la desaparici\u00f3n de otro brit\u00e1nico, Andy Cox, desatan la atenci\u00f3n medi\u00e1tica, Se\u00f1or Paco huele el negocio y usa a \u00c1lex para vender pruebas al mejor postor. Pero mientras intenta desvanecerse entre los objetos perdidos de la ciudad, \u00c1lex se ve arrastrado a la b\u00fasqueda de Cox, a una atracci\u00f3n inesperada por In\u00e9s, la camarera del Donna Summer, y a la dolorosa posibilidad de perder \u00e9l cosas para volver a ser alguien. En Objetos perdidos, Carlos Zan\u00f3n se adentra en los rincones m\u00e1s oscuros de Barcelona con una historia que combina sensibilidad y crudeza, llena de suspense, por la que transitan personajes complejos y extraviados, v\u00edctimas de sus decisiones y de un entorno implacable. Con su prosa directa y precisa, Zan\u00f3n convierte la ciudad en un personaje m\u00e1s, impregnando cada p\u00e1gina de una melancol\u00eda urbana que permanece mucho despu\u00e9s de cerrar el libro.Sobre el autorhan dicho: \u00abUrbana, melanc\u00f3lica y rockera: en la literatura de Carlos Zan\u00f3n brillan la inteligencia y la desesperanza. La novela negra actual tiene en \u00e9l a uno de sus maestros, sin estridencias pero con el poder de quien sabe lo que hace.\u00bb<br \/>Mariana Enr\u00edquez<\/p>\n<p>\u00abCarlos Zan\u00f3n erige un monumento literario sobre la figura del hombre acabado, capaz de fracasar en todos los \u00e1mbitos, y para el que siemprehabr\u00e1 un camino a la salvaci\u00f3n, porque en el fondo, como dec\u00eda Hemingway, un ser humano puede ser destruido, pero no derrotado.\u00bb<br \/>Juan Tall\u00f3n<\/p>\n<p>\u00abZan\u00f3n escribe sin piedad, con una lucidez desarmante, pero tambi\u00e9n con la ternura de quien sabe detenerse a mirar lo fr\u00e1gil. Objetos perdidos lo confirma como uno de los grandes narradores de nuestro tiempo.\u00bb<br \/>Laura Ferrero<\/p>\n","protected":false},"excerpt":{"rendered":"<p>CARLOS ZAN\u00d3N<\/p>\n","protected":false},"featured_media":1084139,"template":"","meta":{"_acf_changed":false,"om_disable_all_campaigns":false,"rs_blank_template":"","rs_page_bg_color":"","slide_template_v7":"","inline_featured_image":false,"_monsterinsights_skip_tracking":false,"_monsterinsights_sitenote_active":false,"_monsterinsights_sitenote_note":"","_monsterinsights_sitenote_category":0},"product_brand":[],"product_cat":[127,357],"product_tag":[],"class_list":{"0":"post-1083952","1":"product","2":"type-product","3":"status-publish","4":"has-post-thumbnail","6":"product_cat-novella-contemporania","7":"product_cat-novela-contemporanea","9":"first","10":"instock","11":"taxable","12":"shipping-taxable","13":"purchasable","14":"product-type-simple"},"acf":{"autor":"CARLOS ZAN\u00d3N","codart":"138764007","libros-coleccion":"FORA DE COL.LECCI\u00d3","ediciones":"1","encuadernacion":"R\u00fastica","fecha_de_publicacion":"01\/02\/2026","novedad":"1","paginas":"269","subtitulo":"","orden":"0","portada":"0","idioma":"spa","booktrailer":"","resenas":"","editorial":[{"ID":6352,"post_author":"3","post_date":"2022-07-28 17:50:21","post_date_gmt":"2022-07-28 15:50:21","post_content":"","post_title":"SALAMANDRA","post_excerpt":"","post_status":"publish","comment_status":"closed","ping_status":"closed","post_password":"","post_name":"salamandra","to_ping":"","pinged":"","post_modified":"2022-07-28 17:50:21","post_modified_gmt":"2022-07-28 15:50:21","post_content_filtered":"","post_parent":0,"guid":"http:\/\/dev.claret.cat\/editorial\/salamandra\/","menu_order":0,"post_type":"editorial","post_mime_type":"","comment_count":"0","filter":"raw"}]},"aioseo_notices":[],"_links":{"self":[{"href":"https:\/\/www.claret.cat\/es\/wp-json\/wp\/v2\/product\/1083952","targetHints":{"allow":["GET"]}}],"collection":[{"href":"https:\/\/www.claret.cat\/es\/wp-json\/wp\/v2\/product"}],"about":[{"href":"https:\/\/www.claret.cat\/es\/wp-json\/wp\/v2\/types\/product"}],"wp:featuredmedia":[{"embeddable":true,"href":"https:\/\/www.claret.cat\/es\/wp-json\/wp\/v2\/media\/1084139"}],"wp:attachment":[{"href":"https:\/\/www.claret.cat\/es\/wp-json\/wp\/v2\/media?parent=1083952"}],"wp:term":[{"taxonomy":"product_brand","embeddable":true,"href":"https:\/\/www.claret.cat\/es\/wp-json\/wp\/v2\/product_brand?post=1083952"},{"taxonomy":"product_cat","embeddable":true,"href":"https:\/\/www.claret.cat\/es\/wp-json\/wp\/v2\/product_cat?post=1083952"},{"taxonomy":"product_tag","embeddable":true,"href":"https:\/\/www.claret.cat\/es\/wp-json\/wp\/v2\/product_tag?post=1083952"}],"curies":[{"name":"wp","href":"https:\/\/api.w.org\/{rel}","templated":true}]}}