{"id":10840,"date":"2022-09-30T19:57:27","date_gmt":"2022-09-30T17:57:27","guid":{"rendered":"http:\/\/dev.claret.cat\/producte\/el-siglo-de-la-revolucion\/"},"modified":"2023-01-28T12:43:44","modified_gmt":"2023-01-28T11:43:44","slug":"el-siglo-de-la-revolucion-9788416771509","status":"publish","type":"product","link":"https:\/\/www.claret.cat\/es\/libro\/el-siglo-de-la-revolucion-9788416771509\/","title":{"rendered":"EL SIGLO DE LA REVOLUCI\u00d3N"},"content":{"rendered":"<p>El periodo que va de 1914 a nuestros d\u00edas ha sido un siglo de luchas de liberaci\u00f3n, de un gran enfrentamiento de clases. La revoluci\u00f3n que se inici\u00f3 en Rusia en 1917 ha marcado el siglo entero. La amenaza de subversi\u00f3n del orden establecido determin\u00f3 la evoluci\u00f3n pol\u00edtica de los dem\u00e1s, empe\u00f1ados en combatirlo y, sobre todo, en impedir que se extendiera por el mundo. La culminaci\u00f3n de esta din\u00e1mica se produjo despu\u00e9s de la segunda guerra mundial, cuando, tras la derrota del fascismo, se organiz\u00f3 por una parte la guerra fr\u00eda, mientras, por otra, los avances sociales del estado de bienestar serv\u00edan como ant\u00eddoto para evitar la penetraci\u00f3n de sus ideas en las sociedades del mundo desarrollado. Fue as\u00ed como se alcanz\u00f3 aquella situaci\u00f3n excepcional de los a\u00f1os que van de 1945 a 1975, cuando en los pa\u00edses desarrollados se registraron las mayores cotas de igualdad hasta entonces conocidas.A lo largo de los a\u00f1os setenta, sin embargo, al tiempo que se hund\u00eda el poder sovi\u00e9tico y que el comunismo dejaba de ser una amenaza interna, esa trayectoria cambi\u00f3 para dar paso a la reconquista del poder por las clases dominantes y a una fase de retroceso social que nos ha llevado al triunfo actual de la desigualdad. El siglo no ha sido, pues, un \u00absiglo revolucionario\u00bb, puesto que las propuestas de 1917 acabaron derrotadas, pero ha sido \u00abel siglo de la revoluci\u00f3n\u00bb, en la medida en que estas propuestas, en su doble papel de esperanzas para unos y de amenazas para otros, han marcado toda su historia.<\/p>\n","protected":false},"excerpt":{"rendered":"<p>FONTANA L\u00c1ZARO, JOSEP<\/p>\n","protected":false},"featured_media":73464,"template":"","meta":{"_acf_changed":false,"om_disable_all_campaigns":false,"rs_blank_template":"","rs_page_bg_color":"","slide_template_v7":"","inline_featured_image":false,"_monsterinsights_skip_tracking":false,"_monsterinsights_sitenote_active":false,"_monsterinsights_sitenote_note":"","_monsterinsights_sitenote_category":0},"product_brand":[],"product_cat":[85],"product_tag":[],"class_list":{"0":"post-10840","1":"product","2":"type-product","3":"status-publish","4":"has-post-thumbnail","6":"product_cat-historia","8":"first","9":"instock","10":"taxable","11":"shipping-taxable","12":"purchasable","13":"product-type-simple"},"acf":{"autor":"FONTANA L\u00c1ZARO, JOSEP","codart":"841677150","libros-coleccion":"Serie Mayor","ediciones":"1","encuadernacion":"Carton\u00e9","fecha_de_publicacion":"01\/02\/2017","novedad":"1","paginas":"808","subtitulo":"UNA HISTORIA DEL MUNDO DESDE 1914","orden":"0","portada":"0","idioma":"spa","editorial":[{"ID":147952,"post_author":"3","post_date":"2022-10-14 11:54:29","post_date_gmt":"2022-10-14 09:54:29","post_content":"","post_title":"EDITORIAL CRITICA","post_excerpt":"","post_status":"publish","comment_status":"closed","ping_status":"closed","post_password":"","post_name":"editorial-critica","to_ping":"","pinged":"","post_modified":"2022-10-14 11:54:29","post_modified_gmt":"2022-10-14 09:54:29","post_content_filtered":"","post_parent":0,"guid":"http:\/\/dev.claret.cat\/editorial\/editorial-critica\/","menu_order":0,"post_type":"editorial","post_mime_type":"","comment_count":"0","filter":"raw"}],"autores-libros":[{"ID":160669,"post_author":"3","post_date":"2022-10-14 15:54:56","post_date_gmt":"2022-10-14 13:54:56","post_content":"","post_title":"JOSEP FONTANA L\u00c0ZARO","post_excerpt":"","post_status":"publish","comment_status":"closed","ping_status":"closed","post_password":"","post_name":"josep-fontana-lazaro","to_ping":"","pinged":"","post_modified":"2022-10-14 15:54:56","post_modified_gmt":"2022-10-14 13:54:56","post_content_filtered":"","post_parent":0,"guid":"http:\/\/dev.claret.cat\/autor\/josep-fontana-lazaro\/","menu_order":0,"post_type":"autor","post_mime_type":"","comment_count":"0","filter":"raw"}]},"aioseo_notices":[],"_links":{"self":[{"href":"https:\/\/www.claret.cat\/es\/wp-json\/wp\/v2\/product\/10840","targetHints":{"allow":["GET"]}}],"collection":[{"href":"https:\/\/www.claret.cat\/es\/wp-json\/wp\/v2\/product"}],"about":[{"href":"https:\/\/www.claret.cat\/es\/wp-json\/wp\/v2\/types\/product"}],"wp:featuredmedia":[{"embeddable":true,"href":"https:\/\/www.claret.cat\/es\/wp-json\/wp\/v2\/media\/73464"}],"wp:attachment":[{"href":"https:\/\/www.claret.cat\/es\/wp-json\/wp\/v2\/media?parent=10840"}],"wp:term":[{"taxonomy":"product_brand","embeddable":true,"href":"https:\/\/www.claret.cat\/es\/wp-json\/wp\/v2\/product_brand?post=10840"},{"taxonomy":"product_cat","embeddable":true,"href":"https:\/\/www.claret.cat\/es\/wp-json\/wp\/v2\/product_cat?post=10840"},{"taxonomy":"product_tag","embeddable":true,"href":"https:\/\/www.claret.cat\/es\/wp-json\/wp\/v2\/product_tag?post=10840"}],"curies":[{"name":"wp","href":"https:\/\/api.w.org\/{rel}","templated":true}]}}