{"id":1084023,"date":"2026-02-16T13:18:05","date_gmt":"2026-02-16T12:18:05","guid":{"rendered":"https:\/\/www.claret.cat\/llibre\/raimon-aquest-jo-que-jo-soc-9788411731669\/"},"modified":"2026-04-10T12:55:34","modified_gmt":"2026-04-10T10:55:34","slug":"raimon-aquest-jo-que-jo-soc-9788411731669","status":"publish","type":"product","link":"https:\/\/www.claret.cat\/es\/libro\/raimon-aquest-jo-que-jo-soc-9788411731669\/","title":{"rendered":"RAIMON. AQUEST JO QUE JO SOC"},"content":{"rendered":"<p>Raimon es debat entre el personatge d\u2019ell que han creat els altres i l\u2019home lliure que sempre ha estat, i viu amb una certa sensaci\u00f3 que si vols tenir criteri propi, sempre has de pagar un cost\u00f3s peatge. Ara, superada la vuitantena, mira enrere i passa comptes amb una societat que l\u2019ha convertit en un mite, per\u00f2 tamb\u00e9 l\u2019ha apartat quan no encaixava. Josep Pla diria que li recorda \u00abel jove pobre de les novel\u00b7les de Balzac i Flaubert\u00bb, Pere Quart el descriuria com una \u00abcriatura providencial\u00bb, i aquell jove que amb amb les seves can\u00e7ons \u00abexhala, en catal\u00e0 de Val\u00e8ncia, una vociferaci\u00f3 fenomenal\u00bb seria retratat, el 1964, per Fuster. Mir\u00f3 disseny\u00e0 la portada d\u2019un disc seu, i aix\u00ed an\u00e0 creixent el fenomen. Perseguit per la repressi\u00f3 franquista, no deix\u00e0 mai d\u2019actuar en universitats, actes i concerts, sempre amb l\u2019ombra d\u2019una irrupci\u00f3 policial o d\u2019un ban de la censura planant al damunt. Mentre aconseguia anar burlant la grisor, a l\u2019estranger la seva figura creixia amb concerts important\u00edssims a Par\u00eds i gires que el durien als Estats Units o al Jap\u00f3 quan encara mai ning\u00fa hi havia cantat en catal\u00e0. I mentrestant, l\u2019amor de l\u2019Annalisa, la seva dona, que tamb\u00e9 omple p\u00e0gines de la seva vida.<\/p>\n","protected":false},"excerpt":{"rendered":"<p>MIQUEL ALBEROLA BENAVENT<\/p>\n","protected":false},"featured_media":1085461,"template":"","meta":{"_acf_changed":false,"om_disable_all_campaigns":false,"rs_blank_template":"","rs_page_bg_color":"","slide_template_v7":"","inline_featured_image":false,"_monsterinsights_skip_tracking":false,"_monsterinsights_sitenote_active":false,"_monsterinsights_sitenote_note":"","_monsterinsights_sitenote_category":0},"product_brand":[],"product_cat":[549,99],"product_tag":[],"class_list":{"0":"post-1084023","1":"product","2":"type-product","3":"status-publish","4":"has-post-thumbnail","6":"product_cat-biografias","7":"product_cat-biografies","9":"first","10":"instock","11":"taxable","12":"shipping-taxable","13":"purchasable","14":"product-type-simple"},"acf":{"autor":"MIQUEL ALBEROLA BENAVENT","codart":"841173166","libros-coleccion":"","ediciones":"1","encuadernacion":"Carton\u00e9","fecha_de_publicacion":"01\/02\/2026","novedad":"1","paginas":"295","subtitulo":"","orden":"0","portada":"0","idioma":"cat","booktrailer":"","resenas":"","editorial":[{"ID":147453,"post_author":"3","post_date":"2022-10-14 11:50:42","post_date_gmt":"2022-10-14 09:50:42","post_content":"","post_title":"ARA LLIBRES","post_excerpt":"","post_status":"publish","comment_status":"closed","ping_status":"closed","post_password":"","post_name":"ara-llibres","to_ping":"","pinged":"","post_modified":"2022-10-14 11:50:42","post_modified_gmt":"2022-10-14 09:50:42","post_content_filtered":"","post_parent":0,"guid":"http:\/\/dev.claret.cat\/editorial\/ara-llibres\/","menu_order":0,"post_type":"editorial","post_mime_type":"","comment_count":"0","filter":"raw"}]},"aioseo_notices":[],"_links":{"self":[{"href":"https:\/\/www.claret.cat\/es\/wp-json\/wp\/v2\/product\/1084023","targetHints":{"allow":["GET"]}}],"collection":[{"href":"https:\/\/www.claret.cat\/es\/wp-json\/wp\/v2\/product"}],"about":[{"href":"https:\/\/www.claret.cat\/es\/wp-json\/wp\/v2\/types\/product"}],"wp:featuredmedia":[{"embeddable":true,"href":"https:\/\/www.claret.cat\/es\/wp-json\/wp\/v2\/media\/1085461"}],"wp:attachment":[{"href":"https:\/\/www.claret.cat\/es\/wp-json\/wp\/v2\/media?parent=1084023"}],"wp:term":[{"taxonomy":"product_brand","embeddable":true,"href":"https:\/\/www.claret.cat\/es\/wp-json\/wp\/v2\/product_brand?post=1084023"},{"taxonomy":"product_cat","embeddable":true,"href":"https:\/\/www.claret.cat\/es\/wp-json\/wp\/v2\/product_cat?post=1084023"},{"taxonomy":"product_tag","embeddable":true,"href":"https:\/\/www.claret.cat\/es\/wp-json\/wp\/v2\/product_tag?post=1084023"}],"curies":[{"name":"wp","href":"https:\/\/api.w.org\/{rel}","templated":true}]}}