{"id":108404,"date":"2022-10-12T09:45:27","date_gmt":"2022-10-12T07:45:27","guid":{"rendered":"http:\/\/dev.claret.cat\/producte\/descobreix-lamabilitat\/"},"modified":"2023-01-28T03:22:32","modified_gmt":"2023-01-28T02:22:32","slug":"descobreix-lamabilitat-9788499063010","status":"publish","type":"product","link":"https:\/\/www.claret.cat\/es\/libro\/descobreix-lamabilitat-9788499063010\/","title":{"rendered":"DESCOBREIX L&#8217;AMABILITAT"},"content":{"rendered":"<p>Un llibre que mostra amb l\u00b4ajut de solapes i vinyetes molt divertides la import\u00e0ncia de ser amables amb les persones que tenim al voltant, en una etapa en qu\u00e8 els infants comencen a descobrir que els altres tamb\u00e9 tenen sentiments.<\/p>\n","protected":false},"excerpt":{"rendered":"<p>ARCHER, MANDY<\/p>\n","protected":false},"featured_media":108405,"template":"","meta":{"_acf_changed":false,"om_disable_all_campaigns":false,"rs_blank_template":"","rs_page_bg_color":"","slide_template_v7":"","inline_featured_image":false,"_monsterinsights_skip_tracking":false,"_monsterinsights_sitenote_active":false,"_monsterinsights_sitenote_note":"","_monsterinsights_sitenote_category":0},"product_brand":[],"product_cat":[131],"product_tag":[],"class_list":{"0":"post-108404","1":"product","2":"type-product","3":"status-publish","4":"has-post-thumbnail","6":"product_cat-contes-per-infants-0-6-anys","8":"first","9":"instock","10":"taxable","11":"shipping-taxable","12":"purchasable","13":"product-type-simple"},"acf":{"editorial":[{"ID":6221,"post_author":"3","post_date":"2022-07-28 17:47:29","post_date_gmt":"2022-07-28 15:47:29","post_content":"","post_title":"Editorial Br\u00faixola","post_excerpt":"","post_status":"publish","comment_status":"closed","ping_status":"closed","post_password":"","post_name":"editorial-bruixola","to_ping":"","pinged":"","post_modified":"2022-07-28 17:47:29","post_modified_gmt":"2022-07-28 15:47:29","post_content_filtered":"","post_parent":0,"guid":"http:\/\/dev.claret.cat\/editorial\/editorial-bruixola\/","menu_order":0,"post_type":"editorial","post_mime_type":"","comment_count":"0","filter":"raw"}],"autor":"ARCHER, MANDY","codart":"849906301","libros-coleccion":"Catal\u00e1 - A Partir De 0 Anys - Sol-Solet","ediciones":"1","encuadernacion":"Carton\u00e9","fecha_de_publicacion":"01\/03\/2020","novedad":"1","paginas":"12","subtitulo":"","orden":"0","portada":"0","idioma":"cat","autores-libros":[{"ID":163067,"post_author":"3","post_date":"2022-10-14 17:36:03","post_date_gmt":"2022-10-14 15:36:03","post_content":"","post_title":"MANDY ARCHER","post_excerpt":"","post_status":"publish","comment_status":"closed","ping_status":"closed","post_password":"","post_name":"mandy-archer","to_ping":"","pinged":"","post_modified":"2022-10-14 17:36:03","post_modified_gmt":"2022-10-14 15:36:03","post_content_filtered":"","post_parent":0,"guid":"http:\/\/dev.claret.cat\/autor\/mandy-archer\/","menu_order":0,"post_type":"autor","post_mime_type":"","comment_count":"0","filter":"raw"}]},"aioseo_notices":[],"_links":{"self":[{"href":"https:\/\/www.claret.cat\/es\/wp-json\/wp\/v2\/product\/108404","targetHints":{"allow":["GET"]}}],"collection":[{"href":"https:\/\/www.claret.cat\/es\/wp-json\/wp\/v2\/product"}],"about":[{"href":"https:\/\/www.claret.cat\/es\/wp-json\/wp\/v2\/types\/product"}],"wp:featuredmedia":[{"embeddable":true,"href":"https:\/\/www.claret.cat\/es\/wp-json\/wp\/v2\/media\/108405"}],"wp:attachment":[{"href":"https:\/\/www.claret.cat\/es\/wp-json\/wp\/v2\/media?parent=108404"}],"wp:term":[{"taxonomy":"product_brand","embeddable":true,"href":"https:\/\/www.claret.cat\/es\/wp-json\/wp\/v2\/product_brand?post=108404"},{"taxonomy":"product_cat","embeddable":true,"href":"https:\/\/www.claret.cat\/es\/wp-json\/wp\/v2\/product_cat?post=108404"},{"taxonomy":"product_tag","embeddable":true,"href":"https:\/\/www.claret.cat\/es\/wp-json\/wp\/v2\/product_tag?post=108404"}],"curies":[{"name":"wp","href":"https:\/\/api.w.org\/{rel}","templated":true}]}}