{"id":1084154,"date":"2026-02-16T17:35:10","date_gmt":"2026-02-16T16:35:10","guid":{"rendered":"https:\/\/www.claret.cat\/llibre\/lo-mejor-de-felipe-9788426433824\/"},"modified":"2026-04-07T17:16:22","modified_gmt":"2026-04-07T15:16:22","slug":"lo-mejor-de-felipe-9788426433824","status":"publish","type":"product","link":"https:\/\/www.claret.cat\/es\/libro\/lo-mejor-de-felipe-9788426433824\/","title":{"rendered":"LO MEJOR DE FELIPE"},"content":{"rendered":"<p>FANTASIOSO, ROM\u00c1NTICO, T\u00cdMIDO Y PEREZOSO: SI ERES MUY DE FELIPE, ESTE LIBRO ES PARA TI \u00abLos personajes de Quino trascienden cualquier geograf\u00eda, edad y condici\u00f3n social.\u00bb Acta del jurado del Premio Pr\u00edncipe de Asturias \u00ab\u00bfNo ser\u00eda hermoso el mundo si las bibliotecas fueran m\u00e1s importantes que los bancos?\u00bb. Con esa convicci\u00f3n de lector y esa inocencia desbordada, se presenta Felipe, el t\u00edmido so\u00f1ador de las tiras de Mafalda. Palad\u00edn del aplazamiento, conviven en \u00e9l la ternura y la pereza, el miedo y la bondad, una imaginaci\u00f3n sin l\u00edmites y un rechazo casi filos\u00f3fico al colegio. Por eso tantos lectores se han reconocido en su extraordinaria humanidad y en su celeb\u00e9rrima pregunta existencial: \u00ab\u00bfJusto a m\u00ed ten\u00eda que tocarme ser como yo?\u00bb. Lo mejor de Felipe re\u00fane las tiras m\u00e1s memorables de uno de los personajes m\u00e1s queridos de las tiras de Mafalda, y es el primer volumen de una serie que ir\u00e1 reuniendo los mejores momentos de cada uno de los personajes de la inolvidable pandilla.La cr\u00edtica ha dicho:<\/p>\n<p>\u00abQuino, el grande Quino, seguir\u00e1 vivo en su Mafalda, que nos ense\u00f1\u00f3 que, como siempre, lo urgente no deja tiempo para lo importante\u00bb.<br \/>H\u00e9ctor Abad Faciolince<\/p>\n<p>\u00abNunca he amado a una mujer que no haya amado previamente a Mafalda\u00bb.<br \/>Manuel Jabois<\/p>\n<p>\u00abQu\u00e9 importante has sido en nuestras vidas. [&#8230;] Siempre estaban tus vi\u00f1etas dando sentido a los detalles absurdos de la vida y la sociedad. Cada lecci\u00f3n era un gui\u00f1o de risa silenciosa que se volv\u00eda carcajada y suspiro, filosof\u00eda pura, cr\u00edtica social, lenguaje de gestos expresivos y peque\u00f1os detalles, el humor m\u00e1s refinado concentrado en los dibujos. Qu\u00e9 gran compa\u00f1ero has sido\u00bb.<br \/>Ana Merino<\/p>\n<p>\u00abLas nuevas generaciones siguen leyendo a Mafalda con regocijo. No es un simple vestigio del pasado o un recuerdo nost\u00e1lgico, sino un personaje muyvivo que sigue incendiando conciencias y promoviendo el inconformismo\u00bb.<br \/>Rafael Narbona, El Cultural<\/p>\n<p>\u00abComo Charlie Brown o Nancy, Mafalda es un instrumento para proyectar, a trav\u00e9s de la infancia, las miserias de los adultos y las contradicciones de este valle de l\u00e1grimas. \u00a1Aleluya!\u00bb.<br \/>Vicent Sanchis, Catorze<\/p>\n<p>\u00abCon ustedes, la fil\u00f3sofa con lacito con la que han crecido varias generaciones, [&#8230;] la Greta Thunberg de la historieta. [&#8230;] Por su esp\u00edritu contestatario, humor cuchillero y costumbrismo con gui\u00f1os progres, Mafalda jam\u00e1s pasar\u00e1 de moda. [&#8230;] Quino se gan\u00f3 la inmortalidad y los amantes de las vi\u00f1etas una hero\u00edna para todos los p\u00fablicos. Una que, a la que te descuidas, te suelta en plan fil\u00f3sofa: &#8216;\u00bfQu\u00e9 te gustar\u00eda ser si vivieras?&#8217;\u00bb.<br \/>El Mundo<\/p>\n<p>\u00abMafalda, esa ni\u00f1a que, a estas alturas, ya deber\u00eda ser Patrimonio de la Humanidad. B\u00e1sicapara la vuelta a la rutina\u00bb.<br \/>El Pa\u00eds<\/p>\n<p>\u00abNo tiene importancia lo que yo pienso sobre Mafalda. Lo importante es lo que Mafalda piensa de m\u00ed\u00bb.<br \/>Julio Cort\u00e1zar<\/p>\n<p>\u00abMafalda es una hero\u00edna de nuestro tiempo\u00bb.<br \/>Umberto Eco<\/p>\n<p>\u00abCreo que, junto con El Eternauta, Mafalda es la historieta m\u00e1s influyente.Es un icono argentino como el alfajor, Fangio, Gardel o el Obelisco. Mafalda est\u00e1 en el subconsciente argentino\u00bb.<br \/>Liniers<\/p>\n<p>\u00abAfortunadamente, no me puedo imaginar a Mafalda sino como la graciosa ni\u00f1a que fue, es y ser\u00e1 siempre. Los personajes de historieta tienen ese privilegio (enarbolado por PeterPan) de no envejecer\u00bb.<br \/>Roberto Fontanarrosa<\/p>\n<p>\u00abMafalda es, dig\u00e1moslo de una vez, m\u00e1s humana que muchos seres humanos\u00bb.<br \/>Rom\u00e1n Gubern<\/p>\n","protected":false},"excerpt":{"rendered":"<p>QUINO<\/p>\n","protected":false},"featured_media":1095269,"template":"","meta":{"_acf_changed":false,"om_disable_all_campaigns":false,"rs_blank_template":"","rs_page_bg_color":"","slide_template_v7":"","inline_featured_image":false,"_monsterinsights_skip_tracking":false,"_monsterinsights_sitenote_active":false,"_monsterinsights_sitenote_note":"","_monsterinsights_sitenote_category":0},"product_brand":[],"product_cat":[108,558,114,563],"product_tag":[],"class_list":{"0":"post-1084154","1":"product","2":"type-product","3":"status-publish","4":"has-post-thumbnail","6":"product_cat-comic","7":"product_cat-comic-3_infantil-juvenil-spa-spa","8":"product_cat-humor-grafic","9":"product_cat-humor-grafico","11":"first","12":"instock","13":"taxable","14":"shipping-taxable","15":"purchasable","16":"product-type-simple"},"acf":{"autor":"QUINO","codart":"842643382","libros-coleccion":"LUMEN GR\u00c1FICA","ediciones":"1","encuadernacion":"Carton\u00e9","fecha_de_publicacion":"01\/02\/2026","novedad":"1","paginas":"192","subtitulo":"(PERSONAJE 1)","orden":"0","portada":"0","idioma":"spa","booktrailer":"","resenas":"","editorial":[{"ID":6296,"post_author":"3","post_date":"2022-07-28 17:49:09","post_date_gmt":"2022-07-28 15:49:09","post_content":"","post_title":"LUMEN","post_excerpt":"","post_status":"publish","comment_status":"closed","ping_status":"closed","post_password":"","post_name":"lumen","to_ping":"","pinged":"","post_modified":"2022-07-28 17:49:09","post_modified_gmt":"2022-07-28 15:49:09","post_content_filtered":"","post_parent":0,"guid":"http:\/\/dev.claret.cat\/editorial\/lumen\/","menu_order":0,"post_type":"editorial","post_mime_type":"","comment_count":"0","filter":"raw"}]},"aioseo_notices":[],"_links":{"self":[{"href":"https:\/\/www.claret.cat\/es\/wp-json\/wp\/v2\/product\/1084154","targetHints":{"allow":["GET"]}}],"collection":[{"href":"https:\/\/www.claret.cat\/es\/wp-json\/wp\/v2\/product"}],"about":[{"href":"https:\/\/www.claret.cat\/es\/wp-json\/wp\/v2\/types\/product"}],"wp:featuredmedia":[{"embeddable":true,"href":"https:\/\/www.claret.cat\/es\/wp-json\/wp\/v2\/media\/1095269"}],"wp:attachment":[{"href":"https:\/\/www.claret.cat\/es\/wp-json\/wp\/v2\/media?parent=1084154"}],"wp:term":[{"taxonomy":"product_brand","embeddable":true,"href":"https:\/\/www.claret.cat\/es\/wp-json\/wp\/v2\/product_brand?post=1084154"},{"taxonomy":"product_cat","embeddable":true,"href":"https:\/\/www.claret.cat\/es\/wp-json\/wp\/v2\/product_cat?post=1084154"},{"taxonomy":"product_tag","embeddable":true,"href":"https:\/\/www.claret.cat\/es\/wp-json\/wp\/v2\/product_tag?post=1084154"}],"curies":[{"name":"wp","href":"https:\/\/api.w.org\/{rel}","templated":true}]}}