{"id":1084160,"date":"2026-02-16T17:45:02","date_gmt":"2026-02-16T16:45:02","guid":{"rendered":"https:\/\/www.claret.cat\/llibre\/la-granja-del-ritz-9788419756909\/"},"modified":"2026-04-08T11:26:06","modified_gmt":"2026-04-08T09:26:06","slug":"la-granja-del-ritz-9788419756909","status":"publish","type":"product","link":"https:\/\/www.claret.cat\/es\/libro\/la-granja-del-ritz-9788419756909\/","title":{"rendered":"LA GRANJA DEL RITZ"},"content":{"rendered":"<p>Una granja, un hotel, quatre hist\u00f2ries d&#8217;amor. Unes gallines salvatges, que es resisteixen a ser ca\u00e7ades, posen en alerta les autoritats sanit\u00e0ries de Barcelona i mobilitzen ve\u00efns i activistes al barri de Vallbona. La not\u00edcia atreu l&#8217;atenci\u00f3 dels mitjans que, tot d&#8217;una, parlen i es pregunten sobre el que alguns coneixen com La Granja del Ritz. Per\u00f2 quina relaci\u00f3 hi ha entre una finca rural als afores de la ciutat i el fam\u00f3s hotel de la burgesia? Aquesta lectura \u00e9s un viatge en el temps i l&#8217;espai que ens far\u00e0 descobrir els or\u00edgens d&#8217;una granja avan\u00e7ada a la seva \u00e8poca i de l&#8217;hotel m\u00e9s lux\u00f3s de Catalunya, a trav\u00e9s de quatre hist\u00f2ries d&#8217;amor teixides al llarg dels anys: la d&#8217;en Miquel i la Montserrat, els seus fundadors; la Mercedes i en Ramon, que la van vincular al Ritz; en Ricard i la Carme, els eterns masovers; i l&#8217;Eug\u00e8nia i en Cristian, dos pols oposats en la Barcelona urbanita actual. Una novel\u00b7la deliciosa que recupera el passat i n&#8217;homenatja els protagonistes per reivindicar un patrimoni col\u00b7lectiu en perill d&#8221;extinci\u00f3, testimoni viu de les transformacions socials, pol\u00edtiques i emocionals de tot un segle.<\/p>\n","protected":false},"excerpt":{"rendered":"<p>TERESA ROIG<\/p>\n","protected":false},"featured_media":1085637,"template":"","meta":{"_acf_changed":false,"om_disable_all_campaigns":false,"rs_blank_template":"","rs_page_bg_color":"","slide_template_v7":"","inline_featured_image":false,"_monsterinsights_skip_tracking":false,"_monsterinsights_sitenote_active":false,"_monsterinsights_sitenote_note":"","_monsterinsights_sitenote_category":0},"product_brand":[],"product_cat":[130,360],"product_tag":[],"class_list":{"0":"post-1084160","1":"product","2":"type-product","3":"status-publish","4":"has-post-thumbnail","6":"product_cat-novella-historica-i-ficcio","7":"product_cat-novela-historica-y-ficcion","9":"first","10":"instock","11":"taxable","12":"shipping-taxable","13":"purchasable","14":"product-type-simple"},"acf":{"autor":"TERESA ROIG","codart":"841975690","libros-coleccion":"NARRATIVA CATALANA","ediciones":"1","encuadernacion":"R\u00fastica","fecha_de_publicacion":"01\/02\/2026","novedad":"1","paginas":"336","subtitulo":"","orden":"0","portada":"0","idioma":"cat","booktrailer":"","resenas":"","editorial":[{"ID":6350,"post_author":"3","post_date":"2022-07-28 17:50:18","post_date_gmt":"2022-07-28 15:50:18","post_content":"","post_title":"ROSA DELS VENTS","post_excerpt":"","post_status":"publish","comment_status":"closed","ping_status":"closed","post_password":"","post_name":"rosa-dels-vents","to_ping":"","pinged":"","post_modified":"2022-07-28 17:50:18","post_modified_gmt":"2022-07-28 15:50:18","post_content_filtered":"","post_parent":0,"guid":"http:\/\/dev.claret.cat\/editorial\/rosa-dels-vents\/","menu_order":0,"post_type":"editorial","post_mime_type":"","comment_count":"0","filter":"raw"}]},"aioseo_notices":[],"_links":{"self":[{"href":"https:\/\/www.claret.cat\/es\/wp-json\/wp\/v2\/product\/1084160","targetHints":{"allow":["GET"]}}],"collection":[{"href":"https:\/\/www.claret.cat\/es\/wp-json\/wp\/v2\/product"}],"about":[{"href":"https:\/\/www.claret.cat\/es\/wp-json\/wp\/v2\/types\/product"}],"wp:featuredmedia":[{"embeddable":true,"href":"https:\/\/www.claret.cat\/es\/wp-json\/wp\/v2\/media\/1085637"}],"wp:attachment":[{"href":"https:\/\/www.claret.cat\/es\/wp-json\/wp\/v2\/media?parent=1084160"}],"wp:term":[{"taxonomy":"product_brand","embeddable":true,"href":"https:\/\/www.claret.cat\/es\/wp-json\/wp\/v2\/product_brand?post=1084160"},{"taxonomy":"product_cat","embeddable":true,"href":"https:\/\/www.claret.cat\/es\/wp-json\/wp\/v2\/product_cat?post=1084160"},{"taxonomy":"product_tag","embeddable":true,"href":"https:\/\/www.claret.cat\/es\/wp-json\/wp\/v2\/product_tag?post=1084160"}],"curies":[{"name":"wp","href":"https:\/\/api.w.org\/{rel}","templated":true}]}}