{"id":1084177,"date":"2026-02-16T18:25:02","date_gmt":"2026-02-16T17:25:02","guid":{"rendered":"https:\/\/www.claret.cat\/llibre\/historia-para-el-manana-9791399039184\/"},"modified":"2026-03-02T12:30:22","modified_gmt":"2026-03-02T11:30:22","slug":"historia-para-el-manana-9791399039184","status":"publish","type":"product","link":"https:\/\/www.claret.cat\/es\/libro\/historia-para-el-manana-9791399039184\/","title":{"rendered":"HISTORIA PARA EL MA\u00d1ANA"},"content":{"rendered":"<p>\u00bfQu\u00e9 nos puede ense\u00f1ar la historia acerca de las revueltas radicales de la humanidad sobre el poder de la desobediencia para afrontar la crisis clim\u00e1tica? \u00bfQu\u00e9 inspiraci\u00f3n podr\u00edamos encontrar en el Jap\u00f3n del siglo<\/p>\n<p> XVIII para crear una econom\u00eda regenerativa hoy? \u00bfC\u00f3mo podr\u00eda la comprensi\u00f3n de los or\u00edgenes del capitalismo inspirar ideas para controlar la IA?<\/p>\n<p> En Historia para el ma\u00f1ana, el destacado fil\u00f3sofo social Roman Krznaric desentierra fascinantes perspectivas e inspiraci\u00f3n de los \u00faltimos mil a\u00f1os de historia mundial que podr\u00edan ayudarnos a afrontar los desaf\u00edos m\u00e1s urgentes que enfrenta la humanidad en el siglo XXI. Desde superar la brecha de la desigualdad y reducir los riesgos de la ingenier\u00eda gen\u00e9tica, hasta reavivar nuestra fe en la democracia y evitar el colapso ecol\u00f3gico.<\/p>\n<p> Krznaric revela c\u00f3mo, una y otra vez, las sociedades se han alzado, a menudo contra viento y marea, para afrontar desaf\u00edos y superar crisis.<\/p>\n","protected":false},"excerpt":{"rendered":"<p>ROMAN KRZNARIC<\/p>\n","protected":false},"featured_media":1086827,"template":"","meta":{"_acf_changed":false,"om_disable_all_campaigns":false,"rs_blank_template":"","rs_page_bg_color":"","slide_template_v7":"","inline_featured_image":false,"_monsterinsights_skip_tracking":false,"_monsterinsights_sitenote_active":false,"_monsterinsights_sitenote_note":"","_monsterinsights_sitenote_category":0},"product_brand":[],"product_cat":[90,540],"product_tag":[],"class_list":{"0":"post-1084177","1":"product","2":"type-product","3":"status-publish","4":"has-post-thumbnail","6":"product_cat-altres","7":"product_cat-otros","9":"first","10":"instock","11":"taxable","12":"shipping-taxable","13":"purchasable","14":"product-type-simple"},"acf":{"autor":"ROMAN KRZNARIC","codart":"139903918","libros-coleccion":"Ensayo","ediciones":"1","encuadernacion":"R\u00fastica","fecha_de_publicacion":"01\/01\/2026","novedad":"1","paginas":"0","subtitulo":"MIRAR AL PASADO PARA CAMINAR HACIA EL FUTURO","orden":"0","portada":"0","idioma":"spa","booktrailer":"","resenas":"","editorial":[{"ID":6153,"post_author":"3","post_date":"2022-07-28 17:46:01","post_date_gmt":"2022-07-28 15:46:01","post_content":"","post_title":"CAPITAN SWING LIBROS","post_excerpt":"","post_status":"publish","comment_status":"closed","ping_status":"closed","post_password":"","post_name":"capitan-swing-libros","to_ping":"","pinged":"","post_modified":"2022-07-28 17:46:01","post_modified_gmt":"2022-07-28 15:46:01","post_content_filtered":"","post_parent":0,"guid":"http:\/\/dev.claret.cat\/editorial\/capitan-swing-libros\/","menu_order":0,"post_type":"editorial","post_mime_type":"","comment_count":"0","filter":"raw"}]},"aioseo_notices":[],"_links":{"self":[{"href":"https:\/\/www.claret.cat\/es\/wp-json\/wp\/v2\/product\/1084177","targetHints":{"allow":["GET"]}}],"collection":[{"href":"https:\/\/www.claret.cat\/es\/wp-json\/wp\/v2\/product"}],"about":[{"href":"https:\/\/www.claret.cat\/es\/wp-json\/wp\/v2\/types\/product"}],"wp:featuredmedia":[{"embeddable":true,"href":"https:\/\/www.claret.cat\/es\/wp-json\/wp\/v2\/media\/1086827"}],"wp:attachment":[{"href":"https:\/\/www.claret.cat\/es\/wp-json\/wp\/v2\/media?parent=1084177"}],"wp:term":[{"taxonomy":"product_brand","embeddable":true,"href":"https:\/\/www.claret.cat\/es\/wp-json\/wp\/v2\/product_brand?post=1084177"},{"taxonomy":"product_cat","embeddable":true,"href":"https:\/\/www.claret.cat\/es\/wp-json\/wp\/v2\/product_cat?post=1084177"},{"taxonomy":"product_tag","embeddable":true,"href":"https:\/\/www.claret.cat\/es\/wp-json\/wp\/v2\/product_tag?post=1084177"}],"curies":[{"name":"wp","href":"https:\/\/api.w.org\/{rel}","templated":true}]}}