{"id":1084202,"date":"2026-02-17T09:25:07","date_gmt":"2026-02-17T08:25:07","guid":{"rendered":"https:\/\/www.claret.cat\/llibre\/el-papa-frontissa-lleo-xiv-9788491366454\/"},"modified":"2026-04-14T14:20:54","modified_gmt":"2026-04-14T12:20:54","slug":"el-papa-frontissa-lleo-xiv-9788491366454","status":"publish","type":"product","link":"https:\/\/www.claret.cat\/es\/libro\/el-papa-frontissa-lleo-xiv-9788491366454\/","title":{"rendered":"EL PAPA FRONTISSA. LLE\u00d3 XIV"},"content":{"rendered":"<p><strong><em>El Papa frontissa. Lle\u00f3 XIV<\/em> <\/strong>ofereix una <strong>lectura teol\u00f2gica, espiritual i profundament pastoral<\/strong> del pontificat de Lle\u00f3 XIV, ent\u00e8s com una frontissa discreta per\u00f2 decisiva entre temps eclesials, sensibilitats pastorals i nous llenguatges de l\u2019Esgl\u00e9sia.<\/p>\n<p><\/p>\n<p>El llibre presenta un Papa marcat per <strong>l\u2019espiritualitat agustiniana,<\/strong> la interioritat, la comuni\u00f3 i el servei, m\u00e9s atent als processos pastorals que als titulars medi\u00e0tics. El centre del seu magisteri \u00e9s l\u2019amor rebut, que precedeix tota acci\u00f3 pastoral i fonamenta la veritat, la missi\u00f3 evangelitzadora i la comuni\u00f3 eclesial.<\/p>\n<p><\/p>\n<p>Un llibre ideal per a:<\/p>\n<ul>\n<li>Fidels de l&#8217;Esgl\u00e9sia Cat\u00f2lica i seguidors dels papa Lle\u00f3 XIV que busquin aprofundir en la seva figura.<\/li>\n<li>Periodistes i interessats en l&#8217;actualitat internacional que volen cercar un perfil clar i rigor\u00f3s sobre el papa Lle\u00f3 XIV.<\/li>\n<li>Tots aquells qui busquin preparar la visita del papa Lle\u00f3 XIV a trav\u00e9s d&#8217;una mirada espiritual i personal.<\/li>\n<li>Lectors d&#8217;espiritualitat i de literatura en general que busquin con\u00e8ixer el pensament i les ensenyances del nou Papa.<\/li>\n<\/ul>\n<p><\/p>\n<p><a href='https:\/\/drive.google.com\/file\/d\/1ZtawwkCCWrZM3JzZ64vf-PZ47X5j9Ze0\/view?usp=sharing' rel='noopener noreferrer' target='_blank'><strong>Llegeix aqu\u00ed el primer cap\u00edtol<\/strong><\/a><\/p>\n<p><\/p>\n<p><strong><em>*Aquest llibre ha estat impr\u00e8s amb paper certificat pel&nbsp;<\/em>&nbsp;<\/strong><a href='https:\/\/fsc.org\/en' rel='noopener noreferrer' target='_blank'><strong><em>Forest Stewardship Council (FSC)<\/em><\/strong><\/a><strong>&nbsp;<em>, que compleix amb els principis de gesti\u00f3 econ\u00f2mica, social i ambiental sostenibles.<\/em><\/strong><\/p>\n","protected":false},"excerpt":{"rendered":"<p>MORAT\u00d3 I SENDRA, OP, SOR GEMMA <\/p>\n","protected":false},"featured_media":1088208,"template":"","meta":{"_acf_changed":false,"om_disable_all_campaigns":false,"rs_blank_template":"","rs_page_bg_color":"","slide_template_v7":"","inline_featured_image":false,"_monsterinsights_skip_tracking":false,"_monsterinsights_sitenote_active":false,"_monsterinsights_sitenote_note":"","_monsterinsights_sitenote_category":0},"product_brand":[],"product_cat":[307,93,543,581,312],"product_tag":[],"class_list":{"0":"post-1084202","1":"product","2":"type-product","3":"status-publish","4":"has-post-thumbnail","6":"product_cat-catala","7":"product_cat-eclesiologia","8":"product_cat-eclesiologia-es","9":"product_cat-editorial-claret","10":"product_cat-portada","12":"first","13":"instock","14":"taxable","15":"shipping-taxable","16":"purchasable","17":"product-type-simple"},"acf":{"autor":"MORAT\u00d3 I SENDRA, OP, SOR GEMMA ","codart":"849136645","libros-coleccion":"","ediciones":"1","encuadernacion":"R\u00fastica","fecha_de_publicacion":"03\/03\/2026","novedad":"1","paginas":"180","subtitulo":"","orden":"1","portada":"1","idioma":"cat","booktrailer":"<iframe width=\"949\" height=\"433\" src=\"https:\/\/www.youtube.com\/embed\/7mtGpa_KfKw?si=swwgfUuzJPCgOGlx\" title=\"YouTube video player\" frameborder=\"0\" allow=\"accelerometer; autoplay; clipboard-write; encrypted-media; gyroscope; picture-in-picture; web-share\" referrerpolicy=\"strict-origin-when-cross-origin\" allowfullscreen><\/iframe>","resenas":"<p>Dominicos, 25\/02\/2026<\/p>\n<p><a href=\"https:\/\/www.dominicos.org\/noticia\/morato-papa-bisagra\/\" rel=\"noopener noreferrer\" target=\"_blank\">https:\/\/www.dominicos.org\/noticia\/morato-papa-bisagra\/<\/a><\/p>\n<p><\/p>\n<p>Ag\u00e8ncia Flama, 02\/03\/2026<\/p>\n<p><a href=\"https:\/\/www.agenciaflama.cat\/gemma-morato-visita-papa-catalunya\/\" rel=\"noopener noreferrer\" target=\"_blank\">https:\/\/www.agenciaflama.cat\/gemma-morato-visita-papa-catalunya\/<\/a><\/p>\n<p><\/p>\n<p>Catalunya Religi\u00f3, 03\/03\/2026<\/p>\n<p><a href=\"https:\/\/www.catalunyareligio.cat\/ca\/blog\/llibres-recomanats\/papa-frontissa-lleo-xiv-325570\" rel=\"noopener noreferrer\" target=\"_blank\">https:\/\/www.catalunyareligio.cat\/ca\/blog\/llibres-recomanats\/papa-frontissa-lleo-xiv-325570<\/a><\/p>\n<p><\/p>\n<p>El Mirall de l&#8217;Esgl\u00e9sia (Cope Catalunya), 06\/03\/2026 &#8211; A partir del minut 7:11<\/p>\n<p><a href=\"https:\/\/www.cope.es\/emisoras\/catalunya\/podcast\/episodios\/13-33-h-06-marc-2026-mirall-20260306_3321038.html\" rel=\"noopener noreferrer\" target=\"_blank\">https:\/\/www.cope.es\/emisoras\/catalunya\/podcast\/episodios\/13-33-h-06-marc-2026-mirall-20260306_3321038.html<\/a><\/p>\n<p><\/p>\n<p>Catalunya Cristiana (castell\u00e0), 15\/03\/2026<\/p>\n<p><a href=\"https:\/\/drive.google.com\/file\/d\/1T6rmsXF7tdc_R4VVAMYe7Xxs9I3-i9sp\/view?usp=sharing\" rel=\"noopener noreferrer\" target=\"_blank\">https:\/\/drive.google.com\/file\/d\/1T6rmsXF7tdc_R4VVAMYe7Xxs9I3-i9sp\/view?usp=sharing<\/a><\/p>\n<p><\/p>\n<p>Catalunya Cristiana, 15\/03\/2026<\/p>\n<p><a href=\"https:\/\/drive.google.com\/file\/d\/1JjvCw_i-PCXq1j5_Gw3LBwd0criw7Oje\/view?usp=sharing\" rel=\"noopener noreferrer\" target=\"_blank\">https:\/\/drive.google.com\/file\/d\/1JjvCw_i-PCXq1j5_Gw3LBwd0criw7Oje\/view?usp=sharing<\/a><\/p>\n<p><\/p>\n<p>Sense Dist\u00e0ncia (R\u00e0dio Estel), 16\/03\/2026 &#8211; A partir del minut 35:00<\/p>\n<p><a href=\"https:\/\/www.estelfitxers.com\/audio\/2025-2026\/20260316-13_15SENSEDISTANCIA.MP3\" rel=\"noopener noreferrer\" target=\"_blank\">https:\/\/www.estelfitxers.com\/audio\/2025-2026\/20260316-13_15SENSEDISTANCIA.MP3<\/a><\/p>\n<p><\/p>\n<p>Catalunya Cristiana, 18\/03\/2026<\/p>\n<p><a href=\"https:\/\/www.catalunyacristiana.cat\/gemma-morato-lleo-xiv-te-un-estil-propi-que-dona-resposta-al-mon-actual\" rel=\"noopener noreferrer\" target=\"_blank\">https:\/\/www.catalunyacristiana.cat\/gemma-morato-lleo-xiv-te-un-estil-propi-que-dona-resposta-al-mon-actual<\/a><\/p>\n<p><\/p>\n<p>Catalunya Cristiana, 12\/04\/2026<\/p>\n<p><a href=\"https:\/\/drive.google.com\/file\/d\/1bh46Rr7RerKeU8R0keeg9P5bWd9s6WTf\/view?usp=sharing\" rel=\"noopener noreferrer\" target=\"_blank\">https:\/\/drive.google.com\/file\/d\/1bh46Rr7RerKeU8R0keeg9P5bWd9s6WTf\/view?usp=sharing<\/a><\/p>\n<p><\/p>\n<p>Catalunya Cristiana, 09\/04\/2026<\/p>\n<p><a href=\"https:\/\/www.catalunyacristiana.cat\/la-literatura-religiosa-guanya-pes-gaudi-i-el-papa-lleo-xiv-encapcalen-les-novetats-de-sant-jordi\" rel=\"noopener noreferrer\" target=\"_blank\">https:\/\/www.catalunyacristiana.cat\/la-literatura-religiosa-guanya-pes-gaudi-i-el-papa-lleo-xiv-encapcalen-les-novetats-de-sant-jordi<\/a><\/p>\n<p><\/p>\n<p>Catalunya Religi\u00f3, 09\/04\/2026<\/p>\n<p><a href=\"https:\/\/www.catalunyareligio.cat\/ca\/sant-jordi-2026-literatura-religiosa-espai-clau\" rel=\"noopener noreferrer\" target=\"_blank\">https:\/\/www.catalunyareligio.cat\/ca\/sant-jordi-2026-literatura-religiosa-espai-clau<\/a><\/p>\n<p><\/p>\n<p>Ag\u00e8ncia Flama, 09\/04\/2026<\/p>\n<p><a href=\"https:\/\/www.agenciaflama.cat\/novetats-editorials-reflexions-sant-jordi\/\" rel=\"noopener noreferrer\" target=\"_blank\">https:\/\/www.agenciaflama.cat\/novetats-editorials-reflexions-sant-jordi\/<\/a><\/p>\n<p><\/p>\n<p>Catalunya Cristiana, 19\/04\/2026<\/p>\n<p><a href=\"https:\/\/drive.google.com\/file\/d\/13rpc2lPeoru5AkHU1thWLc2HRDdvK6db\/view?usp=sharing\" rel=\"noopener noreferrer\" target=\"_blank\">https:\/\/drive.google.com\/file\/d\/13rpc2lPeoru5AkHU1thWLc2HRDdvK6db\/view?usp=sharing<\/a><\/p>\n","editorial":[{"ID":6158,"post_author":"3","post_date":"2022-07-28 17:46:08","post_date_gmt":"2022-07-28 15:46:08","post_content":"","post_title":"CLARET","post_excerpt":"","post_status":"publish","comment_status":"closed","ping_status":"closed","post_password":"","post_name":"claret","to_ping":"","pinged":"","post_modified":"2022-07-28 17:46:08","post_modified_gmt":"2022-07-28 15:46:08","post_content_filtered":"","post_parent":0,"guid":"http:\/\/dev.claret.cat\/editorial\/claret\/","menu_order":0,"post_type":"editorial","post_mime_type":"","comment_count":"0","filter":"raw"}],"autores-libros":[{"ID":1084205,"post_author":"3","post_date":"2026-02-17 09:45:04","post_date_gmt":"2026-02-17 08:45:04","post_content":"Sor Gemma Morat\u00f3 i Sendra (Reus, 1972) \u00e9s religiosa dominica de la Presentaci\u00f3, amb una vocaci\u00f3 arrelada en la missi\u00f3 a trav\u00e9s de la comunicaci\u00f3, l\u2019educaci\u00f3 i l\u2019acompanyament a la vida religiosa. \u00c9s professora a la Facultat de Comunicaci\u00f3 i Relacions Internacionals Blanquerna (URL) i professora de l\u2019Institut Superior de Ci\u00e8ncies Religioses Don Bosco. Dirigeix el Projecte Maria, Reina de la Pau a Barcelona i coordina la pres\u00e8ncia digital de la seva congregaci\u00f3, present en trenta-vuit pa\u00efsos del m\u00f3n.\r\n\r\n\u00c9s articulista a Vida Religiosa, Vida Nueva, Foc Nou, Religi\u00f3n Digital, entre d\u2019altres, i autora de diversos llibres centrats en la vida consagrada, la comunicaci\u00f3 i l\u2019espiritualitat.","post_title":"SOR GEMMA MORAT\u00d3 I SENDRA, OP","post_excerpt":"","post_status":"publish","comment_status":"closed","ping_status":"closed","post_password":"","post_name":"sor-gemma-morato-i-sendra-op","to_ping":"","pinged":"","post_modified":"2026-02-27 09:53:55","post_modified_gmt":"2026-02-27 08:53:55","post_content_filtered":"","post_parent":0,"guid":"https:\/\/www.claret.cat\/autor\/sor-gemma-morato-i-sendra-op\/","menu_order":0,"post_type":"autor","post_mime_type":"","comment_count":"0","filter":"raw"}],"linkebook":"","ficha":"849136645_1771935539.pdf","muestra":"","precioebook":"0","presentacion":"<iframe width=\"949\" height=\"433\" src=\"https:\/\/www.youtube.com\/embed\/rtmRvEcwDRE?si=JoaiJu2BqAXr3jgS\" title=\"YouTube video player\" frameborder=\"0\" allow=\"accelerometer; autoplay; clipboard-write; encrypted-media; gyroscope; picture-in-picture; web-share\" referrerpolicy=\"strict-origin-when-cross-origin\" allowfullscreen><\/iframe>"},"aioseo_notices":[],"_links":{"self":[{"href":"https:\/\/www.claret.cat\/es\/wp-json\/wp\/v2\/product\/1084202","targetHints":{"allow":["GET"]}}],"collection":[{"href":"https:\/\/www.claret.cat\/es\/wp-json\/wp\/v2\/product"}],"about":[{"href":"https:\/\/www.claret.cat\/es\/wp-json\/wp\/v2\/types\/product"}],"wp:featuredmedia":[{"embeddable":true,"href":"https:\/\/www.claret.cat\/es\/wp-json\/wp\/v2\/media\/1088208"}],"wp:attachment":[{"href":"https:\/\/www.claret.cat\/es\/wp-json\/wp\/v2\/media?parent=1084202"}],"wp:term":[{"taxonomy":"product_brand","embeddable":true,"href":"https:\/\/www.claret.cat\/es\/wp-json\/wp\/v2\/product_brand?post=1084202"},{"taxonomy":"product_cat","embeddable":true,"href":"https:\/\/www.claret.cat\/es\/wp-json\/wp\/v2\/product_cat?post=1084202"},{"taxonomy":"product_tag","embeddable":true,"href":"https:\/\/www.claret.cat\/es\/wp-json\/wp\/v2\/product_tag?post=1084202"}],"curies":[{"name":"wp","href":"https:\/\/api.w.org\/{rel}","templated":true}]}}