{"id":1084260,"date":"2026-02-17T13:56:39","date_gmt":"2026-02-17T12:56:39","guid":{"rendered":"https:\/\/www.claret.cat\/llibre\/los-cuentos-clasicos-de-las-letras-divertidas-9788469645574\/"},"modified":"2026-02-24T10:50:18","modified_gmt":"2026-02-24T09:50:18","slug":"los-cuentos-clasicos-de-las-letras-divertidas-9788469645574","status":"publish","type":"product","link":"https:\/\/www.claret.cat\/es\/libro\/los-cuentos-clasicos-de-las-letras-divertidas-9788469645574\/","title":{"rendered":"LOS CUENTOS CL\u00c1SICOS DE LAS LETRAS DIVERTIDAS"},"content":{"rendered":"<p>Los cuentos de siempre&#8230; \u00a1ahora protagonizados por tus amigas las letras divertidas!Redescubre 29 cuentos cl\u00e1sicos, uno por cada letra, en este recopilatorio perfecto para aprender a leer.La A aventurera, la P pirata, la Ch churrera y las dem\u00e1s letras divertidas \u00a1se han metido en los cuentos cl\u00e1sicos!Blancanieves llega a casa de los enanitos, \u00a1pero nadie sabe cocinar! \u00bfPodr\u00e1 ayudarles la B preparando un rico bizcocho? La Z zapatera trabaja tranquilamente en su reino y de pronto oye llorar a alguien desde lo alto de su torre&#8230; \u00a1Es Rapunzel! Y la F toca la flauta junto con su compa\u00f1ero el flautista de Hamel\u00edn para espantar las ratas de la ciudad. \u00bfSe lo recompensar\u00e1 el alcalde?Pinocho, el rey Midas, el rey Arturo, el gato con botas y Al\u00ed Bab\u00e1: los personajes de las historias de siempre y tus amigas las letras divertidas se juntan en este fant\u00e1stico libro con letra manuscrita, bocadillos de c\u00f3mic e ilustraciones en cada p\u00e1gina. \u00b7 De la colecci\u00f3n de Las divertidas aventuras de las letras, un t\u00edtulo con m\u00e1s de 200.000 ejemplares vendidos.\u00b7 29 retellings de cuentos cl\u00e1sicos, de la A a la Z, cada uno protagonizado por una letra.\u00b7 Ideal para aprender las letras y empezar a leer.\u00b7 Con letra caligr\u00e1fica.<\/p>\n","protected":false},"excerpt":{"rendered":"<p>PILAR L\u00d3PEZ \u00c1VILA<\/p>\n","protected":false},"featured_media":1084261,"template":"","meta":{"_acf_changed":false,"om_disable_all_campaigns":false,"rs_blank_template":"","rs_page_bg_color":"","slide_template_v7":"","inline_featured_image":false,"_monsterinsights_skip_tracking":false,"_monsterinsights_sitenote_active":false,"_monsterinsights_sitenote_note":"","_monsterinsights_sitenote_category":0},"product_brand":[],"product_cat":[131,361],"product_tag":[],"class_list":{"0":"post-1084260","1":"product","2":"type-product","3":"status-publish","4":"has-post-thumbnail","6":"product_cat-contes-per-infants-0-6-anys","7":"product_cat-cuentos-para-ninos-0-6-anos","9":"first","10":"instock","11":"taxable","12":"shipping-taxable","13":"purchasable","14":"product-type-simple"},"acf":{"autor":"PILAR L\u00d3PEZ \u00c1VILA","codart":"846964557","libros-coleccion":"Castellano - A Partir De 3 A\u00f1os - Libros","ediciones":"1","encuadernacion":"Carton\u00e9","fecha_de_publicacion":"01\/02\/2026","novedad":"1","paginas":"407","subtitulo":"CUENTOS DE LA A A LA Z","orden":"0","portada":"0","idioma":"spa","booktrailer":"","resenas":"","editorial":[{"ID":147936,"post_author":"3","post_date":"2022-10-14 11:54:22","post_date_gmt":"2022-10-14 09:54:22","post_content":"","post_title":"Editorial Bru\u00f1o","post_excerpt":"","post_status":"publish","comment_status":"closed","ping_status":"closed","post_password":"","post_name":"editorial-bruno","to_ping":"","pinged":"","post_modified":"2022-10-14 11:54:22","post_modified_gmt":"2022-10-14 09:54:22","post_content_filtered":"","post_parent":0,"guid":"http:\/\/dev.claret.cat\/editorial\/editorial-bruno\/","menu_order":0,"post_type":"editorial","post_mime_type":"","comment_count":"0","filter":"raw"}]},"aioseo_notices":[],"_links":{"self":[{"href":"https:\/\/www.claret.cat\/es\/wp-json\/wp\/v2\/product\/1084260","targetHints":{"allow":["GET"]}}],"collection":[{"href":"https:\/\/www.claret.cat\/es\/wp-json\/wp\/v2\/product"}],"about":[{"href":"https:\/\/www.claret.cat\/es\/wp-json\/wp\/v2\/types\/product"}],"wp:featuredmedia":[{"embeddable":true,"href":"https:\/\/www.claret.cat\/es\/wp-json\/wp\/v2\/media\/1084261"}],"wp:attachment":[{"href":"https:\/\/www.claret.cat\/es\/wp-json\/wp\/v2\/media?parent=1084260"}],"wp:term":[{"taxonomy":"product_brand","embeddable":true,"href":"https:\/\/www.claret.cat\/es\/wp-json\/wp\/v2\/product_brand?post=1084260"},{"taxonomy":"product_cat","embeddable":true,"href":"https:\/\/www.claret.cat\/es\/wp-json\/wp\/v2\/product_cat?post=1084260"},{"taxonomy":"product_tag","embeddable":true,"href":"https:\/\/www.claret.cat\/es\/wp-json\/wp\/v2\/product_tag?post=1084260"}],"curies":[{"name":"wp","href":"https:\/\/api.w.org\/{rel}","templated":true}]}}