{"id":1084271,"date":"2026-02-17T14:00:49","date_gmt":"2026-02-17T13:00:49","guid":{"rendered":"https:\/\/www.claret.cat\/llibre\/santas-9788466683142\/"},"modified":"2026-04-01T14:58:36","modified_gmt":"2026-04-01T12:58:36","slug":"santas-9788466683142","status":"publish","type":"product","link":"https:\/\/www.claret.cat\/es\/libro\/santas-9788466683142\/","title":{"rendered":"SANTAS"},"content":{"rendered":"<p><strong class='ql-size-large'>M\u00e1rtires, visionarias y maestras del amor divino: mujeres que, movidas por la fe, transformaron la historia y dejaron una huella eterna<\/strong><\/p>\n<p><\/p>\n<p>Descubre las vidas fascinantes e inspiradoras de las mujeres que cambiaron la historia de la fe.<\/p>\n<p><\/p>\n<p>Entre la tierra y el cielo, entre el arte y la oraci\u00f3n, surge Santas: una obra ilustrada que relata las vidas extraordinarias de mujeres que desafiaron las convenciones de su \u00e9poca. <\/p>\n<p><\/p>\n<p>Desde <strong>Mar\u00eda Magdalena<\/strong> (la primera testigo de la resurrecci\u00f3n de Cristo) hasta <strong>Juana de Arco<\/strong> (la joven guerrera que cambi\u00f3 el destino de Francia), pasando por<strong> santa Teresa de Jes\u00fas<\/strong> (m\u00edstica y escritora cuya obra transform\u00f3 la espiritualidad y la literatura de su tiempo), el ejemplo de estas mujeres atraviesa los siglos y las fronteras, inspirando obras de arte, himnos, pel\u00edculas y leyendas que siguen vivas en la memoria colectiva. <\/p>\n<p><\/p>\n<p>Con sus inconfundibles ilustraciones, <a href='https:\/\/www.claret.cat\/es\/catalogo\/?b=Carlota+Santos' rel='noopener noreferrer' target='_blank'><strong>Carlota Santos<\/strong><\/a> nos gu\u00eda en un recorrido espiritual y art\u00edstico a trav\u00e9s relatos de valor, sacrificio y esperanza. Una invitaci\u00f3n a mirar con nuevos ojos el misterio, la devoci\u00f3n y la fuerza de lo divino.<\/p>\n","protected":false},"excerpt":{"rendered":"<p>CARLOTA SANTOS (@CARLOTYDES)<\/p>\n","protected":false},"featured_media":1085904,"template":"","meta":{"_acf_changed":false,"om_disable_all_campaigns":false,"rs_blank_template":"","rs_page_bg_color":"","slide_template_v7":"","inline_featured_image":false,"_monsterinsights_skip_tracking":false,"_monsterinsights_sitenote_active":false,"_monsterinsights_sitenote_note":"","_monsterinsights_sitenote_category":0},"product_brand":[],"product_cat":[95,545],"product_tag":[],"class_list":{"0":"post-1084271","1":"product","2":"type-product","3":"status-publish","4":"has-post-thumbnail","6":"product_cat-santoral","7":"product_cat-santoral-1_espiritualidad-spa","9":"first","10":"instock","11":"taxable","12":"shipping-taxable","13":"purchasable","14":"product-type-simple"},"acf":{"autor":"CARLOTA SANTOS (@CARLOTYDES)","codart":"846668314","libros-coleccion":"FORA DE COL.LECCI\u00d3","ediciones":"1","encuadernacion":"Carton\u00e9","fecha_de_publicacion":"26\/02\/2026","novedad":"1","paginas":"144","subtitulo":"","orden":"0","portada":"0","idioma":"spa","booktrailer":"","resenas":"","editorial":[{"ID":6200,"post_author":"3","post_date":"2022-07-28 17:47:00","post_date_gmt":"2022-07-28 15:47:00","post_content":"","post_title":"EDICIONES B","post_excerpt":"","post_status":"publish","comment_status":"closed","ping_status":"closed","post_password":"","post_name":"ediciones-b","to_ping":"","pinged":"","post_modified":"2022-07-28 17:47:00","post_modified_gmt":"2022-07-28 15:47:00","post_content_filtered":"","post_parent":0,"guid":"http:\/\/dev.claret.cat\/editorial\/ediciones-b\/","menu_order":0,"post_type":"editorial","post_mime_type":"","comment_count":"0","filter":"raw"}],"linkebook":"","ficha":"","muestra":"","precioebook":"0","presentacion":""},"aioseo_notices":[],"_links":{"self":[{"href":"https:\/\/www.claret.cat\/es\/wp-json\/wp\/v2\/product\/1084271","targetHints":{"allow":["GET"]}}],"collection":[{"href":"https:\/\/www.claret.cat\/es\/wp-json\/wp\/v2\/product"}],"about":[{"href":"https:\/\/www.claret.cat\/es\/wp-json\/wp\/v2\/types\/product"}],"wp:featuredmedia":[{"embeddable":true,"href":"https:\/\/www.claret.cat\/es\/wp-json\/wp\/v2\/media\/1085904"}],"wp:attachment":[{"href":"https:\/\/www.claret.cat\/es\/wp-json\/wp\/v2\/media?parent=1084271"}],"wp:term":[{"taxonomy":"product_brand","embeddable":true,"href":"https:\/\/www.claret.cat\/es\/wp-json\/wp\/v2\/product_brand?post=1084271"},{"taxonomy":"product_cat","embeddable":true,"href":"https:\/\/www.claret.cat\/es\/wp-json\/wp\/v2\/product_cat?post=1084271"},{"taxonomy":"product_tag","embeddable":true,"href":"https:\/\/www.claret.cat\/es\/wp-json\/wp\/v2\/product_tag?post=1084271"}],"curies":[{"name":"wp","href":"https:\/\/api.w.org\/{rel}","templated":true}]}}