{"id":1084303,"date":"2026-02-17T14:20:11","date_gmt":"2026-02-17T13:20:11","guid":{"rendered":"https:\/\/www.claret.cat\/llibre\/hoppers-disney-presenta-9791387901233\/"},"modified":"2026-02-28T13:00:09","modified_gmt":"2026-02-28T12:00:09","slug":"hoppers-disney-presenta-9791387901233","status":"publish","type":"product","link":"https:\/\/www.claret.cat\/es\/libro\/hoppers-disney-presenta-9791387901233\/","title":{"rendered":"HOPPERS. DISNEY PRESENTA"},"content":{"rendered":"<p>Descubre el mundo de Hoppers, donde la tecnolog\u00eda y los humanos se hacen uno con la naturaleza<br \/> Un grupo de cient\u00edficos ha inventado una tecnolog\u00eda que permite a los humanos transferir su conciencia a robots con aspecto de animales, haciendo as\u00ed que las personas se puedan comunicar con el reino animal. La intr\u00e9pida Mabel usar\u00e1 este gran invento para hacerse pasar por un castor con la intenci\u00f3n de frustrar los planes de un alcalde codicioso que quiere destruir el bosque.<\/p>\n","protected":false},"excerpt":{"rendered":"<p>DISNEY<\/p>\n","protected":false},"featured_media":1084304,"template":"","meta":{"_acf_changed":false,"om_disable_all_campaigns":false,"rs_blank_template":"","rs_page_bg_color":"","slide_template_v7":"","inline_featured_image":false,"_monsterinsights_skip_tracking":false,"_monsterinsights_sitenote_active":false,"_monsterinsights_sitenote_note":"","_monsterinsights_sitenote_category":0},"product_brand":[],"product_cat":[131,561,112,361],"product_tag":[],"class_list":{"0":"post-1084303","1":"product","2":"type-product","3":"status-publish","4":"has-post-thumbnail","6":"product_cat-contes-per-infants-0-6-anys","7":"product_cat-cine-y-television","8":"product_cat-cinema-i-televisio","9":"product_cat-cuentos-para-ninos-0-6-anos","11":"first","12":"instock","13":"taxable","14":"shipping-taxable","15":"purchasable","16":"product-type-simple"},"acf":{"autor":"DISNEY","codart":"138790123","libros-coleccion":"","ediciones":"1","encuadernacion":"R\u00fastica","fecha_de_publicacion":"01\/02\/2026","novedad":"1","paginas":"80","subtitulo":"","orden":"0","portada":"0","idioma":"spa","booktrailer":"","resenas":"","editorial":[{"ID":6289,"post_author":"3","post_date":"2022-07-28 17:48:59","post_date_gmt":"2022-07-28 15:48:59","post_content":"","post_title":"LIBROS DISNEY","post_excerpt":"","post_status":"publish","comment_status":"closed","ping_status":"closed","post_password":"","post_name":"libros-disney","to_ping":"","pinged":"","post_modified":"2022-07-28 17:48:59","post_modified_gmt":"2022-07-28 15:48:59","post_content_filtered":"","post_parent":0,"guid":"http:\/\/dev.claret.cat\/editorial\/libros-disney\/","menu_order":0,"post_type":"editorial","post_mime_type":"","comment_count":"0","filter":"raw"}]},"aioseo_notices":[],"_links":{"self":[{"href":"https:\/\/www.claret.cat\/es\/wp-json\/wp\/v2\/product\/1084303","targetHints":{"allow":["GET"]}}],"collection":[{"href":"https:\/\/www.claret.cat\/es\/wp-json\/wp\/v2\/product"}],"about":[{"href":"https:\/\/www.claret.cat\/es\/wp-json\/wp\/v2\/types\/product"}],"wp:featuredmedia":[{"embeddable":true,"href":"https:\/\/www.claret.cat\/es\/wp-json\/wp\/v2\/media\/1084304"}],"wp:attachment":[{"href":"https:\/\/www.claret.cat\/es\/wp-json\/wp\/v2\/media?parent=1084303"}],"wp:term":[{"taxonomy":"product_brand","embeddable":true,"href":"https:\/\/www.claret.cat\/es\/wp-json\/wp\/v2\/product_brand?post=1084303"},{"taxonomy":"product_cat","embeddable":true,"href":"https:\/\/www.claret.cat\/es\/wp-json\/wp\/v2\/product_cat?post=1084303"},{"taxonomy":"product_tag","embeddable":true,"href":"https:\/\/www.claret.cat\/es\/wp-json\/wp\/v2\/product_tag?post=1084303"}],"curies":[{"name":"wp","href":"https:\/\/api.w.org\/{rel}","templated":true}]}}