{"id":108437,"date":"2022-10-12T09:45:56","date_gmt":"2022-10-12T07:45:56","guid":{"rendered":"http:\/\/dev.claret.cat\/producte\/algu-sha-empassat-la-lina\/"},"modified":"2023-01-27T23:40:09","modified_gmt":"2023-01-27T22:40:09","slug":"algu-sha-empassat-la-lina-9788499063546","status":"publish","type":"product","link":"https:\/\/www.claret.cat\/es\/libro\/algu-sha-empassat-la-lina-9788499063546\/","title":{"rendered":"ALG\u00da S&#8221;HA EMPASSAT LA LINA!"},"content":{"rendered":"<p>Lina \u00e9s una bossa de pl\u00e0stic que sura desorientada en la mar. Diversos animals la hi intenten empassar fins que una tortuga ho aconsegueix. Lina es queda embussada en la gola de la pobra tortuga, que gens espantada fins a aconseguir la platja.<\/p>\n","protected":false},"excerpt":{"rendered":"<p>ROBERTS, SARAH<\/p>\n","protected":false},"featured_media":108438,"template":"","meta":{"_acf_changed":false,"om_disable_all_campaigns":false,"rs_blank_template":"","rs_page_bg_color":"","slide_template_v7":"","inline_featured_image":false,"_monsterinsights_skip_tracking":false,"_monsterinsights_sitenote_active":false,"_monsterinsights_sitenote_note":"","_monsterinsights_sitenote_category":0},"product_brand":[],"product_cat":[16],"product_tag":[],"class_list":{"0":"post-108437","1":"product","2":"type-product","3":"status-publish","4":"has-post-thumbnail","6":"product_cat-sense-categoria","8":"first","9":"instock","10":"taxable","11":"shipping-taxable","12":"purchasable","13":"product-type-simple"},"acf":{"editorial":[{"ID":6221,"post_author":"3","post_date":"2022-07-28 17:47:29","post_date_gmt":"2022-07-28 15:47:29","post_content":"","post_title":"Editorial Br\u00faixola","post_excerpt":"","post_status":"publish","comment_status":"closed","ping_status":"closed","post_password":"","post_name":"editorial-bruixola","to_ping":"","pinged":"","post_modified":"2022-07-28 17:47:29","post_modified_gmt":"2022-07-28 15:47:29","post_content_filtered":"","post_parent":0,"guid":"http:\/\/dev.claret.cat\/editorial\/editorial-bruixola\/","menu_order":0,"post_type":"editorial","post_mime_type":"","comment_count":"0","filter":"raw"}],"autor":"ROBERTS, SARAH","codart":"849906354","libros-coleccion":"","ediciones":"1","encuadernacion":"Carton\u00e9","fecha_de_publicacion":"01\/07\/2020","novedad":"1","paginas":"45","subtitulo":"","orden":"0","portada":"0","idioma":"spa","autores-libros":[{"ID":169166,"post_author":"3","post_date":"2022-10-14 22:25:00","post_date_gmt":"2022-10-14 20:25:00","post_content":"","post_title":"SARAH ROBERTS","post_excerpt":"","post_status":"publish","comment_status":"closed","ping_status":"closed","post_password":"","post_name":"sarah-roberts","to_ping":"","pinged":"","post_modified":"2022-10-14 22:25:00","post_modified_gmt":"2022-10-14 20:25:00","post_content_filtered":"","post_parent":0,"guid":"http:\/\/dev.claret.cat\/autor\/sarah-roberts\/","menu_order":0,"post_type":"autor","post_mime_type":"","comment_count":"0","filter":"raw"}]},"aioseo_notices":[],"_links":{"self":[{"href":"https:\/\/www.claret.cat\/es\/wp-json\/wp\/v2\/product\/108437","targetHints":{"allow":["GET"]}}],"collection":[{"href":"https:\/\/www.claret.cat\/es\/wp-json\/wp\/v2\/product"}],"about":[{"href":"https:\/\/www.claret.cat\/es\/wp-json\/wp\/v2\/types\/product"}],"wp:featuredmedia":[{"embeddable":true,"href":"https:\/\/www.claret.cat\/es\/wp-json\/wp\/v2\/media\/108438"}],"wp:attachment":[{"href":"https:\/\/www.claret.cat\/es\/wp-json\/wp\/v2\/media?parent=108437"}],"wp:term":[{"taxonomy":"product_brand","embeddable":true,"href":"https:\/\/www.claret.cat\/es\/wp-json\/wp\/v2\/product_brand?post=108437"},{"taxonomy":"product_cat","embeddable":true,"href":"https:\/\/www.claret.cat\/es\/wp-json\/wp\/v2\/product_cat?post=108437"},{"taxonomy":"product_tag","embeddable":true,"href":"https:\/\/www.claret.cat\/es\/wp-json\/wp\/v2\/product_tag?post=108437"}],"curies":[{"name":"wp","href":"https:\/\/api.w.org\/{rel}","templated":true}]}}