{"id":1084484,"date":"2026-02-18T11:55:02","date_gmt":"2026-02-18T10:55:02","guid":{"rendered":"https:\/\/www.claret.cat\/llibre\/el-despotismo-democratico-9788412648935\/"},"modified":"2026-02-26T10:55:26","modified_gmt":"2026-02-26T09:55:26","slug":"el-despotismo-democratico-9788412648935","status":"publish","type":"product","link":"https:\/\/www.claret.cat\/es\/libro\/el-despotismo-democratico-9788412648935\/","title":{"rendered":"EL DESPOTISMO DEMOCR\u00c1TICO"},"content":{"rendered":"<p>Presentamos en este volumen, de manera independiente y con pr\u00f3logo de Raymond Aron, la parte cuarta y \u00faltima de la obra magna de Tocqueville, &#8221;La democracia en Am\u00e9rica&#8221;.Presentamos en este volumen, de manera independiente, la parte cuarta y \u00faltima de la obra magna de Tocqueville, &#8221;La democracia en Am\u00e9rica&#8221;, uno de los textos fundamentales de la teor\u00eda pol\u00edtica. En esta parte final, prologada aqu\u00ed por Raymond Aron, Tocqueville nos ofrece las conclusiones de su estudio y formula su c\u00e9lebre concepci\u00f3n del despotismo democr\u00e1tico, aquel que amenaza a nuestras sociedades contempor\u00e1neas, caracterizadas por la tensi\u00f3n entre la libertad y la igualdad.<\/p>\n","protected":false},"excerpt":{"rendered":"<p>TOCQUEVILLE, ALEXIS DE<\/p>\n","protected":false},"featured_media":1086529,"template":"","meta":{"_acf_changed":false,"om_disable_all_campaigns":false,"rs_blank_template":"","rs_page_bg_color":"","slide_template_v7":"","inline_featured_image":false,"_monsterinsights_skip_tracking":false,"_monsterinsights_sitenote_active":false,"_monsterinsights_sitenote_note":"","_monsterinsights_sitenote_category":0},"product_brand":[],"product_cat":[373,166,162,436,170,441],"product_tag":[],"class_list":{"0":"post-1084484","1":"product","2":"type-product","3":"status-publish","4":"has-post-thumbnail","6":"product_cat-autores","7":"product_cat-autors-filosofia","8":"product_cat-economica-i-politica","9":"product_cat-economica-y-politica","10":"product_cat-politica-i-social","11":"product_cat-politica-y-social","13":"first","14":"instock","15":"taxable","16":"shipping-taxable","17":"purchasable","18":"product-type-simple"},"acf":{"autor":"TOCQUEVILLE, ALEXIS DE","codart":"841264893","libros-coleccion":"Ensayo","ediciones":"1","encuadernacion":"R\u00fastica","fecha_de_publicacion":"01\/10\/2023","novedad":"1","paginas":"128","subtitulo":"","orden":"0","portada":"0","idioma":"spa","booktrailer":"","resenas":"","editorial":[{"ID":148617,"post_author":"3","post_date":"2022-10-14 11:59:39","post_date_gmt":"2022-10-14 09:59:39","post_content":"","post_title":"PAGINA INDOMITA","post_excerpt":"","post_status":"publish","comment_status":"closed","ping_status":"closed","post_password":"","post_name":"pagina-indomita","to_ping":"","pinged":"","post_modified":"2022-10-14 11:59:39","post_modified_gmt":"2022-10-14 09:59:39","post_content_filtered":"","post_parent":0,"guid":"http:\/\/dev.claret.cat\/editorial\/pagina-indomita\/","menu_order":0,"post_type":"editorial","post_mime_type":"","comment_count":"0","filter":"raw"}]},"aioseo_notices":[],"_links":{"self":[{"href":"https:\/\/www.claret.cat\/es\/wp-json\/wp\/v2\/product\/1084484","targetHints":{"allow":["GET"]}}],"collection":[{"href":"https:\/\/www.claret.cat\/es\/wp-json\/wp\/v2\/product"}],"about":[{"href":"https:\/\/www.claret.cat\/es\/wp-json\/wp\/v2\/types\/product"}],"wp:featuredmedia":[{"embeddable":true,"href":"https:\/\/www.claret.cat\/es\/wp-json\/wp\/v2\/media\/1086529"}],"wp:attachment":[{"href":"https:\/\/www.claret.cat\/es\/wp-json\/wp\/v2\/media?parent=1084484"}],"wp:term":[{"taxonomy":"product_brand","embeddable":true,"href":"https:\/\/www.claret.cat\/es\/wp-json\/wp\/v2\/product_brand?post=1084484"},{"taxonomy":"product_cat","embeddable":true,"href":"https:\/\/www.claret.cat\/es\/wp-json\/wp\/v2\/product_cat?post=1084484"},{"taxonomy":"product_tag","embeddable":true,"href":"https:\/\/www.claret.cat\/es\/wp-json\/wp\/v2\/product_tag?post=1084484"}],"curies":[{"name":"wp","href":"https:\/\/api.w.org\/{rel}","templated":true}]}}