{"id":1084499,"date":"2026-02-18T12:25:18","date_gmt":"2026-02-18T11:25:18","guid":{"rendered":"https:\/\/www.claret.cat\/llibre\/mi-sol-si-de-cantinelas-9788411583497\/"},"modified":"2026-02-28T11:55:17","modified_gmt":"2026-02-28T10:55:17","slug":"mi-sol-si-de-cantinelas-9788411583497","status":"publish","type":"product","link":"https:\/\/www.claret.cat\/es\/libro\/mi-sol-si-de-cantinelas-9788411583497\/","title":{"rendered":"MI SOL SI DE CANTINELAS"},"content":{"rendered":"<p>Mi Sol Si es una colecci\u00f3n de canciones de la tradici\u00f3n oral para compartir con los m\u00e1s peque\u00f1os. Encontrar\u00e1s 8 nanas, ilustradas por Christian Inaraja, para acompa\u00f1ar a vuestro beb\u00e9 a la hora de dormir. Melod\u00edas dulces para crear momentos de calma y ternura que os ayudar\u00e1n a cerrar el d\u00eda juntos; 8 canciones de regazo, ilustradas por Cristina Losantos, para jugar, re\u00edr y compartir momentos de complicidad, fomentando el v\u00ednculo afectivo, la alegr\u00eda y la diversi\u00f3n compartida; y 8 cantinelas, ilustradas por Merc\u00e8 Gal\u00ed, que han pasado de generaci\u00f3n en generaci\u00f3n para acompa\u00f1ar cada momento del d\u00eda. Melod\u00edas familiares para cantar, jugar y crecer juntos que mantienen viva la memoria musical de siempre. Adem\u00e1s, cada canci\u00f3n contiene un QR con la m\u00fasica grabada de nuevo con los arreglos musicales de Eduard Iniesta y la voz de Magal\u00ed Sare.<\/p>\n","protected":false},"excerpt":{"rendered":"<p>CRISTINA CORRERO IGLESIAS<\/p>\n","protected":false},"featured_media":1084500,"template":"","meta":{"_acf_changed":false,"om_disable_all_campaigns":false,"rs_blank_template":"","rs_page_bg_color":"","slide_template_v7":"","inline_featured_image":false,"_monsterinsights_skip_tracking":false,"_monsterinsights_sitenote_active":false,"_monsterinsights_sitenote_note":"","_monsterinsights_sitenote_category":0},"product_brand":[],"product_cat":[131,361],"product_tag":[],"class_list":{"0":"post-1084499","1":"product","2":"type-product","3":"status-publish","4":"has-post-thumbnail","6":"product_cat-contes-per-infants-0-6-anys","7":"product_cat-cuentos-para-ninos-0-6-anos","9":"first","10":"instock","11":"taxable","12":"shipping-taxable","13":"purchasable","14":"product-type-simple"},"acf":{"autor":"CRISTINA CORRERO IGLESIAS","codart":"841158349","libros-coleccion":"","ediciones":"1","encuadernacion":"Carpeta","fecha_de_publicacion":"01\/02\/2026","novedad":"1","paginas":"18","subtitulo":"","orden":"0","portada":"0","idioma":"spa","booktrailer":"","resenas":"","editorial":[{"ID":147649,"post_author":"3","post_date":"2022-10-14 11:52:11","post_date_gmt":"2022-10-14 09:52:11","post_content":"","post_title":"COMBEL EDITORIAL","post_excerpt":"","post_status":"publish","comment_status":"closed","ping_status":"closed","post_password":"","post_name":"combel-editorial","to_ping":"","pinged":"","post_modified":"2022-10-14 11:52:11","post_modified_gmt":"2022-10-14 09:52:11","post_content_filtered":"","post_parent":0,"guid":"http:\/\/dev.claret.cat\/editorial\/combel-editorial\/","menu_order":0,"post_type":"editorial","post_mime_type":"","comment_count":"0","filter":"raw"}]},"aioseo_notices":[],"_links":{"self":[{"href":"https:\/\/www.claret.cat\/es\/wp-json\/wp\/v2\/product\/1084499","targetHints":{"allow":["GET"]}}],"collection":[{"href":"https:\/\/www.claret.cat\/es\/wp-json\/wp\/v2\/product"}],"about":[{"href":"https:\/\/www.claret.cat\/es\/wp-json\/wp\/v2\/types\/product"}],"wp:featuredmedia":[{"embeddable":true,"href":"https:\/\/www.claret.cat\/es\/wp-json\/wp\/v2\/media\/1084500"}],"wp:attachment":[{"href":"https:\/\/www.claret.cat\/es\/wp-json\/wp\/v2\/media?parent=1084499"}],"wp:term":[{"taxonomy":"product_brand","embeddable":true,"href":"https:\/\/www.claret.cat\/es\/wp-json\/wp\/v2\/product_brand?post=1084499"},{"taxonomy":"product_cat","embeddable":true,"href":"https:\/\/www.claret.cat\/es\/wp-json\/wp\/v2\/product_cat?post=1084499"},{"taxonomy":"product_tag","embeddable":true,"href":"https:\/\/www.claret.cat\/es\/wp-json\/wp\/v2\/product_tag?post=1084499"}],"curies":[{"name":"wp","href":"https:\/\/api.w.org\/{rel}","templated":true}]}}