{"id":1084507,"date":"2026-02-18T12:26:03","date_gmt":"2026-02-18T11:26:03","guid":{"rendered":"https:\/\/www.claret.cat\/llibre\/cristo-ha-resucitado-9788428558570\/"},"modified":"2026-02-18T12:26:16","modified_gmt":"2026-02-18T11:26:16","slug":"cristo-ha-resucitado-9788428558570","status":"publish","type":"product","link":"https:\/\/www.claret.cat\/es\/libro\/cristo-ha-resucitado-9788428558570\/","title":{"rendered":"CRISTO HA RESUCITADO"},"content":{"rendered":"<p>La historia de Jes\u00fas culmina en los acontecimientos de la Pascua pero, \u00bfqui\u00e9n fue y qui\u00e9n es Jes\u00fas? \u00bfqui\u00e9nes son sus disc\u00edpulos? Para encontrar respuestas debemos seguir su camino redentor en la muerte, la sepultura, el descubrimiento de la tumba vac\u00eda, el anuncio de la Resurrecci\u00f3n y las apariciones del Resucitado en el relato evang\u00e9lico de san Marcos. \u00abCristo ha resucitado\u00bb es un acercamiento literario, teol\u00f3gico, hist\u00f3rico y espiritual a la escena del descubrimiento de la tumba vac\u00eda y el anuncio de la Resurrecci\u00f3n para volver al centro del evangelio. La vuelta a lo esencial supone comprender lo que significa ser creyente, participando en un aut\u00e9ntico acontecimiento de fe en la historia y en la sociedad como testigos del Resucitado que han experimentado su Pascua.<\/p>\n","protected":false},"excerpt":{"rendered":"<p>MONTES PERAL, LUIS \u00c1NGEL<\/p>\n","protected":false},"featured_media":1084508,"template":"","meta":{"_acf_changed":false,"om_disable_all_campaigns":false,"rs_blank_template":"","rs_page_bg_color":"","slide_template_v7":"","inline_featured_image":false,"_monsterinsights_skip_tracking":false,"_monsterinsights_sitenote_active":false,"_monsterinsights_sitenote_note":"","_monsterinsights_sitenote_category":0},"product_brand":[],"product_cat":[276,414],"product_tag":[],"class_list":{"0":"post-1084507","1":"product","2":"type-product","3":"status-publish","4":"has-post-thumbnail","6":"product_cat-cristologia-teologia","7":"product_cat-cristologia-teologia-1_espiritualidad","9":"first","10":"instock","11":"taxable","12":"shipping-taxable","13":"purchasable","14":"product-type-simple"},"acf":{"autor":"MONTES PERAL, LUIS \u00c1NGEL","codart":"842855857","libros-coleccion":"Fuente","ediciones":"1","encuadernacion":"R\u00fastica","fecha_de_publicacion":"22\/02\/2021","novedad":"1","paginas":"230","subtitulo":"LA RESURRECCI\u00d3N EN EL FINAL DE LA PASI\u00d3N DE MARCOS","orden":"0","portada":"0","idioma":"spa","booktrailer":"","resenas":"","editorial":[{"ID":6356,"post_author":"3","post_date":"2022-07-28 17:50:26","post_date_gmt":"2022-07-28 15:50:26","post_content":"","post_title":"SAN PABLO COMUNICACI\u00d3N","post_excerpt":"","post_status":"publish","comment_status":"closed","ping_status":"closed","post_password":"","post_name":"san-pablo-comunicacion","to_ping":"","pinged":"","post_modified":"2022-07-28 17:50:26","post_modified_gmt":"2022-07-28 15:50:26","post_content_filtered":"","post_parent":0,"guid":"http:\/\/dev.claret.cat\/editorial\/san-pablo-comunicacion\/","menu_order":0,"post_type":"editorial","post_mime_type":"","comment_count":"0","filter":"raw"}],"autores-libros":[{"ID":162672,"post_author":"3","post_date":"2022-10-14 17:32:53","post_date_gmt":"2022-10-14 15:32:53","post_content":"","post_title":"LUIS \u00c1NGEL MONTES PERAL","post_excerpt":"","post_status":"publish","comment_status":"closed","ping_status":"closed","post_password":"","post_name":"luis-angel-montes-peral","to_ping":"","pinged":"","post_modified":"2022-10-14 17:32:53","post_modified_gmt":"2022-10-14 15:32:53","post_content_filtered":"","post_parent":0,"guid":"http:\/\/dev.claret.cat\/autor\/luis-angel-montes-peral\/","menu_order":0,"post_type":"autor","post_mime_type":"","comment_count":"0","filter":"raw"}]},"aioseo_notices":[],"_links":{"self":[{"href":"https:\/\/www.claret.cat\/es\/wp-json\/wp\/v2\/product\/1084507","targetHints":{"allow":["GET"]}}],"collection":[{"href":"https:\/\/www.claret.cat\/es\/wp-json\/wp\/v2\/product"}],"about":[{"href":"https:\/\/www.claret.cat\/es\/wp-json\/wp\/v2\/types\/product"}],"wp:featuredmedia":[{"embeddable":true,"href":"https:\/\/www.claret.cat\/es\/wp-json\/wp\/v2\/media\/1084508"}],"wp:attachment":[{"href":"https:\/\/www.claret.cat\/es\/wp-json\/wp\/v2\/media?parent=1084507"}],"wp:term":[{"taxonomy":"product_brand","embeddable":true,"href":"https:\/\/www.claret.cat\/es\/wp-json\/wp\/v2\/product_brand?post=1084507"},{"taxonomy":"product_cat","embeddable":true,"href":"https:\/\/www.claret.cat\/es\/wp-json\/wp\/v2\/product_cat?post=1084507"},{"taxonomy":"product_tag","embeddable":true,"href":"https:\/\/www.claret.cat\/es\/wp-json\/wp\/v2\/product_tag?post=1084507"}],"curies":[{"name":"wp","href":"https:\/\/api.w.org\/{rel}","templated":true}]}}