{"id":1084519,"date":"2026-02-18T12:45:15","date_gmt":"2026-02-18T11:45:15","guid":{"rendered":"https:\/\/www.claret.cat\/llibre\/inteligencia-natural-9788410354739\/"},"modified":"2026-04-15T11:45:06","modified_gmt":"2026-04-15T09:45:06","slug":"inteligencia-natural-9788410354739","status":"publish","type":"product","link":"https:\/\/www.claret.cat\/es\/libro\/inteligencia-natural-9788410354739\/","title":{"rendered":"INTELIGENCIA NATURAL"},"content":{"rendered":"<p>\u00bfY SI TU MENTE NO FUNCIONA COMO CREES?<\/p>\n<p> En este instante tienes dos opciones: cerrar el libro y seguir con tu vida\u2026 o abrirlo y cambiar para siempre la forma en que entiendes la realidad y el funcionamiento de tu mente.<\/p>\n<p> No te conoces tan bien como crees.<\/p>\n<p> Tus pensamientos no son tan tuyos.<\/p>\n<p> Tus decisiones no son tan libres.<\/p>\n<p> Y aquello que llamas \u00abpercepci\u00f3n\u00bb es, en gran medida, una construcci\u00f3n de tu cerebro.<\/p>\n<p> Comprenderlo no solo te permitir\u00e1 controlar la voluntad de los dem\u00e1s, sino evitar que te controlen a ti sin que seas consciente.<\/p>\n<p> Soy Javier Bot\u00eda, campe\u00f3n mundial de mentalismo y experto en comportamiento humano. En esta obra desvelo por primera vez los secretos de los mentalistas para manipular tu mente.<\/p>\n<p> Un aut\u00e9ntico tratado de psicolog\u00eda oscura que explica la neurociencia de forma sencilla, con ejercicios pr\u00e1cticos que te permitir\u00e1n conocer mejor tu cerebro y activar capacidades ocultas.<\/p>\n<p> Y ahora la pregunta sigue siendo la misma:<\/p>\n<p> \u00bfDejas este libro en el estante\u2026 o lo abres y descubres tu poder mental?<\/p>\n<p> Como soy experto en manipulaci\u00f3n, empiezo por el algoritmo (el siguiente p\u00e1rrafo no es para ti, salvo que seas un bot):<\/p>\n<p> subconsciente, atenci\u00f3n, memoria, h\u00e1bitos, autodisciplina, control de la voluntad, alto rendimiento, inteligencia emocional, leyes del poder, lenguaje corporal, microexpresiones, persuasi\u00f3n, influencia, negociaci\u00f3n, liderazgo, control mental, hipnosis, mentalismo, programaci\u00f3n neuroling\u00fc\u00edstica (PNL), ciencias del comportamiento.<\/p>\n<p> Atenci\u00f3n: He ocultado un mensaje secreto entre las p\u00e1ginas de este libro con el que obtendr\u00e1s respuesta a todas tus preguntas sobre la mente sin necesidad, siquiera, de le\u00e9rtelo. Si lo consigues resolver (perm\u00edteme dudarlo), cont\u00e1ctame por redes porque no todos los d\u00edas conozco a alguien como t\u00fa.<\/p>\n","protected":false},"excerpt":{"rendered":"<p>JAVIER BOT\u00cdA<\/p>\n","protected":false},"featured_media":1096462,"template":"","meta":{"_acf_changed":false,"om_disable_all_campaigns":false,"rs_blank_template":"","rs_page_bg_color":"","slide_template_v7":"","inline_featured_image":false,"_monsterinsights_skip_tracking":false,"_monsterinsights_sitenote_active":false,"_monsterinsights_sitenote_note":"","_monsterinsights_sitenote_category":0},"product_brand":[],"product_cat":[90,540],"product_tag":[],"class_list":{"0":"post-1084519","1":"product","2":"type-product","3":"status-publish","4":"has-post-thumbnail","6":"product_cat-altres","7":"product_cat-otros","9":"first","10":"instock","11":"taxable","12":"shipping-taxable","13":"purchasable","14":"product-type-simple"},"acf":{"autor":"JAVIER BOT\u00cdA","codart":"841035473","libros-coleccion":"","ediciones":"1","encuadernacion":"R\u00fastica","fecha_de_publicacion":"01\/01\/2026","novedad":"1","paginas":"252","subtitulo":"DESCUBRE TU PODER MENTAL","orden":"0","portada":"0","idioma":"spa","booktrailer":"","resenas":"","editorial":[{"ID":147460,"post_author":"3","post_date":"2022-10-14 11:50:45","post_date_gmt":"2022-10-14 09:50:45","post_content":"","post_title":"Arcopress Ediciones","post_excerpt":"","post_status":"publish","comment_status":"closed","ping_status":"closed","post_password":"","post_name":"arcopress-ediciones","to_ping":"","pinged":"","post_modified":"2022-10-14 11:50:45","post_modified_gmt":"2022-10-14 09:50:45","post_content_filtered":"","post_parent":0,"guid":"http:\/\/dev.claret.cat\/editorial\/arcopress-ediciones\/","menu_order":0,"post_type":"editorial","post_mime_type":"","comment_count":"0","filter":"raw"}]},"aioseo_notices":[],"_links":{"self":[{"href":"https:\/\/www.claret.cat\/es\/wp-json\/wp\/v2\/product\/1084519","targetHints":{"allow":["GET"]}}],"collection":[{"href":"https:\/\/www.claret.cat\/es\/wp-json\/wp\/v2\/product"}],"about":[{"href":"https:\/\/www.claret.cat\/es\/wp-json\/wp\/v2\/types\/product"}],"wp:featuredmedia":[{"embeddable":true,"href":"https:\/\/www.claret.cat\/es\/wp-json\/wp\/v2\/media\/1096462"}],"wp:attachment":[{"href":"https:\/\/www.claret.cat\/es\/wp-json\/wp\/v2\/media?parent=1084519"}],"wp:term":[{"taxonomy":"product_brand","embeddable":true,"href":"https:\/\/www.claret.cat\/es\/wp-json\/wp\/v2\/product_brand?post=1084519"},{"taxonomy":"product_cat","embeddable":true,"href":"https:\/\/www.claret.cat\/es\/wp-json\/wp\/v2\/product_cat?post=1084519"},{"taxonomy":"product_tag","embeddable":true,"href":"https:\/\/www.claret.cat\/es\/wp-json\/wp\/v2\/product_tag?post=1084519"}],"curies":[{"name":"wp","href":"https:\/\/api.w.org\/{rel}","templated":true}]}}