{"id":1084524,"date":"2026-02-18T12:55:02","date_gmt":"2026-02-18T11:55:02","guid":{"rendered":"https:\/\/www.claret.cat\/llibre\/max-fridman-los-primos-meyer-9788467981957\/"},"modified":"2026-02-25T18:11:20","modified_gmt":"2026-02-25T17:11:20","slug":"max-fridman-los-primos-meyer-9788467981957","status":"publish","type":"product","link":"https:\/\/www.claret.cat\/es\/libro\/max-fridman-los-primos-meyer-9788467981957\/","title":{"rendered":"MAX FRIDMAN. LOS PRIMOS MEYER"},"content":{"rendered":"<p>Los Meyer, una familia ilustrada de la burgues\u00eda vienesa, busca desesperadamente la forma de escapar del infierno en que Austria se ha convertido para los jud\u00edos tras su ane\u00acxi\u00f3n al Tercer Reich. Pero las leyes antijud\u00edas y la persecu\u00acci\u00f3n constante de la Gestapo no se lo pondr\u00e1n nada f\u00e1cil. Su \u00fanica posibilidad de escapar se la brindar\u00e1 un primo lejano, un tal Max Fridman. El maestro Vittorio Giardino recupera a su personaje m\u00e1s emblem\u00e1tico en un brillante enredo que combina espio\u00acnaje y suspense sobre un tel\u00f3n de fondo hist\u00f3rico rigurosa\u00acmente documentado.<\/p>\n","protected":false},"excerpt":{"rendered":"<p>VITTORIO GIARDINO<\/p>\n","protected":false},"featured_media":1084525,"template":"","meta":{"_acf_changed":false,"om_disable_all_campaigns":false,"rs_blank_template":"","rs_page_bg_color":"","slide_template_v7":"","inline_featured_image":false,"_monsterinsights_skip_tracking":false,"_monsterinsights_sitenote_active":false,"_monsterinsights_sitenote_note":"","_monsterinsights_sitenote_category":0},"product_brand":[],"product_cat":[108,558],"product_tag":[],"class_list":{"0":"post-1084524","1":"product","2":"type-product","3":"status-publish","4":"has-post-thumbnail","6":"product_cat-comic","7":"product_cat-comic-3_infantil-juvenil-spa-spa","9":"first","10":"instock","11":"taxable","12":"shipping-taxable","13":"purchasable","14":"product-type-simple"},"acf":{"autor":"VITTORIO GIARDINO","codart":"846798195","libros-coleccion":"","ediciones":"1","encuadernacion":"Carton\u00e9","fecha_de_publicacion":"01\/02\/2026","novedad":"1","paginas":"216","subtitulo":"","orden":"0","portada":"0","idioma":"spa","booktrailer":"","resenas":"","editorial":[{"ID":6315,"post_author":"3","post_date":"2022-07-28 17:49:33","post_date_gmt":"2022-07-28 15:49:33","post_content":"","post_title":"NORMA EDITORIAL S.A","post_excerpt":"","post_status":"publish","comment_status":"closed","ping_status":"closed","post_password":"","post_name":"norma-editorial-s-a","to_ping":"","pinged":"","post_modified":"2022-07-28 17:49:33","post_modified_gmt":"2022-07-28 15:49:33","post_content_filtered":"","post_parent":0,"guid":"http:\/\/dev.claret.cat\/editorial\/norma-editorial-s-a\/","menu_order":0,"post_type":"editorial","post_mime_type":"","comment_count":"0","filter":"raw"}]},"aioseo_notices":[],"_links":{"self":[{"href":"https:\/\/www.claret.cat\/es\/wp-json\/wp\/v2\/product\/1084524","targetHints":{"allow":["GET"]}}],"collection":[{"href":"https:\/\/www.claret.cat\/es\/wp-json\/wp\/v2\/product"}],"about":[{"href":"https:\/\/www.claret.cat\/es\/wp-json\/wp\/v2\/types\/product"}],"wp:featuredmedia":[{"embeddable":true,"href":"https:\/\/www.claret.cat\/es\/wp-json\/wp\/v2\/media\/1084525"}],"wp:attachment":[{"href":"https:\/\/www.claret.cat\/es\/wp-json\/wp\/v2\/media?parent=1084524"}],"wp:term":[{"taxonomy":"product_brand","embeddable":true,"href":"https:\/\/www.claret.cat\/es\/wp-json\/wp\/v2\/product_brand?post=1084524"},{"taxonomy":"product_cat","embeddable":true,"href":"https:\/\/www.claret.cat\/es\/wp-json\/wp\/v2\/product_cat?post=1084524"},{"taxonomy":"product_tag","embeddable":true,"href":"https:\/\/www.claret.cat\/es\/wp-json\/wp\/v2\/product_tag?post=1084524"}],"curies":[{"name":"wp","href":"https:\/\/api.w.org\/{rel}","templated":true}]}}