{"id":1084530,"date":"2026-02-18T13:05:20","date_gmt":"2026-02-18T12:05:20","guid":{"rendered":"https:\/\/www.claret.cat\/llibre\/temps-de-gracia-9791388022036\/"},"modified":"2026-03-13T13:30:20","modified_gmt":"2026-03-13T12:30:20","slug":"temps-de-gracia-9791388022036","status":"publish","type":"product","link":"https:\/\/www.claret.cat\/es\/libro\/temps-de-gracia-9791388022036\/","title":{"rendered":"TEMPS DE GR\u00c0CIA"},"content":{"rendered":"<p>El llibre il\u00b7lustrat Temps de Gr\u00e0cia, que neix de l&#8217;esperit del urban sketching, \u00e9s un homenatge a la Vila de Gr\u00e0cia i els seus ve\u00efns i ve\u00efnes, aix\u00ed com un llibre de passeig, tant per a aquells que coneixen i volen el barri com per aquells que fins i tot no.<br \/>Amb els seus dibuixos, Feliu Renom agafa l&#8217;ess\u00e8ncia i la marcada personalitat d&#8217;aquest barri de Barcelona i ens ofereix la seva mirada sobre les nombroses places de Gr\u00e0cia, amplis espais de trobada i conviv\u00e8ncia. Tamb\u00e9 recorre els seus carrers, llocs per a perdre&#8217;s, en haver mantingut el seu tra\u00e7at estret i un \u00fas predominantment per a vianants. Ens convida a redescobrir els seus emblem\u00e0tics edificis d&#8217;est\u00e8tica modernista, veritables joies que revelen la petjada d&#8217;aquest corrent art\u00edstic a la ciutat; aix\u00ed com les cases baixes que ens parlen del passat industrial i menestral del barri, i els comer\u00e7os, bars, cellers, tallers, llibreries, entitats associatives\u2026, que reflecteixen la resist\u00e8ncia del ric i variat teixit social i comercial del barri. Finalment, captura la Gr\u00e0cia viva, la de la seva gent, especialment a partir d&#8217;algunes de les seves festes m\u00e9s representatives, com s\u00f3n la Festa Major de Gr\u00e0cia, els Foguerons de Sant Antoni de sa Pobla a Gr\u00e0cia i Sant Mesurar.<\/p>\n","protected":false},"excerpt":{"rendered":"<p>FELIU RENOM SOTORRA<\/p>\n","protected":false},"featured_media":1084790,"template":"","meta":{"_acf_changed":false,"om_disable_all_campaigns":false,"rs_blank_template":"","rs_page_bg_color":"","slide_template_v7":"","inline_featured_image":false,"_monsterinsights_skip_tracking":false,"_monsterinsights_sitenote_active":false,"_monsterinsights_sitenote_note":"","_monsterinsights_sitenote_category":0},"product_brand":[],"product_cat":[110,560,105,555],"product_tag":[],"class_list":{"0":"post-1084530","1":"product","2":"type-product","3":"status-publish","4":"has-post-thumbnail","6":"product_cat-art","7":"product_cat-arte","8":"product_cat-regal","9":"product_cat-regalo","11":"first","12":"instock","13":"taxable","14":"shipping-taxable","15":"purchasable","16":"product-type-simple"},"acf":{"autor":"FELIU RENOM SOTORRA","codart":"138802203","libros-coleccion":"","ediciones":"1","encuadernacion":"R\u00fastica","fecha_de_publicacion":"01\/02\/2026","novedad":"1","paginas":"184","subtitulo":"","orden":"0","portada":"0","idioma":"cat","booktrailer":"","resenas":"","editorial":[{"ID":148775,"post_author":"3","post_date":"2022-10-14 12:00:53","post_date_gmt":"2022-10-14 10:00:53","post_content":"","post_title":"Salvatella","post_excerpt":"","post_status":"publish","comment_status":"closed","ping_status":"closed","post_password":"","post_name":"salvatella","to_ping":"","pinged":"","post_modified":"2022-10-14 12:00:53","post_modified_gmt":"2022-10-14 10:00:53","post_content_filtered":"","post_parent":0,"guid":"http:\/\/dev.claret.cat\/editorial\/salvatella\/","menu_order":0,"post_type":"editorial","post_mime_type":"","comment_count":"0","filter":"raw"}]},"aioseo_notices":[],"_links":{"self":[{"href":"https:\/\/www.claret.cat\/es\/wp-json\/wp\/v2\/product\/1084530","targetHints":{"allow":["GET"]}}],"collection":[{"href":"https:\/\/www.claret.cat\/es\/wp-json\/wp\/v2\/product"}],"about":[{"href":"https:\/\/www.claret.cat\/es\/wp-json\/wp\/v2\/types\/product"}],"wp:featuredmedia":[{"embeddable":true,"href":"https:\/\/www.claret.cat\/es\/wp-json\/wp\/v2\/media\/1084790"}],"wp:attachment":[{"href":"https:\/\/www.claret.cat\/es\/wp-json\/wp\/v2\/media?parent=1084530"}],"wp:term":[{"taxonomy":"product_brand","embeddable":true,"href":"https:\/\/www.claret.cat\/es\/wp-json\/wp\/v2\/product_brand?post=1084530"},{"taxonomy":"product_cat","embeddable":true,"href":"https:\/\/www.claret.cat\/es\/wp-json\/wp\/v2\/product_cat?post=1084530"},{"taxonomy":"product_tag","embeddable":true,"href":"https:\/\/www.claret.cat\/es\/wp-json\/wp\/v2\/product_tag?post=1084530"}],"curies":[{"name":"wp","href":"https:\/\/api.w.org\/{rel}","templated":true}]}}