{"id":1084536,"date":"2026-02-18T13:05:51","date_gmt":"2026-02-18T12:05:51","guid":{"rendered":"https:\/\/www.claret.cat\/llibre\/blake-y-mortimer-integral-4-9788467979152\/"},"modified":"2026-02-25T18:11:28","modified_gmt":"2026-02-25T17:11:28","slug":"blake-y-mortimer-integral-4-9788467979152","status":"publish","type":"product","link":"https:\/\/www.claret.cat\/es\/libro\/blake-y-mortimer-integral-4-9788467979152\/","title":{"rendered":"BLAKE Y MORTIMER. INTEGRAL 4"},"content":{"rendered":"<p>La muerte de Edgar P. Jacobs dej\u00f3 en suspenso la continuidad de las aventuras de Blake y Mortimer, pero, desde 1996, dos equipos de autores se encargan en paralelo de revitalizar la serie respetando fielmente sus se\u00f1as de identidad gr\u00e1ficas y narrativas. Con este cuarto volumen integral inauguramos esta nueva etapa en el curso de la colecci\u00f3n. Este volumen incluye tres \u00e1lbumes firmados por dos equipos creativos de aut\u00e9ntico lujo: a un lado, el guionista Jean Van Hamme y el magistral dibujante Ted Benoit; al otro, el escritor Yves Sente junto al gran artista Andr\u00e9 Juillard, todo acompa\u00f1ado por un extenso dosier del especialista Jorge Garc\u00eda ilustrado con arte in\u00e9dito.<\/p>\n","protected":false},"excerpt":{"rendered":"<p>E.P. JACOBS<\/p>\n","protected":false},"featured_media":1084537,"template":"","meta":{"_acf_changed":false,"om_disable_all_campaigns":false,"rs_blank_template":"","rs_page_bg_color":"","slide_template_v7":"","inline_featured_image":false,"_monsterinsights_skip_tracking":false,"_monsterinsights_sitenote_active":false,"_monsterinsights_sitenote_note":"","_monsterinsights_sitenote_category":0},"product_brand":[],"product_cat":[108,558],"product_tag":[],"class_list":{"0":"post-1084536","1":"product","2":"type-product","3":"status-publish","4":"has-post-thumbnail","6":"product_cat-comic","7":"product_cat-comic-3_infantil-juvenil-spa-spa","9":"first","10":"instock","11":"taxable","12":"shipping-taxable","13":"purchasable","14":"product-type-simple"},"acf":{"autor":"E.P. JACOBS","codart":"846797915","libros-coleccion":"","ediciones":"1","encuadernacion":"Carton\u00e9","fecha_de_publicacion":"01\/02\/2026","novedad":"1","paginas":"220","subtitulo":"","orden":"0","portada":"0","idioma":"spa","booktrailer":"","resenas":"","editorial":[{"ID":6315,"post_author":"3","post_date":"2022-07-28 17:49:33","post_date_gmt":"2022-07-28 15:49:33","post_content":"","post_title":"NORMA EDITORIAL S.A","post_excerpt":"","post_status":"publish","comment_status":"closed","ping_status":"closed","post_password":"","post_name":"norma-editorial-s-a","to_ping":"","pinged":"","post_modified":"2022-07-28 17:49:33","post_modified_gmt":"2022-07-28 15:49:33","post_content_filtered":"","post_parent":0,"guid":"http:\/\/dev.claret.cat\/editorial\/norma-editorial-s-a\/","menu_order":0,"post_type":"editorial","post_mime_type":"","comment_count":"0","filter":"raw"}]},"aioseo_notices":[],"_links":{"self":[{"href":"https:\/\/www.claret.cat\/es\/wp-json\/wp\/v2\/product\/1084536","targetHints":{"allow":["GET"]}}],"collection":[{"href":"https:\/\/www.claret.cat\/es\/wp-json\/wp\/v2\/product"}],"about":[{"href":"https:\/\/www.claret.cat\/es\/wp-json\/wp\/v2\/types\/product"}],"wp:featuredmedia":[{"embeddable":true,"href":"https:\/\/www.claret.cat\/es\/wp-json\/wp\/v2\/media\/1084537"}],"wp:attachment":[{"href":"https:\/\/www.claret.cat\/es\/wp-json\/wp\/v2\/media?parent=1084536"}],"wp:term":[{"taxonomy":"product_brand","embeddable":true,"href":"https:\/\/www.claret.cat\/es\/wp-json\/wp\/v2\/product_brand?post=1084536"},{"taxonomy":"product_cat","embeddable":true,"href":"https:\/\/www.claret.cat\/es\/wp-json\/wp\/v2\/product_cat?post=1084536"},{"taxonomy":"product_tag","embeddable":true,"href":"https:\/\/www.claret.cat\/es\/wp-json\/wp\/v2\/product_tag?post=1084536"}],"curies":[{"name":"wp","href":"https:\/\/api.w.org\/{rel}","templated":true}]}}