{"id":1084546,"date":"2026-02-18T13:35:03","date_gmt":"2026-02-18T12:35:03","guid":{"rendered":"https:\/\/www.claret.cat\/llibre\/fisica-de-la-tristeza-9791387641634\/"},"modified":"2026-03-25T19:56:04","modified_gmt":"2026-03-25T18:56:04","slug":"fisica-de-la-tristeza-9791387641634","status":"publish","type":"product","link":"https:\/\/www.claret.cat\/es\/libro\/fisica-de-la-tristeza-9791387641634\/","title":{"rendered":"F\u00cdSICA DE LA TRISTEZA"},"content":{"rendered":"<p>En lo peque\u00f1o y lo insignificante: ah\u00ed es donde se esconde la vida, ah\u00ed es donde construye su nido. Nuestro narrador padece un extra\u00f1o s\u00edndrome: sufre de empat\u00eda patol\u00f3gica, es capaz de adentrarse sin permiso en los recuerdos de los dem\u00e1s. As\u00ed, viaja de un recuerdo a otro, desde una feria rural b\u00falgara en 1925 \u2014donde conoce a un minotauro\u2014 hasta el interior de la mente de una babosa que es devorada por su propio abuelo. A partir de esa materia ins\u00f3lita, Gueorgui Gospod\u00ednov construye en F\u00edsica de la tristeza un prodigioso laberinto donde la memoria personal se funde con la historia colectiva. En parte relato de madurez, en parte cr\u00f3nica familiar y en parte reflexi\u00f3n sobre la vida en la Europa del siglo XX, la novela salta de \u00e9poca en \u00e9poca y de identidad en identidad, trazando un mapa de p\u00e9rdidas, migraciones y nostalgias.<br \/> F\u00edsica de la tristeza es un raro artefacto literario \u2014a la vez \u00edntimo y panor\u00e1mico\u2014 que redefine la novela como museo de voces. Esta nueva edici\u00f3n celebra la energ\u00eda polif\u00f3nica de un texto que confirma a Gospod\u00ednov como una de las voces m\u00e1s singulares e imprescindibles de la narrativa europea. Una novela-laberinto sobre la memoria, la melancol\u00eda y el asombro.<br \/> CR\u00cdTICA<br \/> \u00abImposible dejar de leerlo.\u00bb \u2014The New York Times<br \/> \u00abSobre la desintegraci\u00f3n, los finales y la futilidad de la vida cotidiana.\u00bb \u2014Al Majalla<br \/> \u00abGospodinov ha conseguido capturar la m\u00e1s profunda esencia de la tristeza.\u00bb \u2014Andr\u00e9s Seoane,El Cultural<br \/> \u00abAbsolutamente original.\u00bb \u2014Alberto Manguel<br \/> \u00abLa de Gospod\u00ednov es la literatura m\u00e1s exquisita sobre nuestra percepci\u00f3n del paso del tiempo, escrita con un estilo magistral y totalmente imprevisible..\u00bb \u2014Olga Tokarczuk<br \/> \u00abUn humorista de la desesperaci\u00f3nque se aleja de las tierras de lo convencional.\u00bb \u2014Neue Z\u00fcrcher Zeitung<br \/> \u00abGospod\u00ednov entiende sus obras como un arca de No\u00e9 en la que conviven en armon\u00eda \u201cespecies\u201d distintas, ll\u00e1mense absurdo, f\u00e1bula, lo on\u00edrico, lo po\u00e9tico, lo cotidiano o lo metaliterario.\u00bb \u2014Marta Reb\u00f3n, La Lectura<br \/> \u00abEs uno de los narradores m\u00e1s fascinantes e insustituibles de Europa.\u00bb \u2014Dave Eggers<\/p>\n","protected":false},"excerpt":{"rendered":"<p>GUEORGUI GOSPOD\u00cdNOV<\/p>\n","protected":false},"featured_media":1084547,"template":"","meta":{"_acf_changed":false,"om_disable_all_campaigns":false,"rs_blank_template":"","rs_page_bg_color":"","slide_template_v7":"","inline_featured_image":false,"_monsterinsights_skip_tracking":false,"_monsterinsights_sitenote_active":false,"_monsterinsights_sitenote_note":"","_monsterinsights_sitenote_category":0},"product_brand":[],"product_cat":[127,357],"product_tag":[],"class_list":{"0":"post-1084546","1":"product","2":"type-product","3":"status-publish","4":"has-post-thumbnail","6":"product_cat-novella-contemporania","7":"product_cat-novela-contemporanea","9":"first","10":"instock","11":"taxable","12":"shipping-taxable","13":"purchasable","14":"product-type-simple"},"acf":{"autor":"GUEORGUI GOSPOD\u00cdNOV","codart":"138764163","libros-coleccion":"","ediciones":"1","encuadernacion":"R\u00fastica","fecha_de_publicacion":"01\/02\/2026","novedad":"1","paginas":"312","subtitulo":"","orden":"0","portada":"0","idioma":"spa","booktrailer":"","resenas":"","editorial":[{"ID":148284,"post_author":"3","post_date":"2022-10-14 11:57:03","post_date_gmt":"2022-10-14 09:57:03","post_content":"","post_title":"IMPEDIMENTA","post_excerpt":"","post_status":"publish","comment_status":"closed","ping_status":"closed","post_password":"","post_name":"impedimenta","to_ping":"","pinged":"","post_modified":"2022-10-14 11:57:03","post_modified_gmt":"2022-10-14 09:57:03","post_content_filtered":"","post_parent":0,"guid":"http:\/\/dev.claret.cat\/editorial\/impedimenta\/","menu_order":0,"post_type":"editorial","post_mime_type":"","comment_count":"0","filter":"raw"}]},"aioseo_notices":[],"_links":{"self":[{"href":"https:\/\/www.claret.cat\/es\/wp-json\/wp\/v2\/product\/1084546","targetHints":{"allow":["GET"]}}],"collection":[{"href":"https:\/\/www.claret.cat\/es\/wp-json\/wp\/v2\/product"}],"about":[{"href":"https:\/\/www.claret.cat\/es\/wp-json\/wp\/v2\/types\/product"}],"wp:featuredmedia":[{"embeddable":true,"href":"https:\/\/www.claret.cat\/es\/wp-json\/wp\/v2\/media\/1084547"}],"wp:attachment":[{"href":"https:\/\/www.claret.cat\/es\/wp-json\/wp\/v2\/media?parent=1084546"}],"wp:term":[{"taxonomy":"product_brand","embeddable":true,"href":"https:\/\/www.claret.cat\/es\/wp-json\/wp\/v2\/product_brand?post=1084546"},{"taxonomy":"product_cat","embeddable":true,"href":"https:\/\/www.claret.cat\/es\/wp-json\/wp\/v2\/product_cat?post=1084546"},{"taxonomy":"product_tag","embeddable":true,"href":"https:\/\/www.claret.cat\/es\/wp-json\/wp\/v2\/product_tag?post=1084546"}],"curies":[{"name":"wp","href":"https:\/\/api.w.org\/{rel}","templated":true}]}}