{"id":108455,"date":"2022-10-12T09:46:12","date_gmt":"2022-10-12T07:46:12","guid":{"rendered":"http:\/\/dev.claret.cat\/producte\/pop-up-abc-lalfabet-de-lalex-i-la-bet\/"},"modified":"2023-01-28T17:02:53","modified_gmt":"2023-01-28T16:02:53","slug":"popup-abc-lalfabet-de-lalex-i-la-bet-9788499063072","status":"publish","type":"product","link":"https:\/\/www.claret.cat\/es\/libro\/popup-abc-lalfabet-de-lalex-i-la-bet-9788499063072\/","title":{"rendered":"POP-UP ABC. L&#8217;ALFABET DE L&#8217;\u00c0LEX I LA BET"},"content":{"rendered":"<p>El cocodril \u00c0lex i l&#8221;osseta Bet volen aprendre les lletres i per aix\u00f2 fan un divertit recorregut per l&#8221;alfabet. Acompanya&#8221;ls i aprendr\u00e0s tamb\u00e9 moltes paraules en angl\u00e9s i en catal\u00e0!<\/p>\n","protected":false},"excerpt":{"rendered":"<p>HEGARTY, PATRICIA<\/p>\n","protected":false},"featured_media":108456,"template":"","meta":{"_acf_changed":false,"om_disable_all_campaigns":false,"rs_blank_template":"","rs_page_bg_color":"","slide_template_v7":"","inline_featured_image":false,"_monsterinsights_skip_tracking":false,"_monsterinsights_sitenote_active":false,"_monsterinsights_sitenote_note":"","_monsterinsights_sitenote_category":0},"product_brand":[],"product_cat":[131],"product_tag":[],"class_list":{"0":"post-108455","1":"product","2":"type-product","3":"status-publish","4":"has-post-thumbnail","6":"product_cat-contes-per-infants-0-6-anys","8":"first","9":"instock","10":"taxable","11":"shipping-taxable","12":"purchasable","13":"product-type-simple"},"acf":{"editorial":[{"ID":6221,"post_author":"3","post_date":"2022-07-28 17:47:29","post_date_gmt":"2022-07-28 15:47:29","post_content":"","post_title":"Editorial Br\u00faixola","post_excerpt":"","post_status":"publish","comment_status":"closed","ping_status":"closed","post_password":"","post_name":"editorial-bruixola","to_ping":"","pinged":"","post_modified":"2022-07-28 17:47:29","post_modified_gmt":"2022-07-28 15:47:29","post_content_filtered":"","post_parent":0,"guid":"http:\/\/dev.claret.cat\/editorial\/editorial-bruixola\/","menu_order":0,"post_type":"editorial","post_mime_type":"","comment_count":"0","filter":"raw"}],"autor":"HEGARTY, PATRICIA","codart":"849906307","libros-coleccion":"Catal\u00e1 - A Partir De 0 Anys - Projecte D","ediciones":"1","encuadernacion":"Carton\u00e9","fecha_de_publicacion":"01\/03\/2020","novedad":"1","paginas":"12","subtitulo":"","orden":"0","portada":"0","idioma":"cat","autores-libros":[{"ID":166631,"post_author":"3","post_date":"2022-10-14 18:04:48","post_date_gmt":"2022-10-14 16:04:48","post_content":"","post_title":"PATRICIA HEGARTY","post_excerpt":"","post_status":"publish","comment_status":"closed","ping_status":"closed","post_password":"","post_name":"patricia-hegarty","to_ping":"","pinged":"","post_modified":"2022-10-14 18:04:48","post_modified_gmt":"2022-10-14 16:04:48","post_content_filtered":"","post_parent":0,"guid":"http:\/\/dev.claret.cat\/autor\/patricia-hegarty\/","menu_order":0,"post_type":"autor","post_mime_type":"","comment_count":"0","filter":"raw"}]},"aioseo_notices":[],"_links":{"self":[{"href":"https:\/\/www.claret.cat\/es\/wp-json\/wp\/v2\/product\/108455","targetHints":{"allow":["GET"]}}],"collection":[{"href":"https:\/\/www.claret.cat\/es\/wp-json\/wp\/v2\/product"}],"about":[{"href":"https:\/\/www.claret.cat\/es\/wp-json\/wp\/v2\/types\/product"}],"wp:featuredmedia":[{"embeddable":true,"href":"https:\/\/www.claret.cat\/es\/wp-json\/wp\/v2\/media\/108456"}],"wp:attachment":[{"href":"https:\/\/www.claret.cat\/es\/wp-json\/wp\/v2\/media?parent=108455"}],"wp:term":[{"taxonomy":"product_brand","embeddable":true,"href":"https:\/\/www.claret.cat\/es\/wp-json\/wp\/v2\/product_brand?post=108455"},{"taxonomy":"product_cat","embeddable":true,"href":"https:\/\/www.claret.cat\/es\/wp-json\/wp\/v2\/product_cat?post=108455"},{"taxonomy":"product_tag","embeddable":true,"href":"https:\/\/www.claret.cat\/es\/wp-json\/wp\/v2\/product_tag?post=108455"}],"curies":[{"name":"wp","href":"https:\/\/api.w.org\/{rel}","templated":true}]}}