{"id":1084634,"date":"2026-02-18T14:11:12","date_gmt":"2026-02-18T13:11:12","guid":{"rendered":"https:\/\/www.claret.cat\/llibre\/100-questions-sobre-lexercici-i-lactivitat-fisica-9788413565170\/"},"modified":"2026-03-24T17:11:16","modified_gmt":"2026-03-24T16:11:16","slug":"100-questions-sobre-lexercici-i-lactivitat-fisica-9788413565170","status":"publish","type":"product","link":"https:\/\/www.claret.cat\/es\/libro\/100-questions-sobre-lexercici-i-lactivitat-fisica-9788413565170\/","title":{"rendered":"100 Q\u00dcESTIONS SOBRE L&#8217;EXERCICI I L&#8217;ACTIVITAT F\u00cdSICA"},"content":{"rendered":"<p>UN LLIBRE PER RESOLDRE DE MANERA AMENA, DIRECTA I FONAMENTADA EN L&#8221;EVID\u00c8NCIA CIENT\u00cdFICA 100 DELS DUBTES M\u00c9S HABITUALS AL VOLTANT DE L&#8221;EXERCICI F\u00cdSIC. Per que? el nostre cos necessita el moviment? Com podem mantenir-nos actius d&#8221;una manera efectiva i motivadora? L&#8221;exercici pot realment transformar la nostra salut fi?sica i mental?  En aquest llibre donarem resposta a 100 preguntes habituals a aquells que vulguin trobar la manera d&#8221;integrar l&#8221;esport i l&#8221;activitat fi?sica de forma sostenible en la seva vida. Tant si ets un principiant que busca iniciar-s&#8221;hi com si vols portar el teu entrenament a un nou nivell, aqui? trobara?s respostes clares, directes i basades en la cie?ncia. Parlem de fo?rmules per trobar la teva activitat ideal, explorem com l&#8221;activitat fi?sica s&#8221;adapta a diferents etapes de la vida i com pot ser una eina poderosa per afrontar desafiaments de salut com l&#8221;estre?s, la diabetis, l&#8221;artrosi o la menopausa, a me?s de comentar algunes innovacions en l&#8221;a?mbit de l&#8221;esport. Perque? no es tracta nome?s de fer exercici, sino? de viure millor, i aquest llibre et donara? moltes eines i coneixement per convertir el moviment en el teu millor aliat. * Aquest llibre no nom\u00e9s va dirigit a persones que vulguin comen\u00e7ar a fer esport, sin\u00f3 tamb\u00e9 per als qui ja en facin, per tal de millorar aspectes i trencar mites.<\/p>\n","protected":false},"excerpt":{"rendered":"<p>JAVIER PE\u00d1A L\u00d3PEZ<\/p>\n","protected":false},"featured_media":1086561,"template":"","meta":{"_acf_changed":false,"om_disable_all_campaigns":false,"rs_blank_template":"","rs_page_bg_color":"","slide_template_v7":"","inline_featured_image":false,"_monsterinsights_skip_tracking":false,"_monsterinsights_sitenote_active":false,"_monsterinsights_sitenote_note":"","_monsterinsights_sitenote_category":0},"product_brand":[],"product_cat":[547,97],"product_tag":[],"class_list":{"0":"post-1084634","1":"product","2":"type-product","3":"status-publish","4":"has-post-thumbnail","6":"product_cat-salud","7":"product_cat-salut","9":"first","10":"instock","11":"taxable","12":"shipping-taxable","13":"purchasable","14":"product-type-simple"},"acf":{"autor":"JAVIER PE\u00d1A L\u00d3PEZ","codart":"841356517","libros-coleccion":"","ediciones":"1","encuadernacion":"R\u00fastica","fecha_de_publicacion":"01\/02\/2026","novedad":"1","paginas":"299","subtitulo":"","orden":"0","portada":"0","idioma":"cat","booktrailer":"","resenas":"","editorial":[{"ID":6171,"post_author":"3","post_date":"2022-07-28 17:46:25","post_date_gmt":"2022-07-28 15:46:25","post_content":"","post_title":"COSSETANIA EDICIONS","post_excerpt":"","post_status":"publish","comment_status":"closed","ping_status":"closed","post_password":"","post_name":"cossetania-edicions","to_ping":"","pinged":"","post_modified":"2022-07-28 17:46:25","post_modified_gmt":"2022-07-28 15:46:25","post_content_filtered":"","post_parent":0,"guid":"http:\/\/dev.claret.cat\/editorial\/cossetania-edicions\/","menu_order":0,"post_type":"editorial","post_mime_type":"","comment_count":"0","filter":"raw"}]},"aioseo_notices":[],"_links":{"self":[{"href":"https:\/\/www.claret.cat\/es\/wp-json\/wp\/v2\/product\/1084634","targetHints":{"allow":["GET"]}}],"collection":[{"href":"https:\/\/www.claret.cat\/es\/wp-json\/wp\/v2\/product"}],"about":[{"href":"https:\/\/www.claret.cat\/es\/wp-json\/wp\/v2\/types\/product"}],"wp:featuredmedia":[{"embeddable":true,"href":"https:\/\/www.claret.cat\/es\/wp-json\/wp\/v2\/media\/1086561"}],"wp:attachment":[{"href":"https:\/\/www.claret.cat\/es\/wp-json\/wp\/v2\/media?parent=1084634"}],"wp:term":[{"taxonomy":"product_brand","embeddable":true,"href":"https:\/\/www.claret.cat\/es\/wp-json\/wp\/v2\/product_brand?post=1084634"},{"taxonomy":"product_cat","embeddable":true,"href":"https:\/\/www.claret.cat\/es\/wp-json\/wp\/v2\/product_cat?post=1084634"},{"taxonomy":"product_tag","embeddable":true,"href":"https:\/\/www.claret.cat\/es\/wp-json\/wp\/v2\/product_tag?post=1084634"}],"curies":[{"name":"wp","href":"https:\/\/api.w.org\/{rel}","templated":true}]}}