{"id":1084651,"date":"2026-02-18T14:15:22","date_gmt":"2026-02-18T13:15:22","guid":{"rendered":"https:\/\/www.claret.cat\/llibre\/aqui-cazaron-indios-9791399108842\/"},"modified":"2026-04-16T19:05:15","modified_gmt":"2026-04-16T17:05:15","slug":"aqui-cazaron-indios-9791399108842","status":"publish","type":"product","link":"https:\/\/www.claret.cat\/es\/libro\/aqui-cazaron-indios-9791399108842\/","title":{"rendered":"AQU\u00cd CAZARON INDIOS"},"content":{"rendered":"<p>En la frontera entre Colorado y Wyoming, a una altitud en la que puede decirse que un hombre est\u00e1 m\u00e1s cerca del cielo que de la tierra, se extiende una pradera tan remota como inh\u00f3spita. A lo largo de un siglo, varias familias fracasaron en su intento de establecerse all\u00ed. Solo una persona lo logr\u00f3. Dur\u00f3 cincuenta a\u00f1os. Esta es su historia y la de los pioneros que le precedieron.Con una gran sensibilidad para capturar la belleza y la inmensidad del paisaje rural americano, James Galvin cuenta la vida de Lyle, Ray, Clara y App y de los sucesivos propietarios de un rancho compuesto por un prado de heno de 130 hect\u00e1reas. En vi\u00f1etas breves e incisivas, plasma el paso de las estaciones, el clima, la vida silvestre y, sobre todo, a los hombres y mujeres que talan sus \u00e1rboles, pescan en sus r\u00edos y siegan sus pastos mientras se esfuerzan por crear un hogar en un territorio salvaje donde cualquier paso en falso puede resultar mortal.Aqu\u00ed cazaron indios es una cr\u00f3nica veraz sobre el modo en que la tierra marca a quienes la habitan y sobre la ambivalente relaci\u00f3n entre el ser humano y el paisaje. Un cl\u00e1sico moderno sobre el Oeste americano en el que la precisi\u00f3n del naturalista se conjuga con la pureza del poeta.<\/p>\n","protected":false},"excerpt":{"rendered":"<p>JAMES GALVIN<\/p>\n","protected":false},"featured_media":1084861,"template":"","meta":{"_acf_changed":false,"om_disable_all_campaigns":false,"rs_blank_template":"","rs_page_bg_color":"","slide_template_v7":"","inline_featured_image":false,"_monsterinsights_skip_tracking":false,"_monsterinsights_sitenote_active":false,"_monsterinsights_sitenote_note":"","_monsterinsights_sitenote_category":0},"product_brand":[],"product_cat":[562,113],"product_tag":[],"class_list":{"0":"post-1084651","1":"product","2":"type-product","3":"status-publish","4":"has-post-thumbnail","6":"product_cat-literatura-de-viajes","7":"product_cat-literatura-de-viatges","9":"first","10":"instock","11":"taxable","12":"shipping-taxable","13":"purchasable","14":"product-type-simple"},"acf":{"autor":"JAMES GALVIN","codart":"139910884","libros-coleccion":"","ediciones":"1","encuadernacion":"R\u00fastica","fecha_de_publicacion":"01\/02\/2026","novedad":"1","paginas":"304","subtitulo":"","orden":"0","portada":"0","idioma":"spa","booktrailer":"","resenas":"","editorial":[{"ID":148200,"post_author":"3","post_date":"2022-10-14 11:56:24","post_date_gmt":"2022-10-14 09:56:24","post_content":"","post_title":"GATOPARDO EDICIONES","post_excerpt":"","post_status":"publish","comment_status":"closed","ping_status":"closed","post_password":"","post_name":"gatopardo-ediciones","to_ping":"","pinged":"","post_modified":"2022-10-14 11:56:24","post_modified_gmt":"2022-10-14 09:56:24","post_content_filtered":"","post_parent":0,"guid":"http:\/\/dev.claret.cat\/editorial\/gatopardo-ediciones\/","menu_order":0,"post_type":"editorial","post_mime_type":"","comment_count":"0","filter":"raw"}]},"aioseo_notices":[],"_links":{"self":[{"href":"https:\/\/www.claret.cat\/es\/wp-json\/wp\/v2\/product\/1084651","targetHints":{"allow":["GET"]}}],"collection":[{"href":"https:\/\/www.claret.cat\/es\/wp-json\/wp\/v2\/product"}],"about":[{"href":"https:\/\/www.claret.cat\/es\/wp-json\/wp\/v2\/types\/product"}],"wp:featuredmedia":[{"embeddable":true,"href":"https:\/\/www.claret.cat\/es\/wp-json\/wp\/v2\/media\/1084861"}],"wp:attachment":[{"href":"https:\/\/www.claret.cat\/es\/wp-json\/wp\/v2\/media?parent=1084651"}],"wp:term":[{"taxonomy":"product_brand","embeddable":true,"href":"https:\/\/www.claret.cat\/es\/wp-json\/wp\/v2\/product_brand?post=1084651"},{"taxonomy":"product_cat","embeddable":true,"href":"https:\/\/www.claret.cat\/es\/wp-json\/wp\/v2\/product_cat?post=1084651"},{"taxonomy":"product_tag","embeddable":true,"href":"https:\/\/www.claret.cat\/es\/wp-json\/wp\/v2\/product_tag?post=1084651"}],"curies":[{"name":"wp","href":"https:\/\/api.w.org\/{rel}","templated":true}]}}