{"id":1084696,"date":"2026-02-18T15:55:23","date_gmt":"2026-02-18T14:55:23","guid":{"rendered":"https:\/\/www.claret.cat\/llibre\/basi-suena-a-lo-grande-9791387881122\/"},"modified":"2026-02-26T18:45:27","modified_gmt":"2026-02-26T17:45:27","slug":"basi-suena-a-lo-grande-9791387881122","status":"publish","type":"product","link":"https:\/\/www.claret.cat\/es\/libro\/basi-suena-a-lo-grande-9791387881122\/","title":{"rendered":"BASI SUE\u00d1A A LO GRANDE"},"content":{"rendered":"<p>* Basi, un peque\u00f1o murci\u00e9lago, se cree incapaz de volar, por m\u00e1s que lo intenta. <br \/> * A pesar de su esfuerzo constante, no consigue lograrlo\u2026 hasta que una noche, cuando una tormenta amenaza a su querida amiga, Basi debe reunir valor para intentar volar y salvarla. Esa situaci\u00f3n ser\u00e1 la que le empuje a creer en s\u00ed mismo. <br \/> * Una historia sobre miedos, perseverancia, amistad y autoconfianza, ideal para reflexionar sobre la importancia de creer en uno mismo, aunque las cosas parezcan dif\u00edciles. <\/p>\n<p> Una lectura ideal para fomentar la autoestima, la resiliencia y la valent\u00eda desde edades muy tempranas.<\/p>\n","protected":false},"excerpt":{"rendered":"<p>LU FRASER<\/p>\n","protected":false},"featured_media":1084697,"template":"","meta":{"_acf_changed":false,"om_disable_all_campaigns":false,"rs_blank_template":"","rs_page_bg_color":"","slide_template_v7":"","inline_featured_image":false,"_monsterinsights_skip_tracking":false,"_monsterinsights_sitenote_active":false,"_monsterinsights_sitenote_note":"","_monsterinsights_sitenote_category":0},"product_brand":[],"product_cat":[131,361],"product_tag":[],"class_list":{"0":"post-1084696","1":"product","2":"type-product","3":"status-publish","4":"has-post-thumbnail","6":"product_cat-contes-per-infants-0-6-anys","7":"product_cat-cuentos-para-ninos-0-6-anos","9":"first","10":"instock","11":"taxable","12":"shipping-taxable","13":"purchasable","14":"product-type-simple"},"acf":{"autor":"LU FRASER","codart":"138788112","libros-coleccion":"","ediciones":"1","encuadernacion":"Carton\u00e9","fecha_de_publicacion":"01\/01\/2026","novedad":"1","paginas":"45","subtitulo":"","orden":"0","portada":"0","idioma":"spa","booktrailer":"","resenas":"","editorial":[{"ID":147554,"post_author":"3","post_date":"2022-10-14 11:51:27","post_date_gmt":"2022-10-14 09:51:27","post_content":"","post_title":"BLUME (Naturart)","post_excerpt":"","post_status":"publish","comment_status":"closed","ping_status":"closed","post_password":"","post_name":"blume-naturart","to_ping":"","pinged":"","post_modified":"2022-10-14 11:51:27","post_modified_gmt":"2022-10-14 09:51:27","post_content_filtered":"","post_parent":0,"guid":"http:\/\/dev.claret.cat\/editorial\/blume-naturart\/","menu_order":0,"post_type":"editorial","post_mime_type":"","comment_count":"0","filter":"raw"}]},"aioseo_notices":[],"_links":{"self":[{"href":"https:\/\/www.claret.cat\/es\/wp-json\/wp\/v2\/product\/1084696","targetHints":{"allow":["GET"]}}],"collection":[{"href":"https:\/\/www.claret.cat\/es\/wp-json\/wp\/v2\/product"}],"about":[{"href":"https:\/\/www.claret.cat\/es\/wp-json\/wp\/v2\/types\/product"}],"wp:featuredmedia":[{"embeddable":true,"href":"https:\/\/www.claret.cat\/es\/wp-json\/wp\/v2\/media\/1084697"}],"wp:attachment":[{"href":"https:\/\/www.claret.cat\/es\/wp-json\/wp\/v2\/media?parent=1084696"}],"wp:term":[{"taxonomy":"product_brand","embeddable":true,"href":"https:\/\/www.claret.cat\/es\/wp-json\/wp\/v2\/product_brand?post=1084696"},{"taxonomy":"product_cat","embeddable":true,"href":"https:\/\/www.claret.cat\/es\/wp-json\/wp\/v2\/product_cat?post=1084696"},{"taxonomy":"product_tag","embeddable":true,"href":"https:\/\/www.claret.cat\/es\/wp-json\/wp\/v2\/product_tag?post=1084696"}],"curies":[{"name":"wp","href":"https:\/\/api.w.org\/{rel}","templated":true}]}}