{"id":1084737,"date":"2026-02-18T16:20:37","date_gmt":"2026-02-18T15:20:37","guid":{"rendered":"https:\/\/www.claret.cat\/llibre\/un-aladi-i-dues-llanties-9791387726249\/"},"modified":"2026-03-28T13:50:06","modified_gmt":"2026-03-28T12:50:06","slug":"un-aladi-i-dues-llanties-9791387726249","status":"publish","type":"product","link":"https:\/\/www.claret.cat\/es\/libro\/un-aladi-i-dues-llanties-9791387726249\/","title":{"rendered":"UN ALAD\u00cd I DUES LL\u00c0NTIES"},"content":{"rendered":"<p>Bona part de la narrativa que acompanya la nostra exist\u00e8ncia la devem a la ficci\u00f3, que, com a tal, pot ser llegida, interpretada i, fins i tot, reescrita. \u00abPuc canviar la hist\u00f2ria perqu\u00e8 la hist\u00f2ria soc jo\u00bb, escriu Jeanette Winterson. I \u00e9s aix\u00ed com, adoptant l\u2019aparen\u00e7a d\u2019un Alad\u00ed modern, ens introdueix en les seves Mil i una nits particulars i reflexiona sobre com va aconseguir escapar-se de la vida a la qual semblava predestinada gr\u00e0cies a la capacitat d\u2019imaginar escenaris alternatius.<\/p>\n<p> Un Alad\u00ed i dues ll\u00e0nties parla del poder subversiu de la literatura. Entrella\u00e7ant ficci\u00f3 i mem\u00f2ries, l\u2019autora explora la import\u00e0ncia de la narraci\u00f3 en els relats individuals i tamb\u00e9 col\u00b7lectius. Ens convida a imaginar un m\u00f3n diferent on tot \u00e9s possible si ens creiem capa\u00e7os d\u2019intervenir-hi.<\/p>\n","protected":false},"excerpt":{"rendered":"<p>JEANETTE WINTERSON<\/p>\n","protected":false},"featured_media":1084738,"template":"","meta":{"_acf_changed":false,"om_disable_all_campaigns":false,"rs_blank_template":"","rs_page_bg_color":"","slide_template_v7":"","inline_featured_image":false,"_monsterinsights_skip_tracking":false,"_monsterinsights_sitenote_active":false,"_monsterinsights_sitenote_note":"","_monsterinsights_sitenote_category":0},"product_brand":[],"product_cat":[127,357],"product_tag":[],"class_list":{"0":"post-1084737","1":"product","2":"type-product","3":"status-publish","4":"has-post-thumbnail","6":"product_cat-novella-contemporania","7":"product_cat-novela-contemporanea","9":"first","10":"instock","11":"taxable","12":"shipping-taxable","13":"purchasable","14":"product-type-simple"},"acf":{"autor":"JEANETTE WINTERSON","codart":"138772624","libros-coleccion":"","ediciones":"1","encuadernacion":"R\u00fastica","fecha_de_publicacion":"01\/02\/2026","novedad":"1","paginas":"312","subtitulo":"","orden":"0","portada":"0","idioma":"cat","booktrailer":"","resenas":"","editorial":[{"ID":6213,"post_author":"3","post_date":"2022-07-28 17:47:17","post_date_gmt":"2022-07-28 15:47:17","post_content":"","post_title":"EDICIONS DEL PERISCOPI","post_excerpt":"","post_status":"publish","comment_status":"closed","ping_status":"closed","post_password":"","post_name":"edicions-del-periscopi","to_ping":"","pinged":"","post_modified":"2022-07-28 17:47:17","post_modified_gmt":"2022-07-28 15:47:17","post_content_filtered":"","post_parent":0,"guid":"http:\/\/dev.claret.cat\/editorial\/edicions-del-periscopi\/","menu_order":0,"post_type":"editorial","post_mime_type":"","comment_count":"0","filter":"raw"}]},"aioseo_notices":[],"_links":{"self":[{"href":"https:\/\/www.claret.cat\/es\/wp-json\/wp\/v2\/product\/1084737","targetHints":{"allow":["GET"]}}],"collection":[{"href":"https:\/\/www.claret.cat\/es\/wp-json\/wp\/v2\/product"}],"about":[{"href":"https:\/\/www.claret.cat\/es\/wp-json\/wp\/v2\/types\/product"}],"wp:featuredmedia":[{"embeddable":true,"href":"https:\/\/www.claret.cat\/es\/wp-json\/wp\/v2\/media\/1084738"}],"wp:attachment":[{"href":"https:\/\/www.claret.cat\/es\/wp-json\/wp\/v2\/media?parent=1084737"}],"wp:term":[{"taxonomy":"product_brand","embeddable":true,"href":"https:\/\/www.claret.cat\/es\/wp-json\/wp\/v2\/product_brand?post=1084737"},{"taxonomy":"product_cat","embeddable":true,"href":"https:\/\/www.claret.cat\/es\/wp-json\/wp\/v2\/product_cat?post=1084737"},{"taxonomy":"product_tag","embeddable":true,"href":"https:\/\/www.claret.cat\/es\/wp-json\/wp\/v2\/product_tag?post=1084737"}],"curies":[{"name":"wp","href":"https:\/\/api.w.org\/{rel}","templated":true}]}}