{"id":1084740,"date":"2026-02-18T16:25:02","date_gmt":"2026-02-18T15:25:02","guid":{"rendered":"https:\/\/www.claret.cat\/llibre\/conspiritualidad-9791399105780\/"},"modified":"2026-02-19T10:36:30","modified_gmt":"2026-02-19T09:36:30","slug":"conspiritualidad-9791399105780","status":"publish","type":"product","link":"https:\/\/www.claret.cat\/es\/libro\/conspiritualidad-9791399105780\/","title":{"rendered":"CONSPIRITUALIDAD"},"content":{"rendered":"<p>Este libro profundiza en un inquietante fen\u00f3meno: los influencers que corrompen la espiritualidad y el bienestar de la new age con pol\u00edticas paranoicas, difundiendo bulos sobre las vacunas, historias sobre el tr\u00e1fico de ni\u00f1os y descabelladas teor\u00edas conspirativas.Durante la pandemia de COVID-19, surgi\u00f3 una tendencia alarmante en redes sociales: instructores de yoga e influencers de medicina alternativa publicaban historias sobre una conspiraci\u00f3n secreta mundial empe\u00f1ada en controlar a la poblaci\u00f3n con una vacuna genocida. Cuentas que antes ofrec\u00edan recetas de batidos verdes y poemas se convirtieron en fuentes inagotables de enlaces a Fox News, memes de 4chan y profec\u00edas sobre la transformaci\u00f3n global.Desde 2020, los autores de este libro han utilizado su p\u00f3dcast Conspirituality para exponer la intersecci\u00f3n entre los profesionales de la medicina alternativa y los troles conspirativos de extrema derecha, revelando las locuras, los fraudes, las estafas y las sectas que dominan las esferas de la new age y el bienestar, que traicionan la confianza de tantas personas que buscan un alivio genuino en esta \u00e9poca de incertidumbre.<\/p>\n","protected":false},"excerpt":{"rendered":"<p>DEREK BERES<\/p>\n","protected":false},"featured_media":1084857,"template":"","meta":{"_acf_changed":false,"om_disable_all_campaigns":false,"rs_blank_template":"","rs_page_bg_color":"","slide_template_v7":"","inline_featured_image":false,"_monsterinsights_skip_tracking":false,"_monsterinsights_sitenote_active":false,"_monsterinsights_sitenote_note":"","_monsterinsights_sitenote_category":0},"product_brand":[],"product_cat":[158,433],"product_tag":[],"class_list":{"0":"post-1084740","1":"product","2":"type-product","3":"status-publish","4":"has-post-thumbnail","6":"product_cat-historia-i-corrents","7":"product_cat-historia-y-corrientes-sociologia-2_humanidades","9":"first","10":"instock","11":"taxable","12":"shipping-taxable","13":"purchasable","14":"product-type-simple"},"acf":{"autor":"DEREK BERES","codart":"139910578","libros-coleccion":"","ediciones":"1","encuadernacion":"R\u00fastica","fecha_de_publicacion":"01\/02\/2026","novedad":"1","paginas":"448","subtitulo":"C\u00d3MO LAS TEOR\u00cdAS CONSPIRATIVAS DE LA NEW AGE SE CONVIRTIERON","orden":"0","portada":"0","idioma":"spa","booktrailer":"","resenas":"","editorial":[{"ID":6153,"post_author":"3","post_date":"2022-07-28 17:46:01","post_date_gmt":"2022-07-28 15:46:01","post_content":"","post_title":"CAPITAN SWING LIBROS","post_excerpt":"","post_status":"publish","comment_status":"closed","ping_status":"closed","post_password":"","post_name":"capitan-swing-libros","to_ping":"","pinged":"","post_modified":"2022-07-28 17:46:01","post_modified_gmt":"2022-07-28 15:46:01","post_content_filtered":"","post_parent":0,"guid":"http:\/\/dev.claret.cat\/editorial\/capitan-swing-libros\/","menu_order":0,"post_type":"editorial","post_mime_type":"","comment_count":"0","filter":"raw"}]},"aioseo_notices":[],"_links":{"self":[{"href":"https:\/\/www.claret.cat\/es\/wp-json\/wp\/v2\/product\/1084740","targetHints":{"allow":["GET"]}}],"collection":[{"href":"https:\/\/www.claret.cat\/es\/wp-json\/wp\/v2\/product"}],"about":[{"href":"https:\/\/www.claret.cat\/es\/wp-json\/wp\/v2\/types\/product"}],"wp:featuredmedia":[{"embeddable":true,"href":"https:\/\/www.claret.cat\/es\/wp-json\/wp\/v2\/media\/1084857"}],"wp:attachment":[{"href":"https:\/\/www.claret.cat\/es\/wp-json\/wp\/v2\/media?parent=1084740"}],"wp:term":[{"taxonomy":"product_brand","embeddable":true,"href":"https:\/\/www.claret.cat\/es\/wp-json\/wp\/v2\/product_brand?post=1084740"},{"taxonomy":"product_cat","embeddable":true,"href":"https:\/\/www.claret.cat\/es\/wp-json\/wp\/v2\/product_cat?post=1084740"},{"taxonomy":"product_tag","embeddable":true,"href":"https:\/\/www.claret.cat\/es\/wp-json\/wp\/v2\/product_tag?post=1084740"}],"curies":[{"name":"wp","href":"https:\/\/api.w.org\/{rel}","templated":true}]}}