{"id":1084804,"date":"2026-02-18T18:15:02","date_gmt":"2026-02-18T17:15:02","guid":{"rendered":"https:\/\/www.claret.cat\/llibre\/passeig-de-gracia-9791387969172\/"},"modified":"2026-04-18T10:15:06","modified_gmt":"2026-04-18T08:15:06","slug":"passeig-de-gracia-9791387969172","status":"publish","type":"product","link":"https:\/\/www.claret.cat\/es\/libro\/passeig-de-gracia-9791387969172\/","title":{"rendered":"PASSEIG DE GR\u00c0CIA"},"content":{"rendered":"<p><strong>La novel\u00b7la del passeig de Gr\u00e0cia<\/strong>. Una biografia del poder.<\/p>\n<p> Per m\u00e9s llums que hi brillin, per m\u00e9s luxe que concentri, per m\u00e9s postals que el reprodueixin, <strong>un carrer el fan les vides que hi passen<\/strong>. En l\u2019aventura de <strong>tres nissagues catalanes<\/strong> descobrirem l\u2019ess\u00e8ncia d\u2019un <strong>gran estendard de Barcelona<\/strong>, escenari de tensions hist\u00f2riques entre riqueza, bellesa i desigualtat social. <strong>Nobles, burgesos i obrers es barregen en un relat marcat per amors impossibles<\/strong>, ascensos fulgurants i estrepitoses caigudes. Amb ells <strong>recorrem els primers moments del passeig de Gr\u00e0cia<\/strong>, quan acollia un magn\u00edfic parc d\u2019atraccions, i les seves metamorfosis: <strong>del cam\u00ed d\u2019esbarjo als palauets enjardinats de l\u2019aristocr\u00e0cia i la burgesia enriquida a les Am\u00e8riques<\/strong>; de camp de batalla <strong>del geni modernista a catifa vermella<\/strong> del bon gust; d\u2019aparador de l\u2019eleg\u00e0ncia a passarel\u00b7la del poder pol\u00edtic i del consumisme m\u00e9s radical. &nbsp;<strong>L\u2019esplendor de la ciutat i tamb\u00e9 les seves ombres.<\/strong><\/p>\n<p><\/p>\n","protected":false},"excerpt":{"rendered":"<p>ROGER BASTIDA<\/p>\n","protected":false},"featured_media":1092561,"template":"","meta":{"_acf_changed":false,"om_disable_all_campaigns":false,"rs_blank_template":"","rs_page_bg_color":"","slide_template_v7":"","inline_featured_image":false,"_monsterinsights_skip_tracking":false,"_monsterinsights_sitenote_active":false,"_monsterinsights_sitenote_note":"","_monsterinsights_sitenote_category":0},"product_brand":[],"product_cat":[130,360,312],"product_tag":[],"class_list":{"0":"post-1084804","1":"product","2":"type-product","3":"status-publish","4":"has-post-thumbnail","6":"product_cat-novella-historica-i-ficcio","7":"product_cat-novela-historica-y-ficcion","8":"product_cat-portada","10":"first","11":"instock","12":"taxable","13":"shipping-taxable","14":"purchasable","15":"product-type-simple"},"acf":{"autor":"ROGER BASTIDA","codart":"138796917","libros-coleccion":"","ediciones":"1","encuadernacion":"Carton\u00e9","fecha_de_publicacion":"01\/02\/2026","novedad":"1","paginas":"416","subtitulo":"HIST\u00d2RIA D'UNA FAM\u00cdLIA","orden":"0","portada":"1","idioma":"cat","booktrailer":"","resenas":"","editorial":[{"ID":6222,"post_author":"3","post_date":"2022-07-28 17:47:31","post_date_gmt":"2022-07-28 15:47:31","post_content":"","post_title":"Editorial Comanegra","post_excerpt":"","post_status":"publish","comment_status":"closed","ping_status":"closed","post_password":"","post_name":"editorial-comanegra","to_ping":"","pinged":"","post_modified":"2022-07-28 17:47:31","post_modified_gmt":"2022-07-28 15:47:31","post_content_filtered":"","post_parent":0,"guid":"http:\/\/dev.claret.cat\/editorial\/editorial-comanegra\/","menu_order":0,"post_type":"editorial","post_mime_type":"","comment_count":"0","filter":"raw"}]},"aioseo_notices":[],"_links":{"self":[{"href":"https:\/\/www.claret.cat\/es\/wp-json\/wp\/v2\/product\/1084804","targetHints":{"allow":["GET"]}}],"collection":[{"href":"https:\/\/www.claret.cat\/es\/wp-json\/wp\/v2\/product"}],"about":[{"href":"https:\/\/www.claret.cat\/es\/wp-json\/wp\/v2\/types\/product"}],"wp:featuredmedia":[{"embeddable":true,"href":"https:\/\/www.claret.cat\/es\/wp-json\/wp\/v2\/media\/1092561"}],"wp:attachment":[{"href":"https:\/\/www.claret.cat\/es\/wp-json\/wp\/v2\/media?parent=1084804"}],"wp:term":[{"taxonomy":"product_brand","embeddable":true,"href":"https:\/\/www.claret.cat\/es\/wp-json\/wp\/v2\/product_brand?post=1084804"},{"taxonomy":"product_cat","embeddable":true,"href":"https:\/\/www.claret.cat\/es\/wp-json\/wp\/v2\/product_cat?post=1084804"},{"taxonomy":"product_tag","embeddable":true,"href":"https:\/\/www.claret.cat\/es\/wp-json\/wp\/v2\/product_tag?post=1084804"}],"curies":[{"name":"wp","href":"https:\/\/api.w.org\/{rel}","templated":true}]}}