{"id":1084909,"date":"2026-02-19T12:40:01","date_gmt":"2026-02-19T11:40:01","guid":{"rendered":"https:\/\/www.claret.cat\/llibre\/despres-del-naufragi-9788419721754\/"},"modified":"2026-04-18T12:30:26","modified_gmt":"2026-04-18T10:30:26","slug":"despres-del-naufragi-9788419721754","status":"publish","type":"product","link":"https:\/\/www.claret.cat\/es\/libro\/despres-del-naufragi-9788419721754\/","title":{"rendered":"DESPR\u00c9S DEL NAUFRAGI"},"content":{"rendered":"<p><strong class='ql-size-large'>Una novel\u00b7la d\u2019aventures sobre llibertat i obsessi\u00f3<\/strong><\/p>\n<p><\/p>\n<p><strong>L\u2019obra que tanca el cercle<\/strong> que va obrir <a href='https:\/\/www.claret.cat\/llibre\/vae-victus-edicio-en-catala-9788418132803\/?c=' rel='noopener noreferrer' target='_blank'><strong><em>Victus<\/em><\/strong><\/a>. Aquesta obra comen\u00e7a on acaba Moby Dick. Despr\u00e9s que <strong>el vaixell Pequod <\/strong>s\u2019hagi enfonsat per l\u2019envestida de la cruel i gran balena blanca, Ismael \u00e9s rescatat pel L\u00f2nia, una nau sotmesa a la dissort, un rumb err\u00e0tic i <strong>una capitania temer\u00e0ria<\/strong>.<\/p>\n<p><\/p>\n<p>Si a <strong>Moby Dick<\/strong>, Ahab, un individu ambici\u00f3s m\u00e9s enll\u00e0 de tota ra\u00f3, entabana uns homes assenyats fins dur-los a l\u2019abisme, al L\u00f2nia, <strong>una tripulaci\u00f3 posse\u00efda<\/strong> per una Idea desborda els l\u00edmits de l\u2019autoritat i <strong>porta la nau a un dest\u00ed fata<\/strong>l. El que no havien calculat era la naturalesa despietada i <strong>la for\u00e7a terrible del monstre blanc<\/strong>.<\/p>\n","protected":false},"excerpt":{"rendered":"<p>ALBERT S\u00c1NCHEZ PI\u00d1OL<\/p>\n","protected":false},"featured_media":1092962,"template":"","meta":{"_acf_changed":false,"om_disable_all_campaigns":false,"rs_blank_template":"","rs_page_bg_color":"","slide_template_v7":"","inline_featured_image":false,"_monsterinsights_skip_tracking":false,"_monsterinsights_sitenote_active":false,"_monsterinsights_sitenote_note":"","_monsterinsights_sitenote_category":0},"product_brand":[],"product_cat":[307,127,130,357,360],"product_tag":[],"class_list":{"0":"post-1084909","1":"product","2":"type-product","3":"status-publish","4":"has-post-thumbnail","6":"product_cat-catala","7":"product_cat-novella-contemporania","8":"product_cat-novella-historica-i-ficcio","9":"product_cat-novela-contemporanea","10":"product_cat-novela-historica-y-ficcion","12":"first","13":"instock","14":"taxable","15":"shipping-taxable","16":"purchasable","17":"product-type-simple"},"acf":{"autor":"ALBERT S\u00c1NCHEZ PI\u00d1OL","codart":"841972175","libros-coleccion":"","ediciones":"1","encuadernacion":"Carton\u00e9","fecha_de_publicacion":"01\/02\/2026","novedad":"1","paginas":"304","subtitulo":"","orden":"6","portada":"0","idioma":"cat","booktrailer":"","resenas":"","editorial":[{"ID":6384,"post_author":"3","post_date":"2022-07-28 17:51:02","post_date_gmt":"2022-07-28 15:51:02","post_content":"","post_title":"Univers Llibres","post_excerpt":"","post_status":"publish","comment_status":"closed","ping_status":"closed","post_password":"","post_name":"univers-llibres","to_ping":"","pinged":"","post_modified":"2022-07-28 17:51:02","post_modified_gmt":"2022-07-28 15:51:02","post_content_filtered":"","post_parent":0,"guid":"http:\/\/dev.claret.cat\/editorial\/univers-llibres\/","menu_order":0,"post_type":"editorial","post_mime_type":"","comment_count":"0","filter":"raw"}],"linkebook":"","ficha":"","muestra":"","precioebook":"0","presentacion":""},"aioseo_notices":[],"_links":{"self":[{"href":"https:\/\/www.claret.cat\/es\/wp-json\/wp\/v2\/product\/1084909","targetHints":{"allow":["GET"]}}],"collection":[{"href":"https:\/\/www.claret.cat\/es\/wp-json\/wp\/v2\/product"}],"about":[{"href":"https:\/\/www.claret.cat\/es\/wp-json\/wp\/v2\/types\/product"}],"wp:featuredmedia":[{"embeddable":true,"href":"https:\/\/www.claret.cat\/es\/wp-json\/wp\/v2\/media\/1092962"}],"wp:attachment":[{"href":"https:\/\/www.claret.cat\/es\/wp-json\/wp\/v2\/media?parent=1084909"}],"wp:term":[{"taxonomy":"product_brand","embeddable":true,"href":"https:\/\/www.claret.cat\/es\/wp-json\/wp\/v2\/product_brand?post=1084909"},{"taxonomy":"product_cat","embeddable":true,"href":"https:\/\/www.claret.cat\/es\/wp-json\/wp\/v2\/product_cat?post=1084909"},{"taxonomy":"product_tag","embeddable":true,"href":"https:\/\/www.claret.cat\/es\/wp-json\/wp\/v2\/product_tag?post=1084909"}],"curies":[{"name":"wp","href":"https:\/\/api.w.org\/{rel}","templated":true}]}}