{"id":1084981,"date":"2026-02-19T14:15:02","date_gmt":"2026-02-19T13:15:02","guid":{"rendered":"https:\/\/www.claret.cat\/llibre\/pircing-9788412912470\/"},"modified":"2026-03-23T13:16:53","modified_gmt":"2026-03-23T12:16:53","slug":"pircing-9788412912470","status":"publish","type":"product","link":"https:\/\/www.claret.cat\/es\/libro\/pircing-9788412912470\/","title":{"rendered":"P\u00cdRCING"},"content":{"rendered":"<p>Masayuki Kawashima \u00e9s un psic\u00f2pata amagat sota l\u2019aparen\u00e7a d\u2019un pare de fam\u00edlia benestant i comprom\u00e8s. Incapa\u00e7 d\u2019alliberar-se dels seus impulsos, decideix resoldre-ho planejant el crim perfecte escollint una v\u00edctima a l\u2019atzar per assassinar-la. Per acomplir-ho amb \u00e8xit, ha calculat fins al m\u00e9s m\u00ednim detall per no deixar cap rastre i seguir com si res amb la seva vida&#8230; <\/p>\n<p> Per\u00f2 Masayuki no sap que cometr\u00e0 un error que posar\u00e0 en perill el seu pla perfecte: l\u2019elecci\u00f3 d\u2019una v\u00edctima amb un secret igual d\u2019escabr\u00f3s que el seu.<\/p>\n","protected":false},"excerpt":{"rendered":"<p>RYU MURAKAMI<\/p>\n","protected":false},"featured_media":1084982,"template":"","meta":{"_acf_changed":false,"om_disable_all_campaigns":false,"rs_blank_template":"","rs_page_bg_color":"","slide_template_v7":"","inline_featured_image":false,"_monsterinsights_skip_tracking":false,"_monsterinsights_sitenote_active":false,"_monsterinsights_sitenote_note":"","_monsterinsights_sitenote_category":0},"product_brand":[],"product_cat":[127,357],"product_tag":[],"class_list":{"0":"post-1084981","1":"product","2":"type-product","3":"status-publish","4":"has-post-thumbnail","6":"product_cat-novella-contemporania","7":"product_cat-novela-contemporanea","9":"first","10":"instock","11":"taxable","12":"shipping-taxable","13":"purchasable","14":"product-type-simple"},"acf":{"autor":"RYU MURAKAMI","codart":"841291247","libros-coleccion":"","ediciones":"1","encuadernacion":"R\u00fastica","fecha_de_publicacion":"01\/02\/2026","novedad":"1","paginas":"152","subtitulo":"","orden":"0","portada":"0","idioma":"cat","booktrailer":"","resenas":"","editorial":[{"ID":1006064,"post_author":"3","post_date":"2025-02-18 11:26:32","post_date_gmt":"2025-02-18 10:26:32","post_content":"","post_title":"Gata Maula","post_excerpt":"","post_status":"publish","comment_status":"closed","ping_status":"closed","post_password":"","post_name":"gata-maula","to_ping":"","pinged":"","post_modified":"2025-02-18 11:26:32","post_modified_gmt":"2025-02-18 10:26:32","post_content_filtered":"","post_parent":0,"guid":"https:\/\/www.claret.cat\/editorial\/gata-maula\/","menu_order":0,"post_type":"editorial","post_mime_type":"","comment_count":"0","filter":"raw"}]},"aioseo_notices":[],"_links":{"self":[{"href":"https:\/\/www.claret.cat\/es\/wp-json\/wp\/v2\/product\/1084981","targetHints":{"allow":["GET"]}}],"collection":[{"href":"https:\/\/www.claret.cat\/es\/wp-json\/wp\/v2\/product"}],"about":[{"href":"https:\/\/www.claret.cat\/es\/wp-json\/wp\/v2\/types\/product"}],"wp:featuredmedia":[{"embeddable":true,"href":"https:\/\/www.claret.cat\/es\/wp-json\/wp\/v2\/media\/1084982"}],"wp:attachment":[{"href":"https:\/\/www.claret.cat\/es\/wp-json\/wp\/v2\/media?parent=1084981"}],"wp:term":[{"taxonomy":"product_brand","embeddable":true,"href":"https:\/\/www.claret.cat\/es\/wp-json\/wp\/v2\/product_brand?post=1084981"},{"taxonomy":"product_cat","embeddable":true,"href":"https:\/\/www.claret.cat\/es\/wp-json\/wp\/v2\/product_cat?post=1084981"},{"taxonomy":"product_tag","embeddable":true,"href":"https:\/\/www.claret.cat\/es\/wp-json\/wp\/v2\/product_tag?post=1084981"}],"curies":[{"name":"wp","href":"https:\/\/api.w.org\/{rel}","templated":true}]}}