{"id":1084987,"date":"2026-02-19T14:15:27","date_gmt":"2026-02-19T13:15:27","guid":{"rendered":"https:\/\/www.claret.cat\/llibre\/koljos-9788433949097\/"},"modified":"2026-04-14T16:11:15","modified_gmt":"2026-04-14T14:11:15","slug":"koljos-9788433949097","status":"publish","type":"product","link":"https:\/\/www.claret.cat\/es\/libro\/koljos-9788433949097\/","title":{"rendered":"KOLJ\u00d3S"},"content":{"rendered":"<p>Una obra total, <strong>una construcci\u00f3n narrativa deslumbrante<\/strong>, donde confluyen <strong>la historia de una familia y la historia de los siglos XX y XXI<\/strong>.&nbsp;<em>Kolj\u00f3s<\/em> es el libro m\u00e1s personal de <strong>Emmanuel Carr\u00e8re<\/strong>: un apasionante relato familiar que empieza con el funeral de Estado de su madre, <strong>H\u00e9l\u00e8ne Carr\u00e8re d\u2019Encausse<\/strong>, figura mayor de la vida intelectual francesa, <strong>primera mujer al frente de la Academia<\/strong> y destacada autoridad en el estudio de la historia rusa. Su muerte en 2023 impulsar\u00e1 al autor a revisar <strong>una colecci\u00f3n de archivos, fotograf\u00edas y cartas<\/strong> que su padre hab\u00eda recopilado a lo largo de su vida, y que constituyen el inicio de esta investigaci\u00f3n: una genealog\u00eda, profundamente entrelazada con algunos de los grandes conflictos del siglo pasado, que va <strong>de Tiflis a Par\u00eds<\/strong>, de la Rusia prerrevolucionaria a la Ucrania actual. Carr\u00e8re reconstruye as\u00ed el recorrido de <strong>sus bisabuelos, los Zurabishvili<\/strong>, burgueses ilustrados que se exiliaron de Georgia tras la <strong>Revoluci\u00f3n bolchevique<\/strong>; al err\u00e1tico abuelo Georges, marcado por la pobreza, el derrotismo y <strong>una colaboraci\u00f3n con los ocupantes alemanes<\/strong> jam\u00e1s del todo esclarecida; y, sobre todo, la ascensi\u00f3n imparable de <strong>H\u00e9l\u00e8ne, brillante, rigorosa, severa y a menudo impenetrable<\/strong>; personalidad legendaria y pol\u00e9mica cuyo legado y complejidad condicionan a quienes la rodean. Tambi\u00e9n <strong>redescubre la discreta figura de su padre<\/strong>, Louis, un apacible y humilde personaje siempre a la sombra de H\u00e9l\u00e8ne, que ofrece un contrapunto afectivo a la austeridad materna. La nueva novela de Emmanuel Carr\u00e8re, <strong>ganadora del Premio<\/strong> <strong>M\u00e9dicis<\/strong> y del <strong>Premio Grand Continent en 2025<\/strong>, se mueve entre la historia familiar y la historia con may\u00fasculas y ofrece <strong>un retrato conciso de la Europa del pasado y presente siglo<\/strong>. Pero, sobre todo, es una confrontaci\u00f3n con la memoria de la figura materna vista con la habitual mezcla de exactitud, empat\u00eda y lucidez del autor. Una confrontaci\u00f3n que revela las aristas privades y &nbsp;p\u00fablicas de H\u00e9l\u00e8ne Carr\u00e8re, pero tambi\u00e9n <strong>el profundo amor y reconocimiento de su hijo<\/strong> por todo lo que le debe. <\/p>\n","protected":false},"excerpt":{"rendered":"<p>EMMANUEL CARR\u00c8RE<\/p>\n","protected":false},"featured_media":1096803,"template":"","meta":{"_acf_changed":false,"om_disable_all_campaigns":false,"rs_blank_template":"","rs_page_bg_color":"","slide_template_v7":"","inline_featured_image":false,"_monsterinsights_skip_tracking":false,"_monsterinsights_sitenote_active":false,"_monsterinsights_sitenote_note":"","_monsterinsights_sitenote_category":0},"product_brand":[],"product_cat":[127,357],"product_tag":[],"class_list":{"0":"post-1084987","1":"product","2":"type-product","3":"status-publish","4":"has-post-thumbnail","6":"product_cat-novella-contemporania","7":"product_cat-novela-contemporanea","9":"first","10":"instock","11":"taxable","12":"shipping-taxable","13":"purchasable","14":"product-type-simple"},"acf":{"autor":"EMMANUEL CARR\u00c8RE","codart":"843394909","libros-coleccion":"","ediciones":"1","encuadernacion":"R\u00fastica","fecha_de_publicacion":"01\/02\/2026","novedad":"1","paginas":"586","subtitulo":"","orden":"0","portada":"0","idioma":"spa","booktrailer":"","resenas":"","editorial":[{"ID":147428,"post_author":"3","post_date":"2022-10-14 11:50:30","post_date_gmt":"2022-10-14 09:50:30","post_content":"","post_title":"ANAGRAMA","post_excerpt":"","post_status":"publish","comment_status":"closed","ping_status":"closed","post_password":"","post_name":"anagrama","to_ping":"","pinged":"","post_modified":"2022-10-14 11:50:30","post_modified_gmt":"2022-10-14 09:50:30","post_content_filtered":"","post_parent":0,"guid":"http:\/\/dev.claret.cat\/editorial\/anagrama\/","menu_order":0,"post_type":"editorial","post_mime_type":"","comment_count":"0","filter":"raw"}]},"aioseo_notices":[],"_links":{"self":[{"href":"https:\/\/www.claret.cat\/es\/wp-json\/wp\/v2\/product\/1084987","targetHints":{"allow":["GET"]}}],"collection":[{"href":"https:\/\/www.claret.cat\/es\/wp-json\/wp\/v2\/product"}],"about":[{"href":"https:\/\/www.claret.cat\/es\/wp-json\/wp\/v2\/types\/product"}],"wp:featuredmedia":[{"embeddable":true,"href":"https:\/\/www.claret.cat\/es\/wp-json\/wp\/v2\/media\/1096803"}],"wp:attachment":[{"href":"https:\/\/www.claret.cat\/es\/wp-json\/wp\/v2\/media?parent=1084987"}],"wp:term":[{"taxonomy":"product_brand","embeddable":true,"href":"https:\/\/www.claret.cat\/es\/wp-json\/wp\/v2\/product_brand?post=1084987"},{"taxonomy":"product_cat","embeddable":true,"href":"https:\/\/www.claret.cat\/es\/wp-json\/wp\/v2\/product_cat?post=1084987"},{"taxonomy":"product_tag","embeddable":true,"href":"https:\/\/www.claret.cat\/es\/wp-json\/wp\/v2\/product_tag?post=1084987"}],"curies":[{"name":"wp","href":"https:\/\/api.w.org\/{rel}","templated":true}]}}