{"id":1085020,"date":"2026-02-19T14:30:47","date_gmt":"2026-02-19T13:30:47","guid":{"rendered":"https:\/\/www.claret.cat\/llibre\/lolga-quin-descontrol-nova-edicio-9791387748975\/"},"modified":"2026-02-19T16:30:26","modified_gmt":"2026-02-19T15:30:26","slug":"lolga-quin-descontrol-nova-edicio-9791387748975","status":"publish","type":"product","link":"https:\/\/www.claret.cat\/es\/libro\/lolga-quin-descontrol-nova-edicio-9791387748975\/","title":{"rendered":"L&#8217;OLGA. QUIN DESCONTROL! &#8211; NOVA EDICI\u00d3"},"content":{"rendered":"<p>La Meh \u00e9s el millor que m\u2019ha passat mai. Imagineu-vos quina emoci\u00f3 trobar-me set cries seves a la nevera. Set Olgamus min\u00fasculs tots per a mi! Per\u00f2 despr\u00e9s d\u2019uns quants dies, quin esgotament! Cuidar set cries descontrolades tota sola no \u00e9s gens f\u00e0cil. He de trobar una soluci\u00f3, i aviat!<\/p>\n<p> TORNA LA DIVERTID\u00cdSSIMA NENA CIENT\u00cdFICA QUE ESTIMA ELS ANIMALS (PERQU\u00c8 S\u00d3N ELS MILLORS)<\/p>\n<p> M\u00e9s de 500.000 lectors a tot el m\u00f3n!<\/p>\n","protected":false},"excerpt":{"rendered":"<p>ELISE GRAVEL<\/p>\n","protected":false},"featured_media":1085021,"template":"","meta":{"_acf_changed":false,"om_disable_all_campaigns":false,"rs_blank_template":"","rs_page_bg_color":"","slide_template_v7":"","inline_featured_image":false,"_monsterinsights_skip_tracking":false,"_monsterinsights_sitenote_active":false,"_monsterinsights_sitenote_note":"","_monsterinsights_sitenote_category":0},"product_brand":[],"product_cat":[132,362],"product_tag":[],"class_list":{"0":"post-1085020","1":"product","2":"type-product","3":"status-publish","4":"has-post-thumbnail","6":"product_cat-lectures-per-preadolescents-6-12-anys","7":"product_cat-libros-preadolescentes-6-12-anos","9":"first","10":"instock","11":"taxable","12":"shipping-taxable","13":"purchasable","14":"product-type-simple"},"acf":{"autor":"ELISE GRAVEL","codart":"138774897","libros-coleccion":"","ediciones":"1","encuadernacion":"R\u00fastica","fecha_de_publicacion":"01\/02\/2026","novedad":"1","paginas":"184","subtitulo":"QUIN DESCONTROL!","orden":"0","portada":"0","idioma":"cat","booktrailer":"","resenas":"","editorial":[{"ID":6146,"post_author":"3","post_date":"2022-07-28 17:45:52","post_date_gmt":"2022-07-28 15:45:52","post_content":"","post_title":"Blackie Books","post_excerpt":"","post_status":"publish","comment_status":"closed","ping_status":"closed","post_password":"","post_name":"blackie-books","to_ping":"","pinged":"","post_modified":"2022-07-28 17:45:52","post_modified_gmt":"2022-07-28 15:45:52","post_content_filtered":"","post_parent":0,"guid":"http:\/\/dev.claret.cat\/editorial\/blackie-books\/","menu_order":0,"post_type":"editorial","post_mime_type":"","comment_count":"0","filter":"raw"}]},"aioseo_notices":[],"_links":{"self":[{"href":"https:\/\/www.claret.cat\/es\/wp-json\/wp\/v2\/product\/1085020","targetHints":{"allow":["GET"]}}],"collection":[{"href":"https:\/\/www.claret.cat\/es\/wp-json\/wp\/v2\/product"}],"about":[{"href":"https:\/\/www.claret.cat\/es\/wp-json\/wp\/v2\/types\/product"}],"wp:featuredmedia":[{"embeddable":true,"href":"https:\/\/www.claret.cat\/es\/wp-json\/wp\/v2\/media\/1085021"}],"wp:attachment":[{"href":"https:\/\/www.claret.cat\/es\/wp-json\/wp\/v2\/media?parent=1085020"}],"wp:term":[{"taxonomy":"product_brand","embeddable":true,"href":"https:\/\/www.claret.cat\/es\/wp-json\/wp\/v2\/product_brand?post=1085020"},{"taxonomy":"product_cat","embeddable":true,"href":"https:\/\/www.claret.cat\/es\/wp-json\/wp\/v2\/product_cat?post=1085020"},{"taxonomy":"product_tag","embeddable":true,"href":"https:\/\/www.claret.cat\/es\/wp-json\/wp\/v2\/product_tag?post=1085020"}],"curies":[{"name":"wp","href":"https:\/\/api.w.org\/{rel}","templated":true}]}}