{"id":1085111,"date":"2026-02-19T17:51:54","date_gmt":"2026-02-19T16:51:54","guid":{"rendered":"https:\/\/www.claret.cat\/llibre\/alabad-al-senor-salmos-responsables-de-las-ferias-y-fiestas-para-la-celebracion-eucaristica-9788417459871\/"},"modified":"2026-03-09T17:05:11","modified_gmt":"2026-03-09T16:05:11","slug":"alabad-al-senor-salmos-responsables-de-las-ferias-y-fiestas-para-la-celebracion-eucaristica-9788417459871","status":"publish","type":"product","link":"https:\/\/www.claret.cat\/es\/libro\/alabad-al-senor-salmos-responsables-de-las-ferias-y-fiestas-para-la-celebracion-eucaristica-9788417459871\/","title":{"rendered":"ALABAD AL SE\u00d1OR : SALMOS RESPONSABLES DE LAS FERIAS Y FIESTAS PARA LA CELEBRACI\u00d3N EUCAR\u00cdSTICA"},"content":{"rendered":"","protected":false},"excerpt":{"rendered":"<p>CONFERENCIA EPISCOPAL ESPA\u00d1OLA. LIBROS LIT\u00daRGICOS<\/p>\n","protected":false},"featured_media":1087306,"template":"","meta":{"_acf_changed":false,"om_disable_all_campaigns":false,"rs_blank_template":"","rs_page_bg_color":"","slide_template_v7":"","inline_featured_image":false,"_monsterinsights_skip_tracking":false,"_monsterinsights_sitenote_active":false,"_monsterinsights_sitenote_note":"","_monsterinsights_sitenote_category":0},"product_brand":[],"product_cat":[252,398],"product_tag":[],"class_list":{"0":"post-1085111","1":"product","2":"type-product","3":"status-publish","4":"has-post-thumbnail","6":"product_cat-altres-rituals","7":"product_cat-otros-rituales","9":"first","10":"instock","11":"taxable","12":"shipping-taxable","13":"purchasable","14":"product-type-simple"},"acf":{"autor":"CONFERENCIA EPISCOPAL ESPA\u00d1OLA. LIBROS LIT\u00daRGICOS","codart":"841745987","libros-coleccion":"FORA DE COL.LECCI\u00d3","ediciones":"1","encuadernacion":"[EditValue is null]","fecha_de_publicacion":"19\/02\/2026","novedad":"1","paginas":"304","subtitulo":"LIBRO DEL ORGANISTA","orden":"999","portada":"0","idioma":"spa","booktrailer":"","resenas":"","editorial":[{"ID":147509,"post_author":"3","post_date":"2022-10-14 11:51:07","post_date_gmt":"2022-10-14 09:51:07","post_content":"","post_title":"B.A.C.","post_excerpt":"","post_status":"publish","comment_status":"closed","ping_status":"closed","post_password":"","post_name":"b-a-c","to_ping":"","pinged":"","post_modified":"2022-10-14 11:51:07","post_modified_gmt":"2022-10-14 09:51:07","post_content_filtered":"","post_parent":0,"guid":"http:\/\/dev.claret.cat\/editorial\/b-a-c\/","menu_order":0,"post_type":"editorial","post_mime_type":"","comment_count":"0","filter":"raw"}]},"aioseo_notices":[],"_links":{"self":[{"href":"https:\/\/www.claret.cat\/es\/wp-json\/wp\/v2\/product\/1085111","targetHints":{"allow":["GET"]}}],"collection":[{"href":"https:\/\/www.claret.cat\/es\/wp-json\/wp\/v2\/product"}],"about":[{"href":"https:\/\/www.claret.cat\/es\/wp-json\/wp\/v2\/types\/product"}],"wp:featuredmedia":[{"embeddable":true,"href":"https:\/\/www.claret.cat\/es\/wp-json\/wp\/v2\/media\/1087306"}],"wp:attachment":[{"href":"https:\/\/www.claret.cat\/es\/wp-json\/wp\/v2\/media?parent=1085111"}],"wp:term":[{"taxonomy":"product_brand","embeddable":true,"href":"https:\/\/www.claret.cat\/es\/wp-json\/wp\/v2\/product_brand?post=1085111"},{"taxonomy":"product_cat","embeddable":true,"href":"https:\/\/www.claret.cat\/es\/wp-json\/wp\/v2\/product_cat?post=1085111"},{"taxonomy":"product_tag","embeddable":true,"href":"https:\/\/www.claret.cat\/es\/wp-json\/wp\/v2\/product_tag?post=1085111"}],"curies":[{"name":"wp","href":"https:\/\/api.w.org\/{rel}","templated":true}]}}