{"id":1085116,"date":"2026-02-19T18:20:02","date_gmt":"2026-02-19T17:20:02","guid":{"rendered":"https:\/\/www.claret.cat\/llibre\/redimir-y-adoctrinar-9788491998280\/"},"modified":"2026-04-08T19:05:18","modified_gmt":"2026-04-08T17:05:18","slug":"redimir-y-adoctrinar-9788491998280","status":"publish","type":"product","link":"https:\/\/www.claret.cat\/es\/libro\/redimir-y-adoctrinar-9788491998280\/","title":{"rendered":"REDIMIR Y ADOCTRINAR"},"content":{"rendered":"<p>Tras decadas de silencio, Carmen Guill\u00e9n arroja luz al organismo franquista encargado del adoctrinamiento moral de las mujeres ca\u00eddas.<br \/> De entre todos los fragmentos que componen la compleja historia del siglo XX espa\u00f1ol, pocos cap\u00edtulos resultan tan oscuros y reveladores como los vinculados a las instituciones represivas del franquismo. La m\u00e1s longeva y, sin embargo, la menos conocida es el Patronato de Protecci\u00f3n a la Mujer.<br \/> Desde 1941 hasta bien entrada la democracia, esta instituci\u00f3n apuntal\u00f3 su labor sobre cuatro pilares: trabajo y oraci\u00f3n para redimir; disciplina y castigo para adoctrinar. En el cruce de intereses entre Iglesia y Estado, la doctrina cat\u00f3lica sirvi\u00f3 para legitimar este control femenino. Miles de mujeres de todas las edades, procedencias y contextos socioecon\u00f3micos fueron entonces condenadas sin delito y encerradas sin juicio en nombre de esa moral. Bajo un disfraz de caridad se ocult\u00f3 una realidad llena de abusos, trabajos forzados, robo de beb\u00e9s y violaciones sistem\u00e1ticas de los derechos humanos.<br \/> Este libro analiza el Patronato como una pieza clave en la arquitectura moral y pol\u00edtica del franquismo y examina la huella que dej\u00f3 en quienes lo padecieron y en una memoria colectiva que a\u00fan intenta asumir ese pasado.<br \/> .<\/p>\n","protected":false},"excerpt":{"rendered":"<p>CARMEN GUILL\u00c9N LORENTE<\/p>\n","protected":false},"featured_media":1095783,"template":"","meta":{"_acf_changed":false,"om_disable_all_campaigns":false,"rs_blank_template":"","rs_page_bg_color":"","slide_template_v7":"","inline_featured_image":false,"_monsterinsights_skip_tracking":false,"_monsterinsights_sitenote_active":false,"_monsterinsights_sitenote_note":"","_monsterinsights_sitenote_category":0},"product_brand":[],"product_cat":[431,154],"product_tag":[],"class_list":{"0":"post-1085116","1":"product","2":"type-product","3":"status-publish","4":"has-post-thumbnail","6":"product_cat-espana","7":"product_cat-espanaya","9":"first","10":"instock","11":"taxable","12":"shipping-taxable","13":"purchasable","14":"product-type-simple"},"acf":{"autor":"CARMEN GUILL\u00c9N LORENTE","codart":"849199828","libros-coleccion":"Contrastes","ediciones":"1","encuadernacion":"Carton\u00e9","fecha_de_publicacion":"01\/01\/2026","novedad":"1","paginas":"272","subtitulo":"EL PATRONATO DE PROTECCI\u00d3N A LA MUJER (1941-1985)","orden":"0","portada":"0","idioma":"spa","booktrailer":"","resenas":"","editorial":[{"ID":6174,"post_author":"3","post_date":"2022-07-28 17:46:29","post_date_gmt":"2022-07-28 15:46:29","post_content":"","post_title":"CRITICA","post_excerpt":"","post_status":"publish","comment_status":"closed","ping_status":"closed","post_password":"","post_name":"critica","to_ping":"","pinged":"","post_modified":"2022-07-28 17:46:29","post_modified_gmt":"2022-07-28 15:46:29","post_content_filtered":"","post_parent":0,"guid":"http:\/\/dev.claret.cat\/editorial\/critica\/","menu_order":0,"post_type":"editorial","post_mime_type":"","comment_count":"0","filter":"raw"}]},"aioseo_notices":[],"_links":{"self":[{"href":"https:\/\/www.claret.cat\/es\/wp-json\/wp\/v2\/product\/1085116","targetHints":{"allow":["GET"]}}],"collection":[{"href":"https:\/\/www.claret.cat\/es\/wp-json\/wp\/v2\/product"}],"about":[{"href":"https:\/\/www.claret.cat\/es\/wp-json\/wp\/v2\/types\/product"}],"wp:featuredmedia":[{"embeddable":true,"href":"https:\/\/www.claret.cat\/es\/wp-json\/wp\/v2\/media\/1095783"}],"wp:attachment":[{"href":"https:\/\/www.claret.cat\/es\/wp-json\/wp\/v2\/media?parent=1085116"}],"wp:term":[{"taxonomy":"product_brand","embeddable":true,"href":"https:\/\/www.claret.cat\/es\/wp-json\/wp\/v2\/product_brand?post=1085116"},{"taxonomy":"product_cat","embeddable":true,"href":"https:\/\/www.claret.cat\/es\/wp-json\/wp\/v2\/product_cat?post=1085116"},{"taxonomy":"product_tag","embeddable":true,"href":"https:\/\/www.claret.cat\/es\/wp-json\/wp\/v2\/product_tag?post=1085116"}],"curies":[{"name":"wp","href":"https:\/\/api.w.org\/{rel}","templated":true}]}}