{"id":1085200,"date":"2026-02-20T11:00:02","date_gmt":"2026-02-20T10:00:02","guid":{"rendered":"https:\/\/www.claret.cat\/llibre\/el-poder-de-los-sin-poder-9788490550120\/"},"modified":"2026-03-04T13:46:23","modified_gmt":"2026-03-04T12:46:23","slug":"el-poder-de-los-sin-poder-9788490550120","status":"publish","type":"product","link":"https:\/\/www.claret.cat\/es\/libro\/el-poder-de-los-sin-poder-9788490550120\/","title":{"rendered":"EL PODER DE LOS SIN PODER"},"content":{"rendered":"<p>El poder de los sin poder es el libro pragm\u00e1tico de V\u00e1clav Havel: una serie de ensayos pol\u00edticos en los que su autor sostiene que el mundo dominado por la t\u00e9cnica debe evolucionar hacia otro en el que una \u00abrevoluci\u00f3n existencial\u00bb dote de un contenido aut\u00e9nticamente humano a las nuevas estructuras pol\u00edticas y sociales.<\/p>\n","protected":false},"excerpt":{"rendered":"<p>V\u00c1CLAV HAVEL<\/p>\n","protected":false},"featured_media":1086952,"template":"","meta":{"_acf_changed":false,"om_disable_all_campaigns":false,"rs_blank_template":"","rs_page_bg_color":"","slide_template_v7":"","inline_featured_image":false,"_monsterinsights_skip_tracking":false,"_monsterinsights_sitenote_active":false,"_monsterinsights_sitenote_note":"","_monsterinsights_sitenote_category":0},"product_brand":[],"product_cat":[90,540],"product_tag":[],"class_list":{"0":"post-1085200","1":"product","2":"type-product","3":"status-publish","4":"has-post-thumbnail","6":"product_cat-altres","7":"product_cat-otros","9":"first","10":"instock","11":"taxable","12":"shipping-taxable","13":"purchasable","14":"product-type-simple"},"acf":{"autor":"V\u00c1CLAV HAVEL","codart":"849055012","libros-coleccion":"Ra\u00edces de Europa","ediciones":"1","encuadernacion":"R\u00fastica","fecha_de_publicacion":"01\/10\/2013","novedad":"0","paginas":"208","subtitulo":"Y OTROS ESCRITOS","orden":"0","portada":"0","idioma":"spa","booktrailer":"","resenas":"","editorial":[{"ID":148092,"post_author":"3","post_date":"2022-10-14 11:55:34","post_date_gmt":"2022-10-14 09:55:34","post_content":"","post_title":"Encuentro","post_excerpt":"","post_status":"publish","comment_status":"closed","ping_status":"closed","post_password":"","post_name":"encuentro","to_ping":"","pinged":"","post_modified":"2022-10-14 11:55:34","post_modified_gmt":"2022-10-14 09:55:34","post_content_filtered":"","post_parent":0,"guid":"http:\/\/dev.claret.cat\/editorial\/encuentro\/","menu_order":0,"post_type":"editorial","post_mime_type":"","comment_count":"0","filter":"raw"}]},"aioseo_notices":[],"_links":{"self":[{"href":"https:\/\/www.claret.cat\/es\/wp-json\/wp\/v2\/product\/1085200","targetHints":{"allow":["GET"]}}],"collection":[{"href":"https:\/\/www.claret.cat\/es\/wp-json\/wp\/v2\/product"}],"about":[{"href":"https:\/\/www.claret.cat\/es\/wp-json\/wp\/v2\/types\/product"}],"wp:featuredmedia":[{"embeddable":true,"href":"https:\/\/www.claret.cat\/es\/wp-json\/wp\/v2\/media\/1086952"}],"wp:attachment":[{"href":"https:\/\/www.claret.cat\/es\/wp-json\/wp\/v2\/media?parent=1085200"}],"wp:term":[{"taxonomy":"product_brand","embeddable":true,"href":"https:\/\/www.claret.cat\/es\/wp-json\/wp\/v2\/product_brand?post=1085200"},{"taxonomy":"product_cat","embeddable":true,"href":"https:\/\/www.claret.cat\/es\/wp-json\/wp\/v2\/product_cat?post=1085200"},{"taxonomy":"product_tag","embeddable":true,"href":"https:\/\/www.claret.cat\/es\/wp-json\/wp\/v2\/product_tag?post=1085200"}],"curies":[{"name":"wp","href":"https:\/\/api.w.org\/{rel}","templated":true}]}}