{"id":1085400,"date":"2026-02-20T19:20:02","date_gmt":"2026-02-20T18:20:02","guid":{"rendered":"https:\/\/www.claret.cat\/llibre\/lalegria-que-passa-el-jardi-abandonat-9788415954903\/"},"modified":"2026-02-26T12:25:50","modified_gmt":"2026-02-26T11:25:50","slug":"lalegria-que-passa-el-jardi-abandonat-9788415954903","status":"publish","type":"product","link":"https:\/\/www.claret.cat\/es\/libro\/lalegria-que-passa-el-jardi-abandonat-9788415954903\/","title":{"rendered":"L&#8217;ALEGRIA QUE PASSA. EL JARD\u00cd ABANDONAT"},"content":{"rendered":"<p>L&#8217;alegria que passa (1898) planteja l&#8217;enfrontament de l&#8217;artista i la societat, un contrast entre el m\u00f3n ideal del poeta i el m\u00f3n material del burg\u00e8s. El jard\u00ed abandonat (1900) \u00e9s un quadre poem\u00e0tic on el jard\u00ed simbolitza la lluita entre l&#8217;individu i la realitat i esdev\u00e9 el m\u00f3n que crea l&#8217;artista al marge d&#8217;una societat materialista i poc sensible a l&#8217;art. Ambdues obres es troben entre les m\u00e9s emblem\u00e0tiques de Santiago Rusi\u00f1ol i del modernisme catal\u00e0.<br \/> Aquesta edici\u00f3 inclou una introducci\u00f3 i propostes de treball a cura de Ramona Bosch i Bosch (Lleida, 1968). Professora de Llengua i Literatura Catalanes, actualment treballa com a assessora en llengua, interculturalitat i cohesi\u00f3 social en el Servei Educatiu del Segri\u00e0. Completa el volum un estudi de Francesc Cort\u00e8s sobre les peces musicals que Enric Morera va compondre per a la presentaci\u00f3 de L&#8217;alegria que passa, les partitures de les quals tamb\u00e9 trobareu aqu\u00ed.<\/p>\n","protected":false},"excerpt":{"rendered":"<p>RUSI\u00d1OL, SANTIAGO<\/p>\n","protected":false},"featured_media":1085401,"template":"","meta":{"_acf_changed":false,"om_disable_all_campaigns":false,"rs_blank_template":"","rs_page_bg_color":"","slide_template_v7":"","inline_featured_image":false,"_monsterinsights_skip_tracking":false,"_monsterinsights_sitenote_active":false,"_monsterinsights_sitenote_note":"","_monsterinsights_sitenote_category":0},"product_brand":[],"product_cat":[354,123],"product_tag":[],"class_list":{"0":"post-1085400","1":"product","2":"type-product","3":"status-publish","4":"has-post-thumbnail","6":"product_cat-clasica","7":"product_cat-classica","9":"first","10":"instock","11":"taxable","12":"shipping-taxable","13":"purchasable","14":"product-type-simple"},"acf":{"autor":"RUSI\u00d1OL, SANTIAGO","codart":"841595490","libros-coleccion":"Educaci\u00f3 62","ediciones":"1","encuadernacion":"R\u00fastica","fecha_de_publicacion":"01\/03\/2022","novedad":"0","paginas":"147","subtitulo":"","orden":"0","portada":"0","idioma":"cat","booktrailer":"","resenas":"","editorial":[{"ID":148053,"post_author":"3","post_date":"2022-10-14 11:55:16","post_date_gmt":"2022-10-14 09:55:16","post_content":"","post_title":"EDUCAULA","post_excerpt":"","post_status":"publish","comment_status":"closed","ping_status":"closed","post_password":"","post_name":"educaula","to_ping":"","pinged":"","post_modified":"2022-10-14 11:55:16","post_modified_gmt":"2022-10-14 09:55:16","post_content_filtered":"","post_parent":0,"guid":"http:\/\/dev.claret.cat\/editorial\/educaula\/","menu_order":0,"post_type":"editorial","post_mime_type":"","comment_count":"0","filter":"raw"}],"autores-libros":[{"ID":169065,"post_author":"3","post_date":"2022-10-14 22:24:12","post_date_gmt":"2022-10-14 20:24:12","post_content":"","post_title":"SANTIAGO RUSI\u00d1OL","post_excerpt":"","post_status":"publish","comment_status":"closed","ping_status":"closed","post_password":"","post_name":"santiago-rusinol","to_ping":"","pinged":"","post_modified":"2022-10-14 22:24:12","post_modified_gmt":"2022-10-14 20:24:12","post_content_filtered":"","post_parent":0,"guid":"http:\/\/dev.claret.cat\/autor\/santiago-rusinol\/","menu_order":0,"post_type":"autor","post_mime_type":"","comment_count":"0","filter":"raw"}]},"aioseo_notices":[],"_links":{"self":[{"href":"https:\/\/www.claret.cat\/es\/wp-json\/wp\/v2\/product\/1085400","targetHints":{"allow":["GET"]}}],"collection":[{"href":"https:\/\/www.claret.cat\/es\/wp-json\/wp\/v2\/product"}],"about":[{"href":"https:\/\/www.claret.cat\/es\/wp-json\/wp\/v2\/types\/product"}],"wp:featuredmedia":[{"embeddable":true,"href":"https:\/\/www.claret.cat\/es\/wp-json\/wp\/v2\/media\/1085401"}],"wp:attachment":[{"href":"https:\/\/www.claret.cat\/es\/wp-json\/wp\/v2\/media?parent=1085400"}],"wp:term":[{"taxonomy":"product_brand","embeddable":true,"href":"https:\/\/www.claret.cat\/es\/wp-json\/wp\/v2\/product_brand?post=1085400"},{"taxonomy":"product_cat","embeddable":true,"href":"https:\/\/www.claret.cat\/es\/wp-json\/wp\/v2\/product_cat?post=1085400"},{"taxonomy":"product_tag","embeddable":true,"href":"https:\/\/www.claret.cat\/es\/wp-json\/wp\/v2\/product_tag?post=1085400"}],"curies":[{"name":"wp","href":"https:\/\/api.w.org\/{rel}","templated":true}]}}