{"id":1085430,"date":"2026-02-23T10:20:41","date_gmt":"2026-02-23T09:20:41","guid":{"rendered":"https:\/\/www.claret.cat\/llibre\/san-francisco-de-asis-9788419240286\/"},"modified":"2026-03-31T12:45:21","modified_gmt":"2026-03-31T10:45:21","slug":"san-francisco-de-asis-9788419240286","status":"publish","type":"product","link":"https:\/\/www.claret.cat\/es\/libro\/san-francisco-de-asis-9788419240286\/","title":{"rendered":"SAN FRANCISCO DE AS\u00cdS"},"content":{"rendered":"<p>ROMANA presenta en exclusiva el libro p\u00f3stumo del Papa Francisco, dictado en los \u00faltimos meses de 2024, sobre San Francisco de As\u00eds, una suerte de testamento espiritual del Papa Francisco. En sus 192 p\u00e1ginas, el Papa Francisco nos revela su visi\u00f3n personal del santo de As\u00eds, en di\u00e1logo fraterno con el Cardenal Marcello Semeraro. Bergoglio por primera vez desvela su profunda conexi\u00f3n con San Francisco, el santo en el que Francisco se ha inspirado, incluso para la elecci\u00f3n de su nombre como Papa, en la defensa del los pobres y en la custodia de la creaci\u00f3n. En este precioso libro, a lo largo de 15 cap\u00edtulos, el Papa Francisco aborda en profundidad diversos temas: lo que significa para \u00e9l la oraci\u00f3n, a qu\u00e9 se refiere cuando habla de los pobres y de la pobreza, la custodia de la creaci\u00f3n, cu\u00e1l es su relaci\u00f3n con el dolor f\u00edsico y la enfermedad y con la muerte \u201cuna gracia prepararse para la muerte\u201d. \u201cCuando se es anciano,\u201d relata Bergoglio, \u201cse percibe que no falta mucho para el final, y entonces resulta una gracia el poder prepararse a la muerte, poder releer el propio pasado agradeciendo al Se\u00f1or por todo lo que nos ha regalado.\u201d El Papa dialoga respondiendo a las preguntas del Cardenal Marcello Semeraro, prefecto del Dicasterio para las Causas de los Santos, al que le un\u00eda una larga amistad. Como afirma el Papa Le\u00f3n XIV en la carta introductoria del volumen, \u201cEsta obra permite casi volver a escuchar la voz del Papa Francisco\u201d. Como afirma el Cardenal Parol\u00edn en el Pr\u00f3logo:\u201d hoy podemos leer este extenso testimonio del Papa Francisco, escrita en los \u00faltimos meses de su vida, casi como si fuera su \u201ctestamento espiritual\u201d. En suma, el primer y \u00fanico testimonio del Papa Francisco sobre el santo de As\u00eds, que desvela su mirada y visi\u00f3n personal, redactado en los \u00faltimos meses de su vida. Con la introducci\u00f3n del Papa Le\u00f3n XIV y el pr\u00f3logo del Cardenal Pietro Parol\u00edn, Secretario de Estado de la Santa Sede. El \u00faltimo libro del Papa Francisco. Una novedad exclusiva de la mano de ROMANA EDITORIAL.<\/p>\n","protected":false},"excerpt":{"rendered":"<p>PAPA FRANCISCO<\/p>\n","protected":false},"featured_media":1093670,"template":"","meta":{"_acf_changed":false,"om_disable_all_campaigns":false,"rs_blank_template":"","rs_page_bg_color":"","slide_template_v7":"","inline_featured_image":false,"_monsterinsights_skip_tracking":false,"_monsterinsights_sitenote_active":false,"_monsterinsights_sitenote_note":"","_monsterinsights_sitenote_category":0},"product_brand":[],"product_cat":[243,493],"product_tag":[],"class_list":{"0":"post-1085430","1":"product","2":"type-product","3":"status-publish","4":"has-post-thumbnail","6":"product_cat-franciscana","7":"product_cat-franciscana-espiritualidad-1_espiritualidad","9":"first","10":"instock","11":"taxable","12":"shipping-taxable","13":"purchasable","14":"product-type-simple"},"acf":{"autor":"PAPA FRANCISCO","codart":"841924028","libros-coleccion":"","ediciones":"1","encuadernacion":"Carton\u00e9","fecha_de_publicacion":"01\/01\/2026","novedad":"1","paginas":"0","subtitulo":"LA MIRADA DEL PAPA FRANCISCO SOBRE EL SANTO DE AS\u00cdS","orden":"0","portada":"0","idioma":"spa","booktrailer":"","resenas":"","editorial":[{"ID":148758,"post_author":"3","post_date":"2022-10-14 12:00:45","post_date_gmt":"2022-10-14 10:00:45","post_content":"","post_title":"ROMANA","post_excerpt":"","post_status":"publish","comment_status":"closed","ping_status":"closed","post_password":"","post_name":"romana","to_ping":"","pinged":"","post_modified":"2022-10-14 12:00:45","post_modified_gmt":"2022-10-14 10:00:45","post_content_filtered":"","post_parent":0,"guid":"http:\/\/dev.claret.cat\/editorial\/romana\/","menu_order":0,"post_type":"editorial","post_mime_type":"","comment_count":"0","filter":"raw"}]},"aioseo_notices":[],"_links":{"self":[{"href":"https:\/\/www.claret.cat\/es\/wp-json\/wp\/v2\/product\/1085430","targetHints":{"allow":["GET"]}}],"collection":[{"href":"https:\/\/www.claret.cat\/es\/wp-json\/wp\/v2\/product"}],"about":[{"href":"https:\/\/www.claret.cat\/es\/wp-json\/wp\/v2\/types\/product"}],"wp:featuredmedia":[{"embeddable":true,"href":"https:\/\/www.claret.cat\/es\/wp-json\/wp\/v2\/media\/1093670"}],"wp:attachment":[{"href":"https:\/\/www.claret.cat\/es\/wp-json\/wp\/v2\/media?parent=1085430"}],"wp:term":[{"taxonomy":"product_brand","embeddable":true,"href":"https:\/\/www.claret.cat\/es\/wp-json\/wp\/v2\/product_brand?post=1085430"},{"taxonomy":"product_cat","embeddable":true,"href":"https:\/\/www.claret.cat\/es\/wp-json\/wp\/v2\/product_cat?post=1085430"},{"taxonomy":"product_tag","embeddable":true,"href":"https:\/\/www.claret.cat\/es\/wp-json\/wp\/v2\/product_tag?post=1085430"}],"curies":[{"name":"wp","href":"https:\/\/api.w.org\/{rel}","templated":true}]}}