{"id":1085496,"date":"2026-02-23T11:56:38","date_gmt":"2026-02-23T10:56:38","guid":{"rendered":"https:\/\/www.claret.cat\/llibre\/socrates-9788417703202\/"},"modified":"2026-02-23T13:45:19","modified_gmt":"2026-02-23T12:45:19","slug":"socrates-9788417703202","status":"publish","type":"product","link":"https:\/\/www.claret.cat\/es\/libro\/socrates-9788417703202\/","title":{"rendered":"S\u00d3CRATES"},"content":{"rendered":"<p>\u00bfQui\u00e9n fue realmente S\u00f3crates? \u00bfQu\u00e9 tiene que decir al hombre de hoy?<br \/> En estas p\u00e1ginas, Paul Johnson se acerca al fil\u00f3sofo ateniense con una mirada tan hist\u00f3rica como actual. Sin pretender convertirlo en una idea o mito, lo rescata como hombre real: carism\u00e1tico, ir\u00f3nico, inc\u00f3modo para su tiempo y, precisamente por eso, imprescindible para el nuestro. A trav\u00e9s de las fuentes cl\u00e1sicas el autor muestra c\u00f3mo un ciudadano que nunca escribi\u00f3 nada inaugur\u00f3 la \u00e9tica y cambi\u00f3 para siempre la manera de entender la justicia y la virtud.<br \/> S\u00f3crates es un pensador que no ense\u00f1a doctrinas, sino que dialoga. Desafi\u00f3 la demagogia y el relativismo sofista con una profunda convicci\u00f3n: jam\u00e1s es l\u00edcito devolver mal por mal. Su juicio y muerte, le\u00eddos desde la coherencia de toda su vida, se convierten en el gran testimonio de un hombre que prefiri\u00f3 morir antes que traicionarse.<br \/> Este libro no solo reconstruye una figura fundacional de Occidente: propone al lector contempor\u00e1neo un modelo de integridad y pensamiento cr\u00edtico. Porque S\u00f3crates \u2014como sugiere Johnson\u2014 no pertenece al pasado: interpela a cada generaci\u00f3n.<\/p>\n","protected":false},"excerpt":{"rendered":"<p>PAUL JOHNSON<\/p>\n","protected":false},"featured_media":1085624,"template":"","meta":{"_acf_changed":false,"om_disable_all_campaigns":false,"rs_blank_template":"","rs_page_bg_color":"","slide_template_v7":"","inline_featured_image":false,"_monsterinsights_skip_tracking":false,"_monsterinsights_sitenote_active":false,"_monsterinsights_sitenote_note":"","_monsterinsights_sitenote_category":0},"product_brand":[],"product_cat":[373,166],"product_tag":[],"class_list":{"0":"post-1085496","1":"product","2":"type-product","3":"status-publish","4":"has-post-thumbnail","6":"product_cat-autores","7":"product_cat-autors-filosofia","9":"first","10":"instock","11":"taxable","12":"shipping-taxable","13":"purchasable","14":"product-type-simple"},"acf":{"autor":"PAUL JOHNSON","codart":"841770320","libros-coleccion":"","ediciones":"1","encuadernacion":"R\u00fastica","fecha_de_publicacion":"01\/02\/2026","novedad":"1","paginas":"166","subtitulo":"UN HOMBRE DE NUESTRO TIEMPO","orden":"0","portada":"0","idioma":"spa","booktrailer":"","resenas":"","editorial":[{"ID":148062,"post_author":"3","post_date":"2022-10-14 11:55:20","post_date_gmt":"2022-10-14 09:55:20","post_content":"","post_title":"EL BUEY MUDO","post_excerpt":"","post_status":"publish","comment_status":"closed","ping_status":"closed","post_password":"","post_name":"el-buey-mudo","to_ping":"","pinged":"","post_modified":"2022-10-14 11:55:20","post_modified_gmt":"2022-10-14 09:55:20","post_content_filtered":"","post_parent":0,"guid":"http:\/\/dev.claret.cat\/editorial\/el-buey-mudo\/","menu_order":0,"post_type":"editorial","post_mime_type":"","comment_count":"0","filter":"raw"}]},"aioseo_notices":[],"_links":{"self":[{"href":"https:\/\/www.claret.cat\/es\/wp-json\/wp\/v2\/product\/1085496","targetHints":{"allow":["GET"]}}],"collection":[{"href":"https:\/\/www.claret.cat\/es\/wp-json\/wp\/v2\/product"}],"about":[{"href":"https:\/\/www.claret.cat\/es\/wp-json\/wp\/v2\/types\/product"}],"wp:featuredmedia":[{"embeddable":true,"href":"https:\/\/www.claret.cat\/es\/wp-json\/wp\/v2\/media\/1085624"}],"wp:attachment":[{"href":"https:\/\/www.claret.cat\/es\/wp-json\/wp\/v2\/media?parent=1085496"}],"wp:term":[{"taxonomy":"product_brand","embeddable":true,"href":"https:\/\/www.claret.cat\/es\/wp-json\/wp\/v2\/product_brand?post=1085496"},{"taxonomy":"product_cat","embeddable":true,"href":"https:\/\/www.claret.cat\/es\/wp-json\/wp\/v2\/product_cat?post=1085496"},{"taxonomy":"product_tag","embeddable":true,"href":"https:\/\/www.claret.cat\/es\/wp-json\/wp\/v2\/product_tag?post=1085496"}],"curies":[{"name":"wp","href":"https:\/\/api.w.org\/{rel}","templated":true}]}}