{"id":1085499,"date":"2026-02-23T12:00:02","date_gmt":"2026-02-23T11:00:02","guid":{"rendered":"https:\/\/www.claret.cat\/llibre\/eugenia-de-montijo-la-ultima-emperatiz-de-francia-9788415436928\/"},"modified":"2026-02-23T13:50:32","modified_gmt":"2026-02-23T12:50:32","slug":"eugenia-de-montijo-la-ultima-emperatiz-de-francia-9788415436928","status":"publish","type":"product","link":"https:\/\/www.claret.cat\/es\/libro\/eugenia-de-montijo-la-ultima-emperatiz-de-francia-9788415436928\/","title":{"rendered":"EUGENIA DE MONTIJO, LA \u00daLTIMA EMPERATIZ DE FRANCIA"},"content":{"rendered":"<p>Eugenia de Montijo, \u00faltima emperatriz de Francia, fue mucho m\u00e1s que un icono de elegancia: fue una mujer visionaria, pol\u00edtica influyente, promotora de la educaci\u00f3n femenina, impulsora de la modernizaci\u00f3n de Par\u00eds y protagonista de los grandes debates de su tiempo. Luch\u00f3 contra los prejuicios de una sociedad y demostr\u00f3 una capacidad de gobierno que desconcert\u00f3 a la corte y a sus enemigos.<br \/> Esta biograf\u00eda, minuciosamente documentada, recorre su vida desde su infancia en la Espa\u00f1a convulsa del siglo XIX hasta su longeva vejez en el exilio brit\u00e1nico. A trav\u00e9s de sus triunfos, tragedias y audacias, el libro rescata la figura de una mujer injustamente olvidada, cuya influencia en la pol\u00edtica, la ciencia, la moda y la cultura marc\u00f3 el rumbo de la Francia moderna.<br \/> Un retrato apasionante de una pionera que desafi\u00f3 las normas, abri\u00f3 caminos para las mujeres y dej\u00f3 una huella imborrable en la historia europea.<\/p>\n","protected":false},"excerpt":{"rendered":"<p>PETIE KLADSTRUP<\/p>\n","protected":false},"featured_media":1085632,"template":"","meta":{"_acf_changed":false,"om_disable_all_campaigns":false,"rs_blank_template":"","rs_page_bg_color":"","slide_template_v7":"","inline_featured_image":false,"_monsterinsights_skip_tracking":false,"_monsterinsights_sitenote_active":false,"_monsterinsights_sitenote_note":"","_monsterinsights_sitenote_category":0},"product_brand":[],"product_cat":[549,99,431,154],"product_tag":[],"class_list":{"0":"post-1085499","1":"product","2":"type-product","3":"status-publish","4":"has-post-thumbnail","6":"product_cat-biografias","7":"product_cat-biografies","8":"product_cat-espana","9":"product_cat-espanaya","11":"first","12":"instock","13":"taxable","14":"shipping-taxable","15":"purchasable","16":"product-type-simple"},"acf":{"autor":"PETIE KLADSTRUP","codart":"841543692","libros-coleccion":"","ediciones":"1","encuadernacion":"R\u00fastica","fecha_de_publicacion":"01\/02\/2026","novedad":"1","paginas":"368","subtitulo":"RESNICK EVELYNE","orden":"0","portada":"0","idioma":"spa","booktrailer":"","resenas":"","editorial":[{"ID":147632,"post_author":"3","post_date":"2022-10-14 11:52:04","post_date_gmt":"2022-10-14 09:52:04","post_content":"","post_title":"Ciudadela Libros","post_excerpt":"","post_status":"publish","comment_status":"closed","ping_status":"closed","post_password":"","post_name":"ciudadela-libros","to_ping":"","pinged":"","post_modified":"2022-10-14 11:52:04","post_modified_gmt":"2022-10-14 09:52:04","post_content_filtered":"","post_parent":0,"guid":"http:\/\/dev.claret.cat\/editorial\/ciudadela-libros\/","menu_order":0,"post_type":"editorial","post_mime_type":"","comment_count":"0","filter":"raw"}]},"aioseo_notices":[],"_links":{"self":[{"href":"https:\/\/www.claret.cat\/es\/wp-json\/wp\/v2\/product\/1085499","targetHints":{"allow":["GET"]}}],"collection":[{"href":"https:\/\/www.claret.cat\/es\/wp-json\/wp\/v2\/product"}],"about":[{"href":"https:\/\/www.claret.cat\/es\/wp-json\/wp\/v2\/types\/product"}],"wp:featuredmedia":[{"embeddable":true,"href":"https:\/\/www.claret.cat\/es\/wp-json\/wp\/v2\/media\/1085632"}],"wp:attachment":[{"href":"https:\/\/www.claret.cat\/es\/wp-json\/wp\/v2\/media?parent=1085499"}],"wp:term":[{"taxonomy":"product_brand","embeddable":true,"href":"https:\/\/www.claret.cat\/es\/wp-json\/wp\/v2\/product_brand?post=1085499"},{"taxonomy":"product_cat","embeddable":true,"href":"https:\/\/www.claret.cat\/es\/wp-json\/wp\/v2\/product_cat?post=1085499"},{"taxonomy":"product_tag","embeddable":true,"href":"https:\/\/www.claret.cat\/es\/wp-json\/wp\/v2\/product_tag?post=1085499"}],"curies":[{"name":"wp","href":"https:\/\/api.w.org\/{rel}","templated":true}]}}