{"id":1085517,"date":"2026-02-23T12:45:39","date_gmt":"2026-02-23T11:45:39","guid":{"rendered":"https:\/\/www.claret.cat\/llibre\/guia-del-buen-vampiro-sangre-novios-y-todo-lo-demas-9788427248298\/"},"modified":"2026-02-23T13:31:40","modified_gmt":"2026-02-23T12:31:40","slug":"guia-del-buen-vampiro-sangre-novios-y-todo-lo-demas-9788427248298","status":"publish","type":"product","link":"https:\/\/www.claret.cat\/es\/libro\/guia-del-buen-vampiro-sangre-novios-y-todo-lo-demas-9788427248298\/","title":{"rendered":"GU\u00cdA DEL BUEN VAMPIRO: SANGRE, NOVIOS Y TODO LO DEM\u00c1S"},"content":{"rendered":"<p>En esta comedia rom\u00e1ntica queer entre Heartstopper y Buffy Cazavampiros, un estudiante universitario de segundo curso deber\u00e1 lidiar de pronto con su transformaci\u00f3n en vampiro, la sociedad clandestina a la que ahora pertenece y el chico mono que descubre su secreto.  A veces el amor muerde. Es normal que la vida de Brennan, de diecinueve a\u00f1os, se vea trastocada por algo tan absurdo e inesperado como transformarse en vampiro. Pero si hay algo que puede hacer, es fingir que todo va bien cuando en realidad est\u00e1 a punto de perder la cabeza. Brennan acababa de lograr volver a la universidad tras recuperarse de una mala racha y esta no es la nueva vida que esperaba. Su reciente sed de sangre se complica cuando Cole, el bibliotecario supermono por el que todo el mundo est\u00e1 colado en el campus, lo pilla tomando su dosis diaria. Por suerte, Cole es tan adorable que no tiene problema en guardar el secreto de Brennan y hasta parece que \u00bfle gusta?<\/p>\n","protected":false},"excerpt":{"rendered":"<p>JAMIE D&#8217;AMATO<\/p>\n","protected":false},"featured_media":1085518,"template":"","meta":{"_acf_changed":false,"om_disable_all_campaigns":false,"rs_blank_template":"","rs_page_bg_color":"","slide_template_v7":"","inline_featured_image":false,"_monsterinsights_skip_tracking":false,"_monsterinsights_sitenote_active":false,"_monsterinsights_sitenote_note":"","_monsterinsights_sitenote_category":0},"product_brand":[],"product_cat":[127,357],"product_tag":[],"class_list":{"0":"post-1085517","1":"product","2":"type-product","3":"status-publish","4":"has-post-thumbnail","6":"product_cat-novella-contemporania","7":"product_cat-novela-contemporanea","9":"first","10":"instock","11":"taxable","12":"shipping-taxable","13":"purchasable","14":"product-type-simple"},"acf":{"autor":"JAMIE D'AMATO","codart":"842724829","libros-coleccion":"Ficci\u00f3n","ediciones":"1","encuadernacion":"Carton\u00e9","fecha_de_publicacion":"01\/02\/2026","novedad":"1","paginas":"399","subtitulo":"A VECES EL AMOR MUERDE","orden":"0","portada":"0","idioma":"spa","booktrailer":"","resenas":"","editorial":[{"ID":6346,"post_author":"3","post_date":"2022-07-28 17:50:13","post_date_gmt":"2022-07-28 15:50:13","post_content":"","post_title":"RBA Molino","post_excerpt":"","post_status":"publish","comment_status":"closed","ping_status":"closed","post_password":"","post_name":"rba-molino","to_ping":"","pinged":"","post_modified":"2022-07-28 17:50:13","post_modified_gmt":"2022-07-28 15:50:13","post_content_filtered":"","post_parent":0,"guid":"http:\/\/dev.claret.cat\/editorial\/rba-molino\/","menu_order":0,"post_type":"editorial","post_mime_type":"","comment_count":"0","filter":"raw"}]},"aioseo_notices":[],"_links":{"self":[{"href":"https:\/\/www.claret.cat\/es\/wp-json\/wp\/v2\/product\/1085517","targetHints":{"allow":["GET"]}}],"collection":[{"href":"https:\/\/www.claret.cat\/es\/wp-json\/wp\/v2\/product"}],"about":[{"href":"https:\/\/www.claret.cat\/es\/wp-json\/wp\/v2\/types\/product"}],"wp:featuredmedia":[{"embeddable":true,"href":"https:\/\/www.claret.cat\/es\/wp-json\/wp\/v2\/media\/1085518"}],"wp:attachment":[{"href":"https:\/\/www.claret.cat\/es\/wp-json\/wp\/v2\/media?parent=1085517"}],"wp:term":[{"taxonomy":"product_brand","embeddable":true,"href":"https:\/\/www.claret.cat\/es\/wp-json\/wp\/v2\/product_brand?post=1085517"},{"taxonomy":"product_cat","embeddable":true,"href":"https:\/\/www.claret.cat\/es\/wp-json\/wp\/v2\/product_cat?post=1085517"},{"taxonomy":"product_tag","embeddable":true,"href":"https:\/\/www.claret.cat\/es\/wp-json\/wp\/v2\/product_tag?post=1085517"}],"curies":[{"name":"wp","href":"https:\/\/api.w.org\/{rel}","templated":true}]}}