{"id":1085520,"date":"2026-02-23T12:45:52","date_gmt":"2026-02-23T11:45:52","guid":{"rendered":"https:\/\/www.claret.cat\/llibre\/leo-luna-2-una-excursion-loquisima-9791387741242\/"},"modified":"2026-02-23T13:30:51","modified_gmt":"2026-02-23T12:30:51","slug":"leo-luna-2-una-excursion-loquisima-9791387741242","status":"publish","type":"product","link":"https:\/\/www.claret.cat\/es\/libro\/leo-luna-2-una-excursion-loquisima-9791387741242\/","title":{"rendered":"LEO LUNA 2 &#8211; UNA EXCURSI\u00d3N LOQU\u00cdSIMA"},"content":{"rendered":"<p>Estos son los hechos:  1. Leo Luna es un extraterrestre (s\u00ed, es muy fuerte).  2. Su nave espacial se ha estrellado contra la Tierra.  3. Ahora tiene que ir a un cole para humanos (un rollo).  Y, encima\u2026, \u00a1nadie, NADIE, puede enterarse de su secreto!  Hoy la clase de Leo va de excursi\u00f3n al Museo de Historia Natural. Pero todo es un desastre\u2026 y parece que van a descubrir su identidad.   \u00a1\u00bfY si esta vez le pillan?!  SER EL CHICO RARO DE LA CLASE   NUNCA FUE TAN DIVERTIDO.  *Una serie ideal para ni\u00f1os que empiezan a leer solos, con cap\u00edtulos cortos, muchas ilustraciones y tramas sencillas.  *Interiores a color con ilustraciones muy expresivas y llamativas  *Cada historia plantea una nueva aventura de Leo Luna; pueden leerse de forma independiente   *Una historia de amistad, humor, aventuras, y valores como el compa\u00f1erismo, la aceptaci\u00f3n y el valor de ser diferente  *Cada historia plantea una nueva aventura de Leo Luna; pueden leerse de forma independiente<\/p>\n","protected":false},"excerpt":{"rendered":"<p>MAESTRA DE PUEBLO<\/p>\n","protected":false},"featured_media":1085521,"template":"","meta":{"_acf_changed":false,"om_disable_all_campaigns":false,"rs_blank_template":"","rs_page_bg_color":"","slide_template_v7":"","inline_featured_image":false,"_monsterinsights_skip_tracking":false,"_monsterinsights_sitenote_active":false,"_monsterinsights_sitenote_note":"","_monsterinsights_sitenote_category":0},"product_brand":[],"product_cat":[131,361],"product_tag":[],"class_list":{"0":"post-1085520","1":"product","2":"type-product","3":"status-publish","4":"has-post-thumbnail","6":"product_cat-contes-per-infants-0-6-anys","7":"product_cat-cuentos-para-ninos-0-6-anos","9":"first","10":"instock","11":"taxable","12":"shipping-taxable","13":"purchasable","14":"product-type-simple"},"acf":{"autor":"MAESTRA DE PUEBLO","codart":"138774124","libros-coleccion":"J\u00f3venes lectores","ediciones":"1","encuadernacion":"R\u00fastica","fecha_de_publicacion":"01\/02\/2026","novedad":"1","paginas":"122","subtitulo":"UNA EXCURSI\u00d3N LOQU\u00cdSIMA","orden":"0","portada":"0","idioma":"spa","booktrailer":"","resenas":"","editorial":[{"ID":6118,"post_author":"3","post_date":"2022-07-28 17:45:17","post_date_gmt":"2022-07-28 15:45:17","post_content":"","post_title":"ALFAGUARA","post_excerpt":"","post_status":"publish","comment_status":"closed","ping_status":"closed","post_password":"","post_name":"alfaguara","to_ping":"","pinged":"","post_modified":"2022-07-28 17:45:17","post_modified_gmt":"2022-07-28 15:45:17","post_content_filtered":"","post_parent":0,"guid":"http:\/\/dev.claret.cat\/editorial\/alfaguara\/","menu_order":0,"post_type":"editorial","post_mime_type":"","comment_count":"0","filter":"raw"}]},"aioseo_notices":[],"_links":{"self":[{"href":"https:\/\/www.claret.cat\/es\/wp-json\/wp\/v2\/product\/1085520","targetHints":{"allow":["GET"]}}],"collection":[{"href":"https:\/\/www.claret.cat\/es\/wp-json\/wp\/v2\/product"}],"about":[{"href":"https:\/\/www.claret.cat\/es\/wp-json\/wp\/v2\/types\/product"}],"wp:featuredmedia":[{"embeddable":true,"href":"https:\/\/www.claret.cat\/es\/wp-json\/wp\/v2\/media\/1085521"}],"wp:attachment":[{"href":"https:\/\/www.claret.cat\/es\/wp-json\/wp\/v2\/media?parent=1085520"}],"wp:term":[{"taxonomy":"product_brand","embeddable":true,"href":"https:\/\/www.claret.cat\/es\/wp-json\/wp\/v2\/product_brand?post=1085520"},{"taxonomy":"product_cat","embeddable":true,"href":"https:\/\/www.claret.cat\/es\/wp-json\/wp\/v2\/product_cat?post=1085520"},{"taxonomy":"product_tag","embeddable":true,"href":"https:\/\/www.claret.cat\/es\/wp-json\/wp\/v2\/product_tag?post=1085520"}],"curies":[{"name":"wp","href":"https:\/\/api.w.org\/{rel}","templated":true}]}}