{"id":1085523,"date":"2026-02-23T12:46:05","date_gmt":"2026-02-23T11:46:05","guid":{"rendered":"https:\/\/www.claret.cat\/llibre\/no-estas-sola-9788410467767\/"},"modified":"2026-02-23T13:46:57","modified_gmt":"2026-02-23T12:46:57","slug":"no-estas-sola-9788410467767","status":"publish","type":"product","link":"https:\/\/www.claret.cat\/es\/libro\/no-estas-sola-9788410467767\/","title":{"rendered":"NO EST\u00c1S SOLA"},"content":{"rendered":"<p>POR LA AUTORA DE GU\u00cdA PARA UN EMBARAZO CONSCIENTE. M\u00c1S DE 30.000 LECTORAS. Este libro aborda la violencia obst\u00e9trica desde una mirada que pone el foco en el sistema sanitario y en las pr\u00e1cticas profesionales, visibilizando c\u00f3mo determinadas din\u00e1micas y protocolos pueden vulnerar los derechos de las mujeres durante el embarazo y el parto. A trav\u00e9s de testimonios reales y un an\u00e1lisis cr\u00edtico, Laia Casadevall evidencia la necesidad urgente de transformar la atenci\u00f3n obst\u00e9trica hacia modelos verdaderamente respetuosos, basados en la evidencia y en la autonom\u00eda de las mujeres. Es, pues, una gu\u00eda clara para que las futuras madres conozcan sus derechos y las garant\u00edas que el sistema deber\u00eda ofrecerles, as\u00ed como criterios para identificar profesionales respetuosos y entornos seguros. Se\u00f1ala las l\u00edneas rojas que no deben cruzarse y que son responsabilidad de las instituciones, no de las mujeres. Pensado para todas las mujeres que han vivido violencia obst\u00e9trica y para que ninguna se sienta sola, este libro ofrece un espacio de reconocimiento y acompa\u00f1amiento. Adem\u00e1s, re\u00fane recursos legales, asociaciones de apoyo y herramientas para reparar las secuelas f\u00edsicas y emocionales. El resultado es una obra necesaria que valida las experiencias, impulsa la reparaci\u00f3n y contribuye a transformar el sistema hacia una atenci\u00f3n m\u00e1s humana y respetada.<\/p>\n","protected":false},"excerpt":{"rendered":"<p>LAIA CASADEVALL<\/p>\n","protected":false},"featured_media":1085628,"template":"","meta":{"_acf_changed":false,"om_disable_all_campaigns":false,"rs_blank_template":"","rs_page_bg_color":"","slide_template_v7":"","inline_featured_image":false,"_monsterinsights_skip_tracking":false,"_monsterinsights_sitenote_active":false,"_monsterinsights_sitenote_note":"","_monsterinsights_sitenote_category":0},"product_brand":[],"product_cat":[372,164],"product_tag":[],"class_list":{"0":"post-1085523","1":"product","2":"type-product","3":"status-publish","4":"has-post-thumbnail","6":"product_cat-derechos-humanos","7":"product_cat-drets-humans","9":"first","10":"instock","11":"taxable","12":"shipping-taxable","13":"purchasable","14":"product-type-simple"},"acf":{"autor":"LAIA CASADEVALL","codart":"841046776","libros-coleccion":"FORA DE COL.LECCI\u00d3","ediciones":"1","encuadernacion":"R\u00fastica","fecha_de_publicacion":"01\/02\/2026","novedad":"1","paginas":"285","subtitulo":"VISIBILIZANDO LA VIOLENCIA OBST\u00c9TRICA","orden":"0","portada":"0","idioma":"spa","booktrailer":"","resenas":"","editorial":[{"ID":148959,"post_author":"3","post_date":"2022-10-14 12:02:20","post_date_gmt":"2022-10-14 10:02:20","post_content":"","post_title":"Vergara","post_excerpt":"","post_status":"publish","comment_status":"closed","ping_status":"closed","post_password":"","post_name":"vergara","to_ping":"","pinged":"","post_modified":"2022-10-14 12:02:20","post_modified_gmt":"2022-10-14 10:02:20","post_content_filtered":"","post_parent":0,"guid":"http:\/\/dev.claret.cat\/editorial\/vergara\/","menu_order":0,"post_type":"editorial","post_mime_type":"","comment_count":"0","filter":"raw"}]},"aioseo_notices":[],"_links":{"self":[{"href":"https:\/\/www.claret.cat\/es\/wp-json\/wp\/v2\/product\/1085523","targetHints":{"allow":["GET"]}}],"collection":[{"href":"https:\/\/www.claret.cat\/es\/wp-json\/wp\/v2\/product"}],"about":[{"href":"https:\/\/www.claret.cat\/es\/wp-json\/wp\/v2\/types\/product"}],"wp:featuredmedia":[{"embeddable":true,"href":"https:\/\/www.claret.cat\/es\/wp-json\/wp\/v2\/media\/1085628"}],"wp:attachment":[{"href":"https:\/\/www.claret.cat\/es\/wp-json\/wp\/v2\/media?parent=1085523"}],"wp:term":[{"taxonomy":"product_brand","embeddable":true,"href":"https:\/\/www.claret.cat\/es\/wp-json\/wp\/v2\/product_brand?post=1085523"},{"taxonomy":"product_cat","embeddable":true,"href":"https:\/\/www.claret.cat\/es\/wp-json\/wp\/v2\/product_cat?post=1085523"},{"taxonomy":"product_tag","embeddable":true,"href":"https:\/\/www.claret.cat\/es\/wp-json\/wp\/v2\/product_tag?post=1085523"}],"curies":[{"name":"wp","href":"https:\/\/api.w.org\/{rel}","templated":true}]}}