{"id":1085526,"date":"2026-02-23T12:47:28","date_gmt":"2026-02-23T11:47:28","guid":{"rendered":"https:\/\/www.claret.cat\/llibre\/hijos-del-optimismo-9791387600570\/"},"modified":"2026-02-26T13:15:20","modified_gmt":"2026-02-26T12:15:20","slug":"hijos-del-optimismo-9791387600570","status":"publish","type":"product","link":"https:\/\/www.claret.cat\/es\/libro\/hijos-del-optimismo-9791387600570\/","title":{"rendered":"HIJOS DEL OPTIMISMO"},"content":{"rendered":"<p>El relato de la generaci\u00f3n que lo cambiar\u00e1 todo. El mundo se asoma al abismo. Cuando el motor que hab\u00eda impulsado dos siglos de progreso y democracia se detuvo, hace veinticinco a\u00f1os, las grandes promesas del siglo XX comenzaron a desmoronarse. Por esas grietas se han ido abriendo paso el extremismo y un malestar difuso, pero atronador. En medio de ese colapso se quedaron atrapados los Hijos del optimismo, los miembros de una generaci\u00f3n que se hizo mayor con la misi\u00f3n de construir una &#8216;sociedad del conocimiento&#8217; y termin\u00f3 convertida en chivo expiatorio cuando aquel proyecto se vio truncado. Hoy son los sospechosos habituales cada vez que se busca se\u00f1alar a quienes nos han llevado al callej\u00f3n sin salida en el que ahora estamos. Y es cierto, los haters tienen raz\u00f3n: los Hijos del optimismo acabaron con la econom\u00eda industrial. Pero no por vagos o irresponsables, sino precisamente porque cumplieron con su mandato: se alzaron como \u00abla generaci\u00f3n m\u00e1s preparada de la historia\u00bb y emprendieron una transformaci\u00f3n in\u00e9dita. En realidad, inauguraron un mundo nuevo en el que las coordenadas del anterior ya no funcionan. Tienes en tus manos un libro que es una br\u00fajula de esta realidad emergente: para comprender de d\u00f3nde venimos, ad\u00f3nde vamos y las grandes oportunidades que se abren ante nosotros.<\/p>\n","protected":false},"excerpt":{"rendered":"<p>MAR\u00cdA \u00c1LVAREZ<\/p>\n","protected":false},"featured_media":1086574,"template":"","meta":{"_acf_changed":false,"om_disable_all_campaigns":false,"rs_blank_template":"","rs_page_bg_color":"","slide_template_v7":"","inline_featured_image":false,"_monsterinsights_skip_tracking":false,"_monsterinsights_sitenote_active":false,"_monsterinsights_sitenote_note":"","_monsterinsights_sitenote_category":0},"product_brand":[],"product_cat":[434,159],"product_tag":[],"class_list":{"0":"post-1085526","1":"product","2":"type-product","3":"status-publish","4":"has-post-thumbnail","6":"product_cat-autores-sociologia-2_humanidades","7":"product_cat-autors","9":"first","10":"instock","11":"taxable","12":"shipping-taxable","13":"purchasable","14":"product-type-simple"},"acf":{"autor":"MAR\u00cdA \u00c1LVAREZ","codart":"138760057","libros-coleccion":"Econom\u00eda","ediciones":"1","encuadernacion":"R\u00fastica","fecha_de_publicacion":"01\/02\/2026","novedad":"1","paginas":"266","subtitulo":"C\u00d3MO UNA GENERACI\u00d3N ACAB\u00d3 CON EL SUE\u00d1O INDUSTRIAL E INAUGUR\u00d3 EL MUNDO DE LA ABUN","orden":"0","portada":"0","idioma":"spa","booktrailer":"","resenas":"","editorial":[{"ID":6177,"post_author":"3","post_date":"2022-07-28 17:46:33","post_date_gmt":"2022-07-28 15:46:33","post_content":"","post_title":"DEBATE","post_excerpt":"","post_status":"publish","comment_status":"closed","ping_status":"closed","post_password":"","post_name":"debate","to_ping":"","pinged":"","post_modified":"2022-07-28 17:46:33","post_modified_gmt":"2022-07-28 15:46:33","post_content_filtered":"","post_parent":0,"guid":"http:\/\/dev.claret.cat\/editorial\/debate\/","menu_order":0,"post_type":"editorial","post_mime_type":"","comment_count":"0","filter":"raw"}]},"aioseo_notices":[],"_links":{"self":[{"href":"https:\/\/www.claret.cat\/es\/wp-json\/wp\/v2\/product\/1085526","targetHints":{"allow":["GET"]}}],"collection":[{"href":"https:\/\/www.claret.cat\/es\/wp-json\/wp\/v2\/product"}],"about":[{"href":"https:\/\/www.claret.cat\/es\/wp-json\/wp\/v2\/types\/product"}],"wp:featuredmedia":[{"embeddable":true,"href":"https:\/\/www.claret.cat\/es\/wp-json\/wp\/v2\/media\/1086574"}],"wp:attachment":[{"href":"https:\/\/www.claret.cat\/es\/wp-json\/wp\/v2\/media?parent=1085526"}],"wp:term":[{"taxonomy":"product_brand","embeddable":true,"href":"https:\/\/www.claret.cat\/es\/wp-json\/wp\/v2\/product_brand?post=1085526"},{"taxonomy":"product_cat","embeddable":true,"href":"https:\/\/www.claret.cat\/es\/wp-json\/wp\/v2\/product_cat?post=1085526"},{"taxonomy":"product_tag","embeddable":true,"href":"https:\/\/www.claret.cat\/es\/wp-json\/wp\/v2\/product_tag?post=1085526"}],"curies":[{"name":"wp","href":"https:\/\/api.w.org\/{rel}","templated":true}]}}