{"id":1085529,"date":"2026-02-23T12:50:01","date_gmt":"2026-02-23T11:50:01","guid":{"rendered":"https:\/\/www.claret.cat\/llibre\/pocket-potters-profesor-dumbledore-9788419868596\/"},"modified":"2026-02-23T13:31:21","modified_gmt":"2026-02-23T12:31:21","slug":"pocket-potters-profesor-dumbledore-9788419868596","status":"publish","type":"product","link":"https:\/\/www.claret.cat\/es\/libro\/pocket-potters-profesor-dumbledore-9788419868596\/","title":{"rendered":"POCKET POTTERS &#8211; PROFESOR DUMBLEDORE"},"content":{"rendered":"<p>La nueva serie del universo \u00abHarry Potter\u00bb para lectores de +7 a\u00f1os \u00a1Minigu\u00edas coleccionables sobre tus personajes favoritos! \u00bfPor qu\u00e9 el Profesor Dumbledore es tan buen director de Hogwarts? \u00bfQu\u00e9 dice de \u00e9l su rana de chocolate y cu\u00e1l es su equipo de quidditch favorito? \u00a1Aqu\u00ed descubrir\u00e1s todo esto y mucho m\u00e1s sobre Dumbledore! Los Pocket Potters son minigu\u00edas coleccionables de las historias de la saga de Harry Potter. Prep\u00e1rate para aprender con sus sabias palabras, impresionarte por sus grandes conocimientos de magia y disfrutar del sabor de sus deliciosos caramelos de sorbete de lim\u00f3n. \u00a1Un libro repleto de magia y diversi\u00f3n! <br \/>* Ideal para primeros lectores que quieren descubrir el mundo Harry Potter, con poco texto e ilustrados a todo color * Con un nuevo ilustrador en cada volumen que refleja toda la magia y personalidad de cada personaje *Una serie muy coleccionable sobre los personajes m\u00e1s queridos de la saga<\/p>\n","protected":false},"excerpt":{"rendered":"<p>J.K. ROWLING<\/p>\n","protected":false},"featured_media":1085530,"template":"","meta":{"_acf_changed":false,"om_disable_all_campaigns":false,"rs_blank_template":"","rs_page_bg_color":"","slide_template_v7":"","inline_featured_image":false,"_monsterinsights_skip_tracking":false,"_monsterinsights_sitenote_active":false,"_monsterinsights_sitenote_note":"","_monsterinsights_sitenote_category":0},"product_brand":[],"product_cat":[132,362],"product_tag":[],"class_list":{"0":"post-1085529","1":"product","2":"type-product","3":"status-publish","4":"has-post-thumbnail","6":"product_cat-lectures-per-preadolescents-6-12-anys","7":"product_cat-libros-preadolescentes-6-12-anos","9":"first","10":"instock","11":"taxable","12":"shipping-taxable","13":"purchasable","14":"product-type-simple"},"acf":{"autor":"J.K. ROWLING","codart":"841986859","libros-coleccion":"","ediciones":"1","encuadernacion":"Carton\u00e9","fecha_de_publicacion":"01\/02\/2026","novedad":"1","paginas":"32","subtitulo":"","orden":"0","portada":"0","idioma":"spa","booktrailer":"","resenas":"","editorial":[{"ID":6354,"post_author":"3","post_date":"2022-07-28 17:50:23","post_date_gmt":"2022-07-28 15:50:23","post_content":"","post_title":"Salamandra Infantil y Juvenil","post_excerpt":"","post_status":"publish","comment_status":"closed","ping_status":"closed","post_password":"","post_name":"salamandra-infantil-y-juvenil","to_ping":"","pinged":"","post_modified":"2022-07-28 17:50:23","post_modified_gmt":"2022-07-28 15:50:23","post_content_filtered":"","post_parent":0,"guid":"http:\/\/dev.claret.cat\/editorial\/salamandra-infantil-y-juvenil\/","menu_order":0,"post_type":"editorial","post_mime_type":"","comment_count":"0","filter":"raw"}]},"aioseo_notices":[],"_links":{"self":[{"href":"https:\/\/www.claret.cat\/es\/wp-json\/wp\/v2\/product\/1085529","targetHints":{"allow":["GET"]}}],"collection":[{"href":"https:\/\/www.claret.cat\/es\/wp-json\/wp\/v2\/product"}],"about":[{"href":"https:\/\/www.claret.cat\/es\/wp-json\/wp\/v2\/types\/product"}],"wp:featuredmedia":[{"embeddable":true,"href":"https:\/\/www.claret.cat\/es\/wp-json\/wp\/v2\/media\/1085530"}],"wp:attachment":[{"href":"https:\/\/www.claret.cat\/es\/wp-json\/wp\/v2\/media?parent=1085529"}],"wp:term":[{"taxonomy":"product_brand","embeddable":true,"href":"https:\/\/www.claret.cat\/es\/wp-json\/wp\/v2\/product_brand?post=1085529"},{"taxonomy":"product_cat","embeddable":true,"href":"https:\/\/www.claret.cat\/es\/wp-json\/wp\/v2\/product_cat?post=1085529"},{"taxonomy":"product_tag","embeddable":true,"href":"https:\/\/www.claret.cat\/es\/wp-json\/wp\/v2\/product_tag?post=1085529"}],"curies":[{"name":"wp","href":"https:\/\/api.w.org\/{rel}","templated":true}]}}