{"id":1085535,"date":"2026-02-23T12:51:26","date_gmt":"2026-02-23T11:51:26","guid":{"rendered":"https:\/\/www.claret.cat\/llibre\/el-silencio-y-la-colera-los-anos-gloriosos-2-9788466377973\/"},"modified":"2026-02-23T13:32:15","modified_gmt":"2026-02-23T12:32:15","slug":"el-silencio-y-la-colera-los-anos-gloriosos-2-9788466377973","status":"publish","type":"product","link":"https:\/\/www.claret.cat\/es\/libro\/el-silencio-y-la-colera-los-anos-gloriosos-2-9788466377973\/","title":{"rendered":"EL SILENCIO Y LA C\u00d3LERA (LOS A\u00d1OS GLORIOSOS 2)"},"content":{"rendered":"<p>Tras el \u00e9xito de El ancho mundo, Pierre Lemaitre sigue con su trepidante saga familiar \u00abArte con may\u00fasculas.\u00bb Le Figaro Litt\u00e9raire Par\u00eds, 1952. Tras mudarse a la capital francesa desde Beirut, los hermanos Pelletier se enfrentan a los retos que les plantea su ciudad de adopci\u00f3n. Cuando H\u00e9l\u00e8ne llega a Chevrigny, un pueblo de la Francia profunda, para realizar un reportaje por encargo del Journal du Soir, es testigo de los dramas humanos de quienes se ver\u00e1n expulsados para siempre de sus hogares y, en ese contexto, su vida dar\u00e1 un vuelco inesperado. Entretanto, su hermano Fran\u00e7ois, un resuelto periodista del mismo diario parisino, debe descubrir qui\u00e9n es realmente Nine, mientras Jean, el inepto hermano mayor, atormentado por su diab\u00f3lica esposa, Genevi\u00e8ve, se enfrenta a sus violentas pulsiones y, una vez m\u00e1s, intenta huir de la justicia.La cr\u00edtica ha dicho: \u00abPierre Lemaitre es, probablemente, el escritor con m\u00e1s rasgos propios de los grandes autores franceses del siglo XIX, por c\u00f3mo engarza las tramasy perfila los personajes\u00bb.<br \/>Infolibre<\/p>\n<p>\u00abUn novelista may\u00fasculo y sobresaliente en estado de gracia\u00bb.<br \/>IDEAL<\/p>\n<p>\u00abUna voluminosa novela social tan divertida comoemocionante\u00bb.<br \/>Le Monde des Livres<\/p>\n<p>\u00abEl novelista va directo al grano, petardeando propulsado por sus lecturas populares: Zola, Dumas, Flaubert\u00bb.<br \/>T\u00e9l\u00e9rama<\/p>\n<p>\u00abApasionante, irresistible\u00bb.<br \/>Le Point<\/p>\n<p>\u00abIntensos y tr\u00e1gicos colores gracias a la pluma y la imaginaci\u00f3n del balzaquiano PierreLemaitre\u00bb.<br \/>Le Figaro Magazine<\/p>\n<p>\u00abUn torbellino conducido de forma magistral por Pierre Lemaitre, m\u00e1s virtuoso que nunca\u00bb.<br \/>Version Femina<\/p>\n<p>\u00abEl puro placer de la lectura\u00bb.<br \/>T\u00e9l\u00e9matin<\/p>\n<p>\u00abUn gran proyecto altamente estructurado, un gran fresco que cuenta la historia del siglo XX como una telenovela. \u00bfSu modelo? Zola\u00bb.<br \/>Le Monde<\/p>\n","protected":false},"excerpt":{"rendered":"<p>PIERRE LEMAITRE<\/p>\n","protected":false},"featured_media":1085536,"template":"","meta":{"_acf_changed":false,"om_disable_all_campaigns":false,"rs_blank_template":"","rs_page_bg_color":"","slide_template_v7":"","inline_featured_image":false,"_monsterinsights_skip_tracking":false,"_monsterinsights_sitenote_active":false,"_monsterinsights_sitenote_note":"","_monsterinsights_sitenote_category":0},"product_brand":[],"product_cat":[90,540],"product_tag":[],"class_list":{"0":"post-1085535","1":"product","2":"type-product","3":"status-publish","4":"has-post-thumbnail","6":"product_cat-altres","7":"product_cat-otros","9":"first","10":"instock","11":"taxable","12":"shipping-taxable","13":"purchasable","14":"product-type-simple"},"acf":{"autor":"PIERRE LEMAITRE","codart":"846637797","libros-coleccion":"","ediciones":"1","encuadernacion":"R\u00fastica","fecha_de_publicacion":"01\/02\/2026","novedad":"1","paginas":"576","subtitulo":"LOS A\u00d1OS GLORIOSOS 2","orden":"0","portada":"0","idioma":"spa","booktrailer":"","resenas":"","editorial":[{"ID":6178,"post_author":"3","post_date":"2022-07-28 17:46:34","post_date_gmt":"2022-07-28 15:46:34","post_content":"","post_title":"DEBOLSILLO","post_excerpt":"","post_status":"publish","comment_status":"closed","ping_status":"closed","post_password":"","post_name":"debolsillo","to_ping":"","pinged":"","post_modified":"2022-07-28 17:46:34","post_modified_gmt":"2022-07-28 15:46:34","post_content_filtered":"","post_parent":0,"guid":"http:\/\/dev.claret.cat\/editorial\/debolsillo\/","menu_order":0,"post_type":"editorial","post_mime_type":"","comment_count":"0","filter":"raw"}]},"aioseo_notices":[],"_links":{"self":[{"href":"https:\/\/www.claret.cat\/es\/wp-json\/wp\/v2\/product\/1085535","targetHints":{"allow":["GET"]}}],"collection":[{"href":"https:\/\/www.claret.cat\/es\/wp-json\/wp\/v2\/product"}],"about":[{"href":"https:\/\/www.claret.cat\/es\/wp-json\/wp\/v2\/types\/product"}],"wp:featuredmedia":[{"embeddable":true,"href":"https:\/\/www.claret.cat\/es\/wp-json\/wp\/v2\/media\/1085536"}],"wp:attachment":[{"href":"https:\/\/www.claret.cat\/es\/wp-json\/wp\/v2\/media?parent=1085535"}],"wp:term":[{"taxonomy":"product_brand","embeddable":true,"href":"https:\/\/www.claret.cat\/es\/wp-json\/wp\/v2\/product_brand?post=1085535"},{"taxonomy":"product_cat","embeddable":true,"href":"https:\/\/www.claret.cat\/es\/wp-json\/wp\/v2\/product_cat?post=1085535"},{"taxonomy":"product_tag","embeddable":true,"href":"https:\/\/www.claret.cat\/es\/wp-json\/wp\/v2\/product_tag?post=1085535"}],"curies":[{"name":"wp","href":"https:\/\/api.w.org\/{rel}","templated":true}]}}