{"id":1085541,"date":"2026-02-23T12:52:33","date_gmt":"2026-02-23T11:52:33","guid":{"rendered":"https:\/\/www.claret.cat\/llibre\/la-ciudad-de-la-lluvia-9788425373190\/"},"modified":"2026-02-23T13:31:31","modified_gmt":"2026-02-23T12:31:31","slug":"la-ciudad-de-la-lluvia-9788425373190","status":"publish","type":"product","link":"https:\/\/www.claret.cat\/es\/libro\/la-ciudad-de-la-lluvia-9788425373190\/","title":{"rendered":"LA CIUDAD DE LA LLUVIA"},"content":{"rendered":"<p>LA NOVELA QUE SUPUSO EL TRIUNFAL DEBUT DE ALFONSO DEL R\u00cdO EN EL MUNDO DEL THRILLER.  M\u00c1S DE 25.000 EJEMPLARES VENDIDOS.  Todos los hombres poderosos tienen un pasado, pero solo algunos matar\u00edan para mantenerlo oculto.  UNA FOTOGRAF\u00cdA MISTERIOSA Bilbao, 1983. Tras el entierro de su abuelo, Alain Lara, un prometedor jugador del Athletic de Bilbao, encuentra una foto fechada en los a\u00f1os cuarenta donde aparece su aitite en un aer\u00f3dromo alem\u00e1n junto con otros hombres y un ni\u00f1o. DEMASIADAS PREGUNTAS SIN RESPUESTA La sorpresa de Alain va en aumento cuando se entera de que dos de los protagonistas de esa imagen han muerto en circunstancias m\u00e1s que sospechosas. Con la ayuda de Mar\u00eda, la hija y heredera de unos de los fallecidos, un conocido empresario bilba\u00edno, el futbolista se empe\u00f1ar\u00e1 en bucear entre los secretos de ambas familias y en sacar a la luz cu\u00e1l fue su relaci\u00f3n con el r\u00e9gimen nazi\u2026 aunque hacerlo pueda costarles tanto la reputaci\u00f3n como la vida. El primer caso del inspector Lucas Bieda es una trama apasionante que nos descubre el aut\u00e9ntico rostro de la maldad.<\/p>\n","protected":false},"excerpt":{"rendered":"<p>ALFONSO DEL R\u00cdO<\/p>\n","protected":false},"featured_media":1085542,"template":"","meta":{"_acf_changed":false,"om_disable_all_campaigns":false,"rs_blank_template":"","rs_page_bg_color":"","slide_template_v7":"","inline_featured_image":false,"_monsterinsights_skip_tracking":false,"_monsterinsights_sitenote_active":false,"_monsterinsights_sitenote_note":"","_monsterinsights_sitenote_category":0},"product_brand":[],"product_cat":[127,357],"product_tag":[],"class_list":{"0":"post-1085541","1":"product","2":"type-product","3":"status-publish","4":"has-post-thumbnail","6":"product_cat-novella-contemporania","7":"product_cat-novela-contemporanea","9":"first","10":"instock","11":"taxable","12":"shipping-taxable","13":"purchasable","14":"product-type-simple"},"acf":{"autor":"ALFONSO DEL R\u00cdO","codart":"842537319","libros-coleccion":"Novela de intriga","ediciones":"1","encuadernacion":"R\u00fastica","fecha_de_publicacion":"01\/02\/2026","novedad":"1","paginas":"552","subtitulo":"","orden":"0","portada":"0","idioma":"spa","booktrailer":"","resenas":"","editorial":[{"ID":6263,"post_author":"3","post_date":"2022-07-28 17:48:27","post_date_gmt":"2022-07-28 15:48:27","post_content":"","post_title":"GRIJALBO","post_excerpt":"","post_status":"publish","comment_status":"closed","ping_status":"closed","post_password":"","post_name":"grijalbo","to_ping":"","pinged":"","post_modified":"2022-07-28 17:48:27","post_modified_gmt":"2022-07-28 15:48:27","post_content_filtered":"","post_parent":0,"guid":"http:\/\/dev.claret.cat\/editorial\/grijalbo\/","menu_order":0,"post_type":"editorial","post_mime_type":"","comment_count":"0","filter":"raw"}]},"aioseo_notices":[],"_links":{"self":[{"href":"https:\/\/www.claret.cat\/es\/wp-json\/wp\/v2\/product\/1085541","targetHints":{"allow":["GET"]}}],"collection":[{"href":"https:\/\/www.claret.cat\/es\/wp-json\/wp\/v2\/product"}],"about":[{"href":"https:\/\/www.claret.cat\/es\/wp-json\/wp\/v2\/types\/product"}],"wp:featuredmedia":[{"embeddable":true,"href":"https:\/\/www.claret.cat\/es\/wp-json\/wp\/v2\/media\/1085542"}],"wp:attachment":[{"href":"https:\/\/www.claret.cat\/es\/wp-json\/wp\/v2\/media?parent=1085541"}],"wp:term":[{"taxonomy":"product_brand","embeddable":true,"href":"https:\/\/www.claret.cat\/es\/wp-json\/wp\/v2\/product_brand?post=1085541"},{"taxonomy":"product_cat","embeddable":true,"href":"https:\/\/www.claret.cat\/es\/wp-json\/wp\/v2\/product_cat?post=1085541"},{"taxonomy":"product_tag","embeddable":true,"href":"https:\/\/www.claret.cat\/es\/wp-json\/wp\/v2\/product_tag?post=1085541"}],"curies":[{"name":"wp","href":"https:\/\/api.w.org\/{rel}","templated":true}]}}