{"id":1085544,"date":"2026-02-23T12:53:02","date_gmt":"2026-02-23T11:53:02","guid":{"rendered":"https:\/\/www.claret.cat\/llibre\/el-nombre-de-la-rosa-la-novela-grafica-2-9788426425713\/"},"modified":"2026-02-23T13:31:35","modified_gmt":"2026-02-23T12:31:35","slug":"el-nombre-de-la-rosa-la-novela-grafica-2-9788426425713","status":"publish","type":"product","link":"https:\/\/www.claret.cat\/es\/libro\/el-nombre-de-la-rosa-la-novela-grafica-2-9788426425713\/","title":{"rendered":"EL NOMBRE DE LA ROSA (LA NOVELA GR\u00c1FICA) 2"},"content":{"rendered":"<p>LA ESPERADA CONTINUACI\u00d3N DE EL NOMBRE DE LA ROSA, DE ECO Y MANARA DOS GENIOS UNIDOS EN \u00abUNA OBRA CUMBRE DE LA NARRATIVA GR\u00c1FICA [&#8230;], LLAMADA A CONVERTIRSE EN UN CL\u00c1SICO DEL NOVENO ARTE\u00bb. (Corriere di Bologna)<br \/> \u00abUn trabajo bello, sabio y sugerente. [&#8230;] Manara ilumina la novela de Umberto Eco con su dibujo [que] permite mostrar zonas que antes permanec\u00edan a oscuras\u00bb.<br \/>Jordi Canyiss\u00e0, La Vanguardia Mientras la abad\u00eda se sume en la confusi\u00f3n y el miedo crece entre sus muros, el fraile Guillermo de Baskerville aviva su enconada b\u00fasqueda de la verdad. Cada nuevo indicio lo acerca al coraz\u00f3n del misterio y a una laber\u00edntica biblioteca que atesora un conocimiento tan rico como peligroso. En el centro de la intriga, el novicio Adso de Melk tendr\u00e1 que hacer frente a la duda, el deseo y la violencia en un viaje inici\u00e1tico que marcar\u00e1 su destino para siempre. <br \/>Con su trazo inconfundible, Milo Manara culmina esta deslumbrante adaptaci\u00f3n de la obra maestra de Umberto Eco: un thriller sobre el poder, la herej\u00eda y el amor por los libros que ha fascinado a millones de lectores en todo el mundo.La cr\u00edtica ha dicho: \u00abCuando un maestro del dibujo se encuentra con un maestro de la palabra solo hay un resultado posible: sublime\u00bb.<br \/>Luca Valtorta, Robinson (La Repubblica)<\/p>\n<p>\u00abTodo su indiscutible talento est\u00e1 al servicio de reflejar el agreste paisaje monta\u00f1oso, las muchas dependencias de la abad\u00eda y los caracteres f\u00edsicos y psicol\u00f3gicos de los cultos, convulsos, lujuriosos, criminales y seg\u00fan, o todo a la vez enfrentados monjes. [&#8230;] Es le\u00edda con fruici\u00f3n\u00bb.<br \/>Manuel Hidalgo, El Cultural<\/p>\n<p>\u00abUn trabajo bello, sabio y sugerente. [&#8230;] Manara ilumina la novela de Umberto Eco con su dibujo [que] permite mostrar zonas que antes permanec\u00edan a oscuras\u00bb.<br \/>Jordi Canyiss\u00e0, La Vanguardia<\/p>\n<p>\u00abSi algo ha hecho este historietista italiano [&#8230;] es crear belleza. [&#8230;] Manara demuestra con sus vi\u00f1etas que hab\u00eda luz en el oscuroambiente de esa abad\u00eda\u00bb.<br \/>Pilar Mart\u00edn, EFE<\/p>\n<p>\u00abEl gran Manara adapta [&#8230;] el complejo y fascinante argumento de su compatriota, que encuentra la calidad que se merece en sus vi\u00f1etas, capaces de plasmar la grandeza tenebrosa de laabad\u00eda medieval\u00bb.<br \/>Yexus, El Diario Monta\u00f1\u00e9s<\/p>\n<p>\u00abUna leyenda viva del c\u00f3mic\u00bb.<br \/>Justo Barranco, La Vanguardia<\/p>\n<p>\u00abUna extraordinaria y fastuosa adaptaci\u00f3n gr\u00e1fica de la famosa novela. Como la de Eco, la Edad Media de Manara no es el reino de las tinieblas, sino una \u00e9poca por descubrir, dotada de una asombrosa y visionaria imaginaci\u00f3n en la que el lector puede felizmente perderse\u00bb.<br \/>Alberto Ballerino, Il Piccolo<\/p>\n<p>\u00abUna obra cumbre de la narrativa gr\u00e1fica: un trabajo de estilo y estil\u00edstica meticuloso, esmerado y amoroso [&#8230;], llamado a convertirse en un cl\u00e1sico del Noveno Arte\u00bb.<br \/>Francesco Verni, Corriere di Bologna<br \/> Sobre El nombre de la rosa:<\/p>\n<p>\u00abEl thriller hist\u00f3rico m\u00e1s influyente de la historia de la literatura\u00bb.<br \/>Carlos Joric, La Vanguardia<\/p>\n<p>\u00abAqu\u00ed hay misterios turbadores, personajes v\u00edvidos, un retrato logrado de una \u00e9poca fascinante, humor sutil, sucesos inesperados y una prosa \u00e1gil que puede adaptarse a los registros de la fe, la duda, el horror, el \u00e9xtasis amoroso y la desolaci\u00f3n\u00bb.<br \/>David Lodge<\/p>\n","protected":false},"excerpt":{"rendered":"<p>UMBERTO ECO<\/p>\n","protected":false},"featured_media":1085545,"template":"","meta":{"_acf_changed":false,"om_disable_all_campaigns":false,"rs_blank_template":"","rs_page_bg_color":"","slide_template_v7":"","inline_featured_image":false,"_monsterinsights_skip_tracking":false,"_monsterinsights_sitenote_active":false,"_monsterinsights_sitenote_note":"","_monsterinsights_sitenote_category":0},"product_brand":[],"product_cat":[108,558],"product_tag":[],"class_list":{"0":"post-1085544","1":"product","2":"type-product","3":"status-publish","4":"has-post-thumbnail","6":"product_cat-comic","7":"product_cat-comic-3_infantil-juvenil-spa-spa","9":"first","10":"instock","11":"taxable","12":"shipping-taxable","13":"purchasable","14":"product-type-simple"},"acf":{"autor":"UMBERTO ECO","codart":"842642571","libros-coleccion":"LUMEN GR\u00c1FICA","ediciones":"1","encuadernacion":"Carton\u00e9","fecha_de_publicacion":"01\/02\/2026","novedad":"1","paginas":"66","subtitulo":"VOLUMEN 2 (DE 2)","orden":"0","portada":"0","idioma":"spa","booktrailer":"","resenas":"","editorial":[{"ID":6296,"post_author":"3","post_date":"2022-07-28 17:49:09","post_date_gmt":"2022-07-28 15:49:09","post_content":"","post_title":"LUMEN","post_excerpt":"","post_status":"publish","comment_status":"closed","ping_status":"closed","post_password":"","post_name":"lumen","to_ping":"","pinged":"","post_modified":"2022-07-28 17:49:09","post_modified_gmt":"2022-07-28 15:49:09","post_content_filtered":"","post_parent":0,"guid":"http:\/\/dev.claret.cat\/editorial\/lumen\/","menu_order":0,"post_type":"editorial","post_mime_type":"","comment_count":"0","filter":"raw"}]},"aioseo_notices":[],"_links":{"self":[{"href":"https:\/\/www.claret.cat\/es\/wp-json\/wp\/v2\/product\/1085544","targetHints":{"allow":["GET"]}}],"collection":[{"href":"https:\/\/www.claret.cat\/es\/wp-json\/wp\/v2\/product"}],"about":[{"href":"https:\/\/www.claret.cat\/es\/wp-json\/wp\/v2\/types\/product"}],"wp:featuredmedia":[{"embeddable":true,"href":"https:\/\/www.claret.cat\/es\/wp-json\/wp\/v2\/media\/1085545"}],"wp:attachment":[{"href":"https:\/\/www.claret.cat\/es\/wp-json\/wp\/v2\/media?parent=1085544"}],"wp:term":[{"taxonomy":"product_brand","embeddable":true,"href":"https:\/\/www.claret.cat\/es\/wp-json\/wp\/v2\/product_brand?post=1085544"},{"taxonomy":"product_cat","embeddable":true,"href":"https:\/\/www.claret.cat\/es\/wp-json\/wp\/v2\/product_cat?post=1085544"},{"taxonomy":"product_tag","embeddable":true,"href":"https:\/\/www.claret.cat\/es\/wp-json\/wp\/v2\/product_tag?post=1085544"}],"curies":[{"name":"wp","href":"https:\/\/api.w.org\/{rel}","templated":true}]}}