{"id":1085550,"date":"2026-02-23T12:55:02","date_gmt":"2026-02-23T11:55:02","guid":{"rendered":"https:\/\/www.claret.cat\/llibre\/jardi-9780241797501\/"},"modified":"2026-02-23T13:30:33","modified_gmt":"2026-02-23T12:30:33","slug":"jardi-9780241797501","status":"publish","type":"product","link":"https:\/\/www.claret.cat\/es\/libro\/jardi-9780241797501\/","title":{"rendered":"JARD\u00cd"},"content":{"rendered":"<p>Descobreix els poders extraordinaris de les plantes que ens envolten  Les plantes s\u00f3n font de bellesa, de companyia, de sabors i, en definitiva, de vida. Per\u00f2 tamb\u00e9 s\u00f3n aut\u00e8ntiques hero\u00efnes! Endinsa\u2019t en aquest llibre i descobrir\u00e0s els extraordinaris poders de 15 esp\u00e8cies de plantes i fongs que podem trobar a qualsevol jard\u00ed, a m\u00e9s de les seves hist\u00f2ries fascinants. Sabies que els enciams van ser les primeres verdures que es van cultivar a l\u2019espai exterior? O que originalment les pastanagues no eren de color taronja? O que les orqu\u00eddies ja existien abans que els continents se separessin? Despr\u00e9s, podr\u00e0s seguir instruccions pas a pas per plantar-les i ajudar-les a cr\u00e9ixer, ja sigui al jard\u00ed de casa, en un balc\u00f3 assolellat, o a l\u2019ampit d\u2019una finestra. Escrit per l\u2019horticultor Riz Reyes i completament il\u00b7lustrat per Sara Bocaccini Meadows, Jard\u00ed \u00e9s una introducci\u00f3 perfecta a l\u2019horticultura per aprendre a cultivar en fam\u00edlia.<\/p>\n","protected":false},"excerpt":{"rendered":"<p>RIZ REYES<\/p>\n","protected":false},"featured_media":1085551,"template":"","meta":{"_acf_changed":false,"om_disable_all_campaigns":false,"rs_blank_template":"","rs_page_bg_color":"","slide_template_v7":"","inline_featured_image":false,"_monsterinsights_skip_tracking":false,"_monsterinsights_sitenote_active":false,"_monsterinsights_sitenote_note":"","_monsterinsights_sitenote_category":0},"product_brand":[],"product_cat":[131,361],"product_tag":[],"class_list":{"0":"post-1085550","1":"product","2":"type-product","3":"status-publish","4":"has-post-thumbnail","6":"product_cat-contes-per-infants-0-6-anys","7":"product_cat-cuentos-para-ninos-0-6-anos","9":"first","10":"instock","11":"taxable","12":"shipping-taxable","13":"purchasable","14":"product-type-simple"},"acf":{"autor":"RIZ REYES","codart":"024179750","libros-coleccion":"FORA DE COL.LECCI\u00d3","ediciones":"1","encuadernacion":"Carton\u00e9","fecha_de_publicacion":"01\/02\/2026","novedad":"1","paginas":"45","subtitulo":"EL FASCINANT M\u00d3N DE LES PLANTES I HORTALISSES","orden":"0","portada":"0","idioma":"cat","booktrailer":"","resenas":"","editorial":[{"ID":6186,"post_author":"3","post_date":"2022-07-28 17:46:45","post_date_gmt":"2022-07-28 15:46:45","post_content":"","post_title":"DK","post_excerpt":"","post_status":"publish","comment_status":"closed","ping_status":"closed","post_password":"","post_name":"dk","to_ping":"","pinged":"","post_modified":"2022-07-28 17:46:45","post_modified_gmt":"2022-07-28 15:46:45","post_content_filtered":"","post_parent":0,"guid":"http:\/\/dev.claret.cat\/editorial\/dk\/","menu_order":0,"post_type":"editorial","post_mime_type":"","comment_count":"0","filter":"raw"}]},"aioseo_notices":[],"_links":{"self":[{"href":"https:\/\/www.claret.cat\/es\/wp-json\/wp\/v2\/product\/1085550","targetHints":{"allow":["GET"]}}],"collection":[{"href":"https:\/\/www.claret.cat\/es\/wp-json\/wp\/v2\/product"}],"about":[{"href":"https:\/\/www.claret.cat\/es\/wp-json\/wp\/v2\/types\/product"}],"wp:featuredmedia":[{"embeddable":true,"href":"https:\/\/www.claret.cat\/es\/wp-json\/wp\/v2\/media\/1085551"}],"wp:attachment":[{"href":"https:\/\/www.claret.cat\/es\/wp-json\/wp\/v2\/media?parent=1085550"}],"wp:term":[{"taxonomy":"product_brand","embeddable":true,"href":"https:\/\/www.claret.cat\/es\/wp-json\/wp\/v2\/product_brand?post=1085550"},{"taxonomy":"product_cat","embeddable":true,"href":"https:\/\/www.claret.cat\/es\/wp-json\/wp\/v2\/product_cat?post=1085550"},{"taxonomy":"product_tag","embeddable":true,"href":"https:\/\/www.claret.cat\/es\/wp-json\/wp\/v2\/product_tag?post=1085550"}],"curies":[{"name":"wp","href":"https:\/\/api.w.org\/{rel}","templated":true}]}}